{"id":842000,"date":"2026-05-12T21:32:23","date_gmt":"2026-05-12T19:32:23","guid":{"rendered":"https:\/\/lucacastelli.com\/prodotto\/helly-hansen-alna-2-0-salopette-dhiver-rembourree-haute-visibilite-classe-1\/"},"modified":"2026-05-12T21:32:23","modified_gmt":"2026-05-12T19:32:23","slug":"helly-hansen-alna-2-0-salopette-dhiver-rembourree-haute-visibilite-classe-1","status":"publish","type":"product","link":"https:\/\/lucacastelli.com\/fr\/produit\/helly-hansen-alna-2-0-salopette-dhiver-rembourree-haute-visibilite-classe-1\/","title":{"rendered":"HELLY HANSEN Alna 2.0 Salopette d\u2019hiver rembourr\u00e9e haute visibilit\u00e9 Classe 1"},"content":{"rendered":"<p>Le pantalon d\u2019hiver Alna 2.0 Classe 1 offre une coupe parfaite, des solutions de poches innovantes et des \u00e9l\u00e9ments r\u00e9fl\u00e9chissants par transfert thermique pour assurer confort et visibilit\u00e9 lors de vos activit\u00e9s professionnelles durant les journ\u00e9es d\u2019hiver froides et sombres.<\/p>\n<p>&nbsp;<\/p>\n<p>Composition des fibres :<\/p>\n<div class=\"richtext_wrapper__Niu8c blocks_root__vE_15\">\n<p>Tissu principal : 100 % polyester &#8211; 215 g\/m\u00b2<br \/>\nTissu secondaire : 100 % polyamide &#8211; 235 g\/m\u00b2<br \/>\nDoublure : 100 % polyamide<br \/>\nRembourrage : 100 % polyester recycl\u00e9<\/p>\n<\/div>\n<div class=\"richtext_wrapper__Niu8c blocks_root__vE_15\"><\/div>\n<div><\/div>\n<div>\n<ul>\n<li>\n<p class=\"body_default__RaVMl body_style--basic__YZ4a6\">EN ISO 20471:2013 : 1<\/p>\n<\/li>\n<li>\n<p class=\"body_default__RaVMl body_style--basic__YZ4a6\">EN ISO 20471:2013 : Max 20 lavages<\/p>\n<\/li>\n<li>\n<p class=\"body_default__RaVMl body_style--basic__YZ4a6\">EN 343:2019 : 3, 1, X<\/p>\n<\/li>\n<li>\n<p class=\"body_default__RaVMl body_style--basic__YZ4a6\">EN 342:2017 : Icler 0,324 m\u00b2k\/W (B), 3, WP : combin\u00e9 avec 71392, 71393<\/p>\n<\/li>\n<li>\n<p class=\"body_default__RaVMl body_style--basic__YZ4a6\">HELLY TECH\u00ae PROFESSIONAL<\/p>\n<\/li>\n<li>\n<p class=\"body_default__RaVMl body_style--basic__YZ4a6\">PrimaLoft\u00ae BLACK<\/p>\n<\/li>\n<li>\n<p class=\"body_default__RaVMl body_style--basic__YZ4a6\">Fermeture \u00e0 glissi\u00e8re YKK<\/p>\n<\/li>\n<li>\n<p class=\"body_default__RaVMl body_style--basic__YZ4a6\">Couture avec des fils AMANN<\/p>\n<\/li>\n<li>\n<p class=\"body_default__RaVMl body_style--basic__YZ4a6\">Coutures enti\u00e8rement \u00e9tanch\u00e9es<\/p>\n<\/li>\n<li>\n<p class=\"body_default__RaVMl body_style--basic__YZ4a6\">Bretelles \u00e9lastiques amovibles<\/p>\n<\/li>\n<li>\n<p class=\"body_default__RaVMl body_style--basic__YZ4a6\">Large passant arri\u00e8re au centre pour une stabilit\u00e9 et une r\u00e9sistance optimales<\/p>\n<\/li>\n<li>\n<p class=\"body_default__RaVMl body_style--basic__YZ4a6\">Poche sur la jambe avec fermeture auto-agrippante<\/p>\n<\/li>\n<li>\n<p class=\"body_default__RaVMl body_style--basic__YZ4a6\">Poche m\u00e8tre<\/p>\n<\/li>\n<li>\n<p class=\"body_default__RaVMl body_style--basic__YZ4a6\">Fermeture \u00e9clair pour bottes jusqu\u2019au genou avec rabat anti-temp\u00eate et fermeture auto-agrippante<\/p>\n<\/li>\n<li>\n<p class=\"body_default__RaVMl body_style--basic__YZ4a6\">La position des genouill\u00e8res peut \u00eatre ajust\u00e9e de 5 cm pour une mobilit\u00e9 optimale<\/p>\n<\/li>\n<li>\n<p class=\"body_default__RaVMl body_style--basic__YZ4a6\">Gu\u00eatres pour bottes avec crochet<\/p>\n<\/li>\n<li>\n<p class=\"body_default__RaVMl body_style--basic__YZ4a6\">Possibilit\u00e9 d\u2019allonger la jambe de 5 cm<\/p>\n<\/li>\n<li>\n<p class=\"body_default__RaVMl body_style--basic__YZ4a6\">D\u00e9tails r\u00e9fl\u00e9chissants<\/p>\n<\/li>\n<\/ul>\n<\/div>\n","protected":false},"excerpt":{"rendered":"<p>Le pantalon d\u2019hiver Alna 2.0 Classe 1 offre une coupe parfaite, des solutions de poches innovantes et des \u00e9l\u00e9ments r\u00e9fl\u00e9chissants<\/p>\n","protected":false},"featured_media":841992,"template":"","meta":{"_seopress_robots_primary_cat":"","_seopress_titles_title":"","_seopress_titles_desc":"","_seopress_robots_index":""},"product_brand":[4685],"product_cat":[81,1381],"product_tag":[],"class_list":{"0":"post-842000","1":"product","2":"type-product","3":"status-publish","4":"has-post-thumbnail","6":"product_brand-helly-hansen-workwear-fr","7":"product_cat-vetements","8":"product_cat-vetements-de-travail","9":"sws-gruppo-abb-libero-fr","10":"sws-conto-ricavi-merci-rivendita-abbigliamento-fr","11":"sws-gruppo-iva-iva81-fr","13":"first","14":"instock","15":"sale","16":"shipping-taxable","17":"purchasable","18":"product-type-variable","19":"has-default-attributes"},"_links":{"self":[{"href":"https:\/\/lucacastelli.com\/fr\/wp-json\/wp\/v2\/product\/842000","targetHints":{"allow":["GET"]}}],"collection":[{"href":"https:\/\/lucacastelli.com\/fr\/wp-json\/wp\/v2\/product"}],"about":[{"href":"https:\/\/lucacastelli.com\/fr\/wp-json\/wp\/v2\/types\/product"}],"wp:featuredmedia":[{"embeddable":true,"href":"https:\/\/lucacastelli.com\/fr\/wp-json\/wp\/v2\/media\/841992"}],"wp:attachment":[{"href":"https:\/\/lucacastelli.com\/fr\/wp-json\/wp\/v2\/media?parent=842000"}],"wp:term":[{"taxonomy":"product_brand","embeddable":true,"href":"https:\/\/lucacastelli.com\/fr\/wp-json\/wp\/v2\/product_brand?post=842000"},{"taxonomy":"product_cat","embeddable":true,"href":"https:\/\/lucacastelli.com\/fr\/wp-json\/wp\/v2\/product_cat?post=842000"},{"taxonomy":"product_tag","embeddable":true,"href":"https:\/\/lucacastelli.com\/fr\/wp-json\/wp\/v2\/product_tag?post=842000"}],"curies":[{"name":"wp","href":"https:\/\/api.w.org\/{rel}","templated":true}]}}