{"id":841966,"date":"2026-05-12T21:14:07","date_gmt":"2026-05-12T19:14:07","guid":{"rendered":"https:\/\/lucacastelli.com\/?post_type=product&#038;p=841966"},"modified":"2026-05-12T21:35:41","modified_gmt":"2026-05-12T19:35:41","slug":"traverses-en-chene-naturel-section-10x20-cm-copia","status":"publish","type":"product","link":"https:\/\/lucacastelli.com\/fr\/produit\/traverses-en-chene-naturel-section-10x20-cm-copia\/","title":{"rendered":"TRAVERSES EN CH\u00caNE NATUREL SECTION 15&#215;26 cm (Qualit\u00e9 1A)"},"content":{"rendered":"<p><span class=\"text_a1\">Nouvelles traverses de chemin de fer en ch\u00eane, non trait\u00e9es, pour un usage multiple. Compte tenu de leur poids important, la pose est simple et n\u00e9cessite peu de travail.  Elles sont les meilleures alli\u00e9es du jardinier. Il est \u00e9galement possible de les utiliser \u00e0 l\u2019int\u00e9rieur, par exemple pour une table \u00e0 manger ou d\u2019autres meubles rustiques. <\/span><\/p>\n<p>&nbsp;<\/p>\n<p><span class=\"text_a1\">Elles peuvent aussi \u00eatre utilis\u00e9es pour :<\/span><\/p>\n<ul>\n<li><span class=\"text_a1\">Parterres sur\u00e9lev\u00e9s remplis de terre et de plantes&#8230;<\/span><\/li>\n<li><span class=\"text_a1\">Marches, aires de jeux, bacs \u00e0 sable, murs antibruit, parkings, carri\u00e8res de dressage&#8230;<\/span><\/li>\n<li><span class=\"text_a1\">Un passage entier pav\u00e9 de traverses en ch\u00eane au lieu de dalles de pierre, de gravier ou d\u2019asphalte&#8230;<\/span><\/li>\n<li><span class=\"text_a1\">Bancs de jardin, d\u00e9limitations d\u2019espaces de repos, si\u00e8ges et tables&#8230;<\/span><\/li>\n<li><span class=\"text_a1\">Cl\u00f4ture robuste. Comme alternative \u00e0 un muret de briques dans le jardin. Poteaux de cl\u00f4ture et de barri\u00e8re, piquets pour portail&#8230;  <\/span><\/li>\n<li><span class=\"text_a1\">Elles conviennent pour le mobilier (ex. tables, bancs&#8230;), les linteaux, les murs de sout\u00e8nement et d\u2019autres projets d\u2019am\u00e9nagement paysager&#8230;<\/span><\/li>\n<li><span class=\"text_a1\">Pergolas, terrasses&#8230;<\/span><\/li>\n<li><span class=\"text_a1\">Portails et grilles d\u2019entr\u00e9e&#8230;<\/span><\/li>\n<\/ul>\n<p>&nbsp;<\/p>\n<p><span class=\"text_a1\">Nos services suppl\u00e9mentaires :<\/span><\/p>\n<ul>\n<li><span class=\"text_a1\">Chargement gratuit de vos traverses<\/span><\/li>\n<li><span class=\"text_a1\">Coupes et per\u00e7ages sur demande<\/span><\/li>\n<\/ul>\n<p>&nbsp;<\/p>\n<p><span class=\"text_a1\">Les nouvelles traverses en ch\u00eane sont tr\u00e8s appr\u00e9ci\u00e9es et tr\u00e8s r\u00e9sistantes, m\u00eame sans traitement.<\/span><\/p>\n<p><span class=\"text_a1\">Nos traverses en ch\u00eane vous offrent des solutions cr\u00e9atives pour personnaliser vos jardins et leur donner une touche unique.<\/span><\/p>\n<p>&nbsp;<\/p>\n<p>Poids unitaire environ 95 kg.<\/p>\n","protected":false},"excerpt":{"rendered":"<p>Nouvelles traverses de chemin de fer en ch\u00eane, non trait\u00e9es, pour un usage multiple. Compte tenu de leur poids important,<\/p>\n","protected":false},"featured_media":405572,"template":"","meta":{"_seopress_robots_primary_cat":"none","_seopress_titles_title":"","_seopress_titles_desc":"","_seopress_robots_index":""},"product_brand":[3652],"product_cat":[1832,1855],"product_tag":[],"class_list":{"0":"post-841966","1":"product","2":"type-product","3":"status-publish","4":"has-post-thumbnail","6":"product_brand-luca-castelli-legnami-fr","7":"product_cat-bois-granit","8":"product_cat-traversine-fr","9":"sws-gruppo-no-gruppo-fr","10":"sws-conto-ricavi-merci-rivendita-legname-fr","11":"sws-gruppo-iva-iva81-fr","13":"first","14":"instock","15":"shipping-taxable","16":"purchasable","17":"product-type-variable"},"_links":{"self":[{"href":"https:\/\/lucacastelli.com\/fr\/wp-json\/wp\/v2\/product\/841966","targetHints":{"allow":["GET"]}}],"collection":[{"href":"https:\/\/lucacastelli.com\/fr\/wp-json\/wp\/v2\/product"}],"about":[{"href":"https:\/\/lucacastelli.com\/fr\/wp-json\/wp\/v2\/types\/product"}],"wp:featuredmedia":[{"embeddable":true,"href":"https:\/\/lucacastelli.com\/fr\/wp-json\/wp\/v2\/media\/405572"}],"wp:attachment":[{"href":"https:\/\/lucacastelli.com\/fr\/wp-json\/wp\/v2\/media?parent=841966"}],"wp:term":[{"taxonomy":"product_brand","embeddable":true,"href":"https:\/\/lucacastelli.com\/fr\/wp-json\/wp\/v2\/product_brand?post=841966"},{"taxonomy":"product_cat","embeddable":true,"href":"https:\/\/lucacastelli.com\/fr\/wp-json\/wp\/v2\/product_cat?post=841966"},{"taxonomy":"product_tag","embeddable":true,"href":"https:\/\/lucacastelli.com\/fr\/wp-json\/wp\/v2\/product_tag?post=841966"}],"curies":[{"name":"wp","href":"https:\/\/api.w.org\/{rel}","templated":true}]}}