{"id":841873,"date":"2026-05-10T20:56:48","date_gmt":"2026-05-10T18:56:48","guid":{"rendered":"https:\/\/lucacastelli.com\/prodotto\/ortovox-120-cool-tec-mtn-sun-ts-2\/"},"modified":"2026-05-10T20:56:48","modified_gmt":"2026-05-10T18:56:48","slug":"ortovox-120-cool-tec-mtn-sun-ts-2","status":"publish","type":"product","link":"https:\/\/lucacastelli.com\/fr\/produit\/ortovox-120-cool-tec-mtn-sun-ts-2\/","title":{"rendered":"ORTOVOX 120 COOL TEC MTN SUN TS"},"content":{"rendered":"<p>FRA\u00ceCHES ET L\u00c9G\u00c8RES, POUR UNE PEAU TOUJOURS AU SEC.<br \/>\nT-shirt l\u00e9ger \u00e0 s\u00e9chage rapide avec laine m\u00e9rinos<\/p>\n<p>Points forts<br \/>\nL\u00e9ger et \u00e0 s\u00e9chage rapide<br \/>\nR\u00e9gulation optimale de la temp\u00e9rature gr\u00e2ce \u00e0 la laine m\u00e9rinos<br \/>\nFibres TENCEL\u2122 Lyocell : sensation de fra\u00eecheur naturelle gr\u00e2ce \u00e0 la r\u00e9gulation de l\u2019humidit\u00e9<br \/>\nCon\u00e7us pour vous accompagner dans vos aventures les plus exigeantes en haute altitude, les t-shirts l\u00e9gers de la ligne 120 COOL TEC sont parfaits pour les journ\u00e9es chaudes en montagne et les activit\u00e9s intenses.<\/p>\n<p>La laine m\u00e9rinos douce est naturellement thermor\u00e9gulatrice, tandis que les fibres de cellulose TENCEL\u2122 Lyocell absorbent efficacement la transpiration, r\u00e9duisant l\u2019humidit\u00e9 et les odeurs. Encore plus robustes gr\u00e2ce \u00e0 la technologie Corespun, un processus de fabrication o\u00f9 les fibres de laine m\u00e9rinos et de TENCEL\u2122 sont tiss\u00e9es autour d\u2019un noyau de filaments en polyamide. Le r\u00e9sultat est un fil pr\u00e9sentant des fibres naturelles douces \u00e0 l\u2019ext\u00e9rieur, dot\u00e9 d\u2019un noyau r\u00e9sistant qui aide \u00e0 maintenir la forme au fil du temps.  <\/p>\n<p>&nbsp;<\/p>\n<p>52&nbsp;% laine vierge (M\u00c9RINOS) + 33&nbsp;% Lyocell (TENCEL\u2122) + 15&nbsp;% polyamide<br \/>\nL\u00e9ger et \u00e0 s\u00e9chage rapide, technologie de filage Corespun by S\u00fcdwolle Group&nbsp;: pour une plus grande stabilit\u00e9, fibre TENCEL\u2122 Lyocell&nbsp;: sensation naturelle de sec gr\u00e2ce \u00e0 la r\u00e9gulation de l\u2019humidit\u00e9, laine m\u00e9rinos&nbsp;: r\u00e9gulation de la temp\u00e9rature et de l\u2019humidit\u00e9<\/p>\n","protected":false},"excerpt":{"rendered":"<p>FRA\u00ceCHES ET L\u00c9G\u00c8RES, POUR UNE PEAU TOUJOURS AU SEC. T-shirt l\u00e9ger \u00e0 s\u00e9chage rapide avec laine m\u00e9rinos Points forts L\u00e9ger<\/p>\n","protected":false},"featured_media":841833,"template":"","meta":{"_seopress_robots_primary_cat":"","_seopress_titles_title":"","_seopress_titles_desc":"","_seopress_robots_index":""},"product_brand":[3664],"product_cat":[81,981,1387],"product_tag":[],"class_list":{"0":"post-841873","1":"product","2":"type-product","3":"status-publish","4":"has-post-thumbnail","6":"product_brand-ortovox-fr","7":"product_cat-vetements","8":"product_cat-vetements-de-loisirs","9":"product_cat-vetements-pour-femmes","10":"sws-gruppo-abb-libero-fr","11":"sws-conto-ricavi-merci-rivendita-abbigliamento-fr","12":"sws-gruppo-iva-iva81-fr","14":"first","15":"instock","16":"shipping-taxable","17":"purchasable","18":"product-type-variable","19":"has-default-attributes"},"_links":{"self":[{"href":"https:\/\/lucacastelli.com\/fr\/wp-json\/wp\/v2\/product\/841873","targetHints":{"allow":["GET"]}}],"collection":[{"href":"https:\/\/lucacastelli.com\/fr\/wp-json\/wp\/v2\/product"}],"about":[{"href":"https:\/\/lucacastelli.com\/fr\/wp-json\/wp\/v2\/types\/product"}],"wp:featuredmedia":[{"embeddable":true,"href":"https:\/\/lucacastelli.com\/fr\/wp-json\/wp\/v2\/media\/841833"}],"wp:attachment":[{"href":"https:\/\/lucacastelli.com\/fr\/wp-json\/wp\/v2\/media?parent=841873"}],"wp:term":[{"taxonomy":"product_brand","embeddable":true,"href":"https:\/\/lucacastelli.com\/fr\/wp-json\/wp\/v2\/product_brand?post=841873"},{"taxonomy":"product_cat","embeddable":true,"href":"https:\/\/lucacastelli.com\/fr\/wp-json\/wp\/v2\/product_cat?post=841873"},{"taxonomy":"product_tag","embeddable":true,"href":"https:\/\/lucacastelli.com\/fr\/wp-json\/wp\/v2\/product_tag?post=841873"}],"curies":[{"name":"wp","href":"https:\/\/api.w.org\/{rel}","templated":true}]}}