{"id":840381,"date":"2026-05-08T12:50:16","date_gmt":"2026-05-08T10:50:16","guid":{"rendered":"https:\/\/lucacastelli.com\/prodotto\/abri-panorama-gris-quartz\/"},"modified":"2026-05-08T12:50:16","modified_gmt":"2026-05-08T10:50:16","slug":"abri-panorama-gris-quartz","status":"publish","type":"product","link":"https:\/\/lucacastelli.com\/fr\/produit\/abri-panorama-gris-quartz\/","title":{"rendered":"Abri Panorama gris quartz"},"content":{"rendered":"<p>Abri Panorama gris quartz m\u00e9tallis\u00e9<\/p>\n<p>L&#8217;abri de jardin id\u00e9al pour tout jardin &#8211; Panorama<\/p>\n","protected":false},"excerpt":{"rendered":"<p>Abri Panorama gris quartz m\u00e9tallis\u00e9 L&#8217;abri de jardin id\u00e9al pour tout jardin &#8211; Panorama<\/p>\n","protected":false},"featured_media":840382,"template":"","meta":{"_seopress_robots_primary_cat":"none","_seopress_titles_title":"","_seopress_titles_desc":"","_seopress_robots_index":""},"product_brand":[7428],"product_cat":[7493,7490],"product_tag":[],"class_list":{"0":"post-840381","1":"product","2":"type-product","3":"status-publish","4":"has-post-thumbnail","6":"product_brand-biohort","7":"product_cat-abris-de-jardin","8":"product_cat-lunivers-biohort","9":"sws-gruppo-no-gruppo-fr","10":"sws-categoria-sito-fr","11":"sws-conto-ricavi-merci-rivendita-macchinari-fr","12":"sws-gruppo-iva-iva81-fr","14":"first","15":"instock","16":"sale","17":"shipping-taxable","18":"product-type-variable","19":"has-default-attributes"},"_links":{"self":[{"href":"https:\/\/lucacastelli.com\/fr\/wp-json\/wp\/v2\/product\/840381","targetHints":{"allow":["GET"]}}],"collection":[{"href":"https:\/\/lucacastelli.com\/fr\/wp-json\/wp\/v2\/product"}],"about":[{"href":"https:\/\/lucacastelli.com\/fr\/wp-json\/wp\/v2\/types\/product"}],"wp:featuredmedia":[{"embeddable":true,"href":"https:\/\/lucacastelli.com\/fr\/wp-json\/wp\/v2\/media\/840382"}],"wp:attachment":[{"href":"https:\/\/lucacastelli.com\/fr\/wp-json\/wp\/v2\/media?parent=840381"}],"wp:term":[{"taxonomy":"product_brand","embeddable":true,"href":"https:\/\/lucacastelli.com\/fr\/wp-json\/wp\/v2\/product_brand?post=840381"},{"taxonomy":"product_cat","embeddable":true,"href":"https:\/\/lucacastelli.com\/fr\/wp-json\/wp\/v2\/product_cat?post=840381"},{"taxonomy":"product_tag","embeddable":true,"href":"https:\/\/lucacastelli.com\/fr\/wp-json\/wp\/v2\/product_tag?post=840381"}],"curies":[{"name":"wp","href":"https:\/\/api.w.org\/{rel}","templated":true}]}}