{"id":839703,"date":"2026-05-08T12:53:48","date_gmt":"2026-05-08T10:53:48","guid":{"rendered":"https:\/\/lucacastelli.com\/prodotto\/abri-de-jardin-neo\/"},"modified":"2026-05-08T12:53:48","modified_gmt":"2026-05-08T10:53:48","slug":"abri-de-jardin-neo","status":"publish","type":"product","link":"https:\/\/lucacastelli.com\/fr\/produit\/abri-de-jardin-neo\/","title":{"rendered":"Abri de jardin Neo"},"content":{"rendered":"<p>Abri de jardin Neo gris quartz m\u00e9tallis\u00e9<\/p>\n<p>Mat\u00e9riau : acier<br \/>\nCouleur : gris quartz m\u00e9t.<\/p>\n","protected":false},"excerpt":{"rendered":"<p>Abri de jardin Neo gris quartz m\u00e9tallis\u00e9 Mat\u00e9riau : acier Couleur : gris quartz m\u00e9t.<\/p>\n","protected":false},"featured_media":839704,"template":"","meta":{"_seopress_robots_primary_cat":"none","_seopress_titles_title":"","_seopress_titles_desc":"","_seopress_robots_index":""},"product_brand":[7428],"product_cat":[7493,7490],"product_tag":[],"class_list":{"0":"post-839703","1":"product","2":"type-product","3":"status-publish","4":"has-post-thumbnail","6":"product_brand-biohort","7":"product_cat-abris-de-jardin","8":"product_cat-lunivers-biohort","9":"sws-gruppo-no-gruppo-fr","10":"sws-conto-ricavi-merci-rivendita-macchinari-fr","11":"sws-gruppo-iva-iva81-fr","13":"first","14":"instock","15":"sale","16":"shipping-taxable","17":"product-type-variable","18":"has-default-attributes"},"_links":{"self":[{"href":"https:\/\/lucacastelli.com\/fr\/wp-json\/wp\/v2\/product\/839703","targetHints":{"allow":["GET"]}}],"collection":[{"href":"https:\/\/lucacastelli.com\/fr\/wp-json\/wp\/v2\/product"}],"about":[{"href":"https:\/\/lucacastelli.com\/fr\/wp-json\/wp\/v2\/types\/product"}],"wp:featuredmedia":[{"embeddable":true,"href":"https:\/\/lucacastelli.com\/fr\/wp-json\/wp\/v2\/media\/839704"}],"wp:attachment":[{"href":"https:\/\/lucacastelli.com\/fr\/wp-json\/wp\/v2\/media?parent=839703"}],"wp:term":[{"taxonomy":"product_brand","embeddable":true,"href":"https:\/\/lucacastelli.com\/fr\/wp-json\/wp\/v2\/product_brand?post=839703"},{"taxonomy":"product_cat","embeddable":true,"href":"https:\/\/lucacastelli.com\/fr\/wp-json\/wp\/v2\/product_cat?post=839703"},{"taxonomy":"product_tag","embeddable":true,"href":"https:\/\/lucacastelli.com\/fr\/wp-json\/wp\/v2\/product_tag?post=839703"}],"curies":[{"name":"wp","href":"https:\/\/api.w.org\/{rel}","templated":true}]}}