{"id":839547,"date":"2026-05-07T09:53:07","date_gmt":"2026-05-07T07:53:07","guid":{"rendered":"https:\/\/lucacastelli.com\/prodotto\/nettoyeur-haute-pression-stihl-re-90-plus\/"},"modified":"2026-05-07T09:53:07","modified_gmt":"2026-05-07T07:53:07","slug":"nettoyeur-haute-pression-stihl-re-90-plus","status":"publish","type":"product","link":"https:\/\/lucacastelli.com\/fr\/produit\/nettoyeur-haute-pression-stihl-re-90-plus\/","title":{"rendered":"Nettoyeur haute pression STIHL RE 90 PLUS"},"content":{"rendered":"<p>Avec des d\u00e9tails soign\u00e9s et un \u00e9quipement de haute qualit\u00e9<br \/>\nNettoyeur haute pression l\u00e9ger et compact avec pompe haute pression en aluminium, buse rotative, buse \u00e0 jet plat r\u00e9glable et kit de pulv\u00e9risation de d\u00e9tergent. Position de stationnement pour poser la lance lors des pauses et rangement s\u00fbr et peu encombrant des accessoires directement sur l\u2019appareil. Raccord rapide pour un branchement facile du flexible haute pression au nettoyeur et au pistolet. Enrouleur de flexible avec guide pour un rangement simple et une manipulation ais\u00e9e, flexible haute pression de 6 m.   <\/p>\n<p>&nbsp;<\/p>\n<p>&nbsp;<\/p>\n<table data-test-id=\"pdp-spec-tech-table\">\n<tbody>\n<tr>\n<td>Tension nominale<\/td>\n<td>220-230 V<\/td>\n<\/tr>\n<tr>\n<td>Nombre de phases<\/td>\n<td>1<\/td>\n<\/tr>\n<tr>\n<td>Puissance absorb\u00e9e<\/td>\n<td>2,10 kW<\/td>\n<\/tr>\n<tr>\n<td>R\u00e9gime<\/td>\n<td>21 000 tr\/min<\/td>\n<\/tr>\n<tr>\n<td>Poids de l\u2019appareil sans c\u00e2ble<\/td>\n<td>9 kg<\/td>\n<\/tr>\n<tr>\n<td>Pression de service<\/td>\n<td>100 bar<\/td>\n<\/tr>\n<tr>\n<td>Pression max.<\/td>\n<td>130 bar<\/td>\n<\/tr>\n<tr>\n<td>D\u00e9bit d\u2019eau min.<\/td>\n<td>350 l\/h<\/td>\n<\/tr>\n<tr>\n<td>D\u00e9bit d\u2019eau max.<\/td>\n<td>440 l\/h<\/td>\n<\/tr>\n<tr>\n<td>Temp\u00e9rature d\u2019eau d\u2019alimentation max.<\/td>\n<td>40 \u00b0C<\/td>\n<\/tr>\n<tr>\n<td>Temp\u00e9rature d\u2019eau d\u2019alimentation max.<\/td>\n<td>104 \u00b0F<\/td>\n<\/tr>\n<tr>\n<td>Fr\u00e9quence<\/td>\n<td>50-60 Hz<\/td>\n<\/tr>\n<tr>\n<td>Longueur du flexible haute pression<\/td>\n<td>6 m<\/td>\n<\/tr>\n<tr>\n<td>Longueur du c\u00e2ble<\/td>\n<td>5 m<\/td>\n<\/tr>\n<tr>\n<td>Niveau de pression acoustique<\/td>\n<td>80 dB(A)<\/td>\n<\/tr>\n<tr>\n<td>Niveau de puissance acoustique<\/td>\n<td>90 dB(A)<\/td>\n<\/tr>\n<tr>\n<td>Valeur K (niveau de pression sonore)<\/td>\n<td>2 dB(A)<\/td>\n<\/tr>\n<tr>\n<td>Valeur K (niveau de puissance acoustique)<\/td>\n<td>2 dB(A)<\/td>\n<\/tr>\n<tr>\n<td>Valeur de vibration \u00e0 gauche<\/td>\n<td>2,5 m\/s\u00b2<\/td>\n<\/tr>\n<tr>\n<td>Valeur de vibration \u00e0 droite<\/td>\n<td>2,5 m\/s\u00b2<\/td>\n<\/tr>\n<\/tbody>\n<\/table>\n","protected":false},"excerpt":{"rendered":"<p>Avec des d\u00e9tails soign\u00e9s et un \u00e9quipement de haute qualit\u00e9 Nettoyeur haute pression l\u00e9ger et compact avec pompe haute pression<\/p>\n","protected":false},"featured_media":839535,"template":"","meta":{"_seopress_robots_primary_cat":"none","_seopress_titles_title":"","_seopress_titles_desc":"","_seopress_robots_index":""},"product_brand":[3555],"product_cat":[1453,167,1513],"product_tag":[],"class_list":{"0":"post-839547","1":"product","2":"type-product","3":"status-publish","4":"has-post-thumbnail","6":"product_brand-stihl-fr","7":"product_cat-autres-appareils","8":"product_cat-machines","9":"product_cat-nettoyeurs-haute-pression","10":"sws-gruppo-macchinari-fr","11":"sws-conto-ricavi-merci-rivendita-macchinari-fr","12":"sws-gruppo-iva-iva81-fr","14":"first","15":"instock","16":"sale","17":"shipping-taxable","18":"purchasable","19":"product-type-simple"},"_links":{"self":[{"href":"https:\/\/lucacastelli.com\/fr\/wp-json\/wp\/v2\/product\/839547","targetHints":{"allow":["GET"]}}],"collection":[{"href":"https:\/\/lucacastelli.com\/fr\/wp-json\/wp\/v2\/product"}],"about":[{"href":"https:\/\/lucacastelli.com\/fr\/wp-json\/wp\/v2\/types\/product"}],"wp:featuredmedia":[{"embeddable":true,"href":"https:\/\/lucacastelli.com\/fr\/wp-json\/wp\/v2\/media\/839535"}],"wp:attachment":[{"href":"https:\/\/lucacastelli.com\/fr\/wp-json\/wp\/v2\/media?parent=839547"}],"wp:term":[{"taxonomy":"product_brand","embeddable":true,"href":"https:\/\/lucacastelli.com\/fr\/wp-json\/wp\/v2\/product_brand?post=839547"},{"taxonomy":"product_cat","embeddable":true,"href":"https:\/\/lucacastelli.com\/fr\/wp-json\/wp\/v2\/product_cat?post=839547"},{"taxonomy":"product_tag","embeddable":true,"href":"https:\/\/lucacastelli.com\/fr\/wp-json\/wp\/v2\/product_tag?post=839547"}],"curies":[{"name":"wp","href":"https:\/\/api.w.org\/{rel}","templated":true}]}}