{"id":839349,"date":"2026-05-04T20:26:51","date_gmt":"2026-05-04T18:26:51","guid":{"rendered":"https:\/\/lucacastelli.com\/prodotto\/bison-sappie-1879-600-g-80-cm\/"},"modified":"2026-05-04T20:26:51","modified_gmt":"2026-05-04T18:26:51","slug":"bison-sappie-1879-600-g-80-cm","status":"publish","type":"product","link":"https:\/\/lucacastelli.com\/fr\/produit\/bison-sappie-1879-600-g-80-cm\/","title":{"rendered":"Bison Sappie 1879 600 g 80 cm"},"content":{"rendered":"<p>Sappie forg\u00e9 \u00e0 la main selon un savoir-faire artisanal ancien, en acier de haute qualit\u00e9. L\u2019outil indispensable et pratique pour lever, tirer, empiler et transformer le bois court. La pointe forg\u00e9e et tremp\u00e9e pr\u00e9sente une forme sp\u00e9ciale offrant une grande stabilit\u00e9. La frappe est facilit\u00e9e, la pointe tient fermement dans le bois et l\u2019aff\u00fbtage sp\u00e9cial \u00e0 facettes permet un retrait ais\u00e9. Tranchant aff\u00fbt\u00e9. Poids de la t\u00eate 600 g, avec manche en hickory verni.     <\/p>\n","protected":false},"excerpt":{"rendered":"<p>Sappie forg\u00e9 \u00e0 la main selon un savoir-faire artisanal ancien, en acier de haute qualit\u00e9. L\u2019outil indispensable et pratique pour<\/p>\n","protected":false},"featured_media":839304,"template":"","meta":{"_seopress_robots_primary_cat":"none","_seopress_titles_title":"","_seopress_titles_desc":"","_seopress_robots_index":""},"product_brand":[7652],"product_cat":[1685,144,1397,1496],"product_tag":[],"class_list":{"0":"post-839349","1":"product","2":"type-product","3":"status-publish","4":"has-post-thumbnail","6":"product_brand-bison-1879","7":"product_cat-outils-et-accessoires-forestiers","8":"product_cat-equipement","9":"product_cat-equipement-de-travail","10":"product_cat-autres-equipements-de-travail","11":"sws-gruppo-macchinari-fr","12":"sws-conto-ricavi-merci-rivendita-macchinari-fr","13":"sws-gruppo-iva-iva81-fr","15":"first","16":"instock","17":"shipping-taxable","18":"purchasable","19":"product-type-simple"},"_links":{"self":[{"href":"https:\/\/lucacastelli.com\/fr\/wp-json\/wp\/v2\/product\/839349","targetHints":{"allow":["GET"]}}],"collection":[{"href":"https:\/\/lucacastelli.com\/fr\/wp-json\/wp\/v2\/product"}],"about":[{"href":"https:\/\/lucacastelli.com\/fr\/wp-json\/wp\/v2\/types\/product"}],"wp:featuredmedia":[{"embeddable":true,"href":"https:\/\/lucacastelli.com\/fr\/wp-json\/wp\/v2\/media\/839304"}],"wp:attachment":[{"href":"https:\/\/lucacastelli.com\/fr\/wp-json\/wp\/v2\/media?parent=839349"}],"wp:term":[{"taxonomy":"product_brand","embeddable":true,"href":"https:\/\/lucacastelli.com\/fr\/wp-json\/wp\/v2\/product_brand?post=839349"},{"taxonomy":"product_cat","embeddable":true,"href":"https:\/\/lucacastelli.com\/fr\/wp-json\/wp\/v2\/product_cat?post=839349"},{"taxonomy":"product_tag","embeddable":true,"href":"https:\/\/lucacastelli.com\/fr\/wp-json\/wp\/v2\/product_tag?post=839349"}],"curies":[{"name":"wp","href":"https:\/\/api.w.org\/{rel}","templated":true}]}}