{"id":839343,"date":"2026-05-04T20:58:53","date_gmt":"2026-05-04T18:58:53","guid":{"rendered":"https:\/\/lucacastelli.com\/prodotto\/husqvarna-ruban-forestier-15-metres\/"},"modified":"2026-05-04T20:58:53","modified_gmt":"2026-05-04T18:58:53","slug":"husqvarna-ruban-forestier-15-metres","status":"publish","type":"product","link":"https:\/\/lucacastelli.com\/fr\/produit\/husqvarna-ruban-forestier-15-metres\/","title":{"rendered":"HUSQVARNA Ruban forestier 15 m\u00e8tres"},"content":{"rendered":"<p>La structure unique conf\u00e8re \u00e0 ce m\u00e8tre ruban une l\u00e9g\u00e8ret\u00e9 et un design attrayant, facilitant le serrage ainsi que le remplacement du ruban et du ressort. Le ruban se d\u00e9tache facilement d\u2019une seule pression, sans vis. Le ruban est marqu\u00e9 des deux c\u00f4t\u00e9s.  <\/p>\n<p>&nbsp;<\/p>\n<p>&nbsp;<\/p>\n","protected":false},"excerpt":{"rendered":"<p>La structure unique conf\u00e8re \u00e0 ce m\u00e8tre ruban une l\u00e9g\u00e8ret\u00e9 et un design attrayant, facilitant le serrage ainsi que le<\/p>\n","protected":false},"featured_media":839317,"template":"","meta":{"_seopress_robots_primary_cat":"none","_seopress_titles_title":"","_seopress_titles_desc":"","_seopress_robots_index":""},"product_brand":[7652],"product_cat":[1685,144,1397,1496],"product_tag":[],"class_list":{"0":"post-839343","1":"product","2":"type-product","3":"status-publish","4":"has-post-thumbnail","6":"product_brand-bison-1879","7":"product_cat-outils-et-accessoires-forestiers","8":"product_cat-equipement","9":"product_cat-equipement-de-travail","10":"product_cat-autres-equipements-de-travail","11":"sws-gruppo-abb-libero-fr","12":"sws-conto-ricavi-merci-rivendita-abbigliamento-fr","13":"sws-gruppo-iva-iva81-fr","15":"first","16":"instock","17":"shipping-taxable","18":"purchasable","19":"product-type-simple"},"_links":{"self":[{"href":"https:\/\/lucacastelli.com\/fr\/wp-json\/wp\/v2\/product\/839343","targetHints":{"allow":["GET"]}}],"collection":[{"href":"https:\/\/lucacastelli.com\/fr\/wp-json\/wp\/v2\/product"}],"about":[{"href":"https:\/\/lucacastelli.com\/fr\/wp-json\/wp\/v2\/types\/product"}],"wp:featuredmedia":[{"embeddable":true,"href":"https:\/\/lucacastelli.com\/fr\/wp-json\/wp\/v2\/media\/839317"}],"wp:attachment":[{"href":"https:\/\/lucacastelli.com\/fr\/wp-json\/wp\/v2\/media?parent=839343"}],"wp:term":[{"taxonomy":"product_brand","embeddable":true,"href":"https:\/\/lucacastelli.com\/fr\/wp-json\/wp\/v2\/product_brand?post=839343"},{"taxonomy":"product_cat","embeddable":true,"href":"https:\/\/lucacastelli.com\/fr\/wp-json\/wp\/v2\/product_cat?post=839343"},{"taxonomy":"product_tag","embeddable":true,"href":"https:\/\/lucacastelli.com\/fr\/wp-json\/wp\/v2\/product_tag?post=839343"}],"curies":[{"name":"wp","href":"https:\/\/api.w.org\/{rel}","templated":true}]}}