{"id":839336,"date":"2026-05-04T20:52:02","date_gmt":"2026-05-04T18:52:02","guid":{"rendered":"https:\/\/lucacastelli.com\/prodotto\/3m-visiere-de-rechange-peltor-5c\/"},"modified":"2026-05-04T20:52:02","modified_gmt":"2026-05-04T18:52:02","slug":"3m-visiere-de-rechange-peltor-5c","status":"publish","type":"product","link":"https:\/\/lucacastelli.com\/fr\/produit\/3m-visiere-de-rechange-peltor-5c\/","title":{"rendered":"3M Visi\u00e8re de rechange Peltor 5C"},"content":{"rendered":"<p>En acier inoxydable avec finition mate. Dimensions des mailles : 1,8 x 2,5 mm. Tr\u00e8s facile \u00e0 monter gr\u00e2ce \u00e0 sa structure innovante. Transparence : 75 %.  <\/p>\n","protected":false},"excerpt":{"rendered":"<p>En acier inoxydable avec finition mate. Dimensions des mailles : 1,8 x 2,5 mm. Tr\u00e8s facile \u00e0 monter gr\u00e2ce \u00e0<\/p>\n","protected":false},"featured_media":839311,"template":"","meta":{"_seopress_robots_primary_cat":"","_seopress_titles_title":"","_seopress_titles_desc":"","_seopress_robots_index":""},"product_brand":[4724],"product_cat":[1405,144,1397],"product_tag":[],"class_list":{"0":"post-839336","1":"product","2":"type-product","3":"status-publish","4":"has-post-thumbnail","6":"product_brand-peltor-3m-fr","7":"product_cat-casques","8":"product_cat-equipement","9":"product_cat-equipement-de-travail","10":"sws-gruppo-abb-libero-fr","11":"sws-conto-ricavi-merci-rivendita-abbigliamento-fr","12":"sws-gruppo-iva-iva81-fr","14":"first","15":"instock","16":"shipping-taxable","17":"purchasable","18":"product-type-simple"},"_links":{"self":[{"href":"https:\/\/lucacastelli.com\/fr\/wp-json\/wp\/v2\/product\/839336","targetHints":{"allow":["GET"]}}],"collection":[{"href":"https:\/\/lucacastelli.com\/fr\/wp-json\/wp\/v2\/product"}],"about":[{"href":"https:\/\/lucacastelli.com\/fr\/wp-json\/wp\/v2\/types\/product"}],"wp:featuredmedia":[{"embeddable":true,"href":"https:\/\/lucacastelli.com\/fr\/wp-json\/wp\/v2\/media\/839311"}],"wp:attachment":[{"href":"https:\/\/lucacastelli.com\/fr\/wp-json\/wp\/v2\/media?parent=839336"}],"wp:term":[{"taxonomy":"product_brand","embeddable":true,"href":"https:\/\/lucacastelli.com\/fr\/wp-json\/wp\/v2\/product_brand?post=839336"},{"taxonomy":"product_cat","embeddable":true,"href":"https:\/\/lucacastelli.com\/fr\/wp-json\/wp\/v2\/product_cat?post=839336"},{"taxonomy":"product_tag","embeddable":true,"href":"https:\/\/lucacastelli.com\/fr\/wp-json\/wp\/v2\/product_tag?post=839336"}],"curies":[{"name":"wp","href":"https:\/\/api.w.org\/{rel}","templated":true}]}}