{"id":839325,"date":"2026-05-04T20:53:50","date_gmt":"2026-05-04T18:53:50","guid":{"rendered":"https:\/\/lucacastelli.com\/prodotto\/3m-support-pour-visiere-peltor-fh1\/"},"modified":"2026-05-04T20:53:50","modified_gmt":"2026-05-04T18:53:50","slug":"3m-support-pour-visiere-peltor-fh1","status":"publish","type":"product","link":"https:\/\/lucacastelli.com\/fr\/produit\/3m-support-pour-visiere-peltor-fh1\/","title":{"rendered":"3M Support pour visi\u00e8re Peltor FH1"},"content":{"rendered":"<p>Le support pour visi\u00e8re Peltor FH1 en nylon se distingue par son confort \u00e9lev\u00e9 et sa flexibilit\u00e9 maximale. Il est compatible avec les casques de protection Peltor 3M X5000, X5500 et 3M G3000. Les visi\u00e8res Peltor de la s\u00e9rie V5 se montent de mani\u00e8re simple et rapide.  <\/p>\n","protected":false},"excerpt":{"rendered":"<p>Le support pour visi\u00e8re Peltor FH1 en nylon se distingue par son confort \u00e9lev\u00e9 et sa flexibilit\u00e9 maximale. Il est<\/p>\n","protected":false},"featured_media":839315,"template":"","meta":{"_seopress_robots_primary_cat":"none","_seopress_titles_title":"","_seopress_titles_desc":"","_seopress_robots_index":""},"product_brand":[4724],"product_cat":[1405,144,1397],"product_tag":[],"class_list":{"0":"post-839325","1":"product","2":"type-product","3":"status-publish","4":"has-post-thumbnail","6":"product_brand-peltor-3m-fr","7":"product_cat-casques","8":"product_cat-equipement","9":"product_cat-equipement-de-travail","10":"sws-gruppo-abb-libero-fr","11":"sws-conto-ricavi-merci-rivendita-abbigliamento-fr","12":"sws-gruppo-iva-iva81-fr","14":"first","15":"instock","16":"shipping-taxable","17":"purchasable","18":"product-type-simple"},"_links":{"self":[{"href":"https:\/\/lucacastelli.com\/fr\/wp-json\/wp\/v2\/product\/839325","targetHints":{"allow":["GET"]}}],"collection":[{"href":"https:\/\/lucacastelli.com\/fr\/wp-json\/wp\/v2\/product"}],"about":[{"href":"https:\/\/lucacastelli.com\/fr\/wp-json\/wp\/v2\/types\/product"}],"wp:featuredmedia":[{"embeddable":true,"href":"https:\/\/lucacastelli.com\/fr\/wp-json\/wp\/v2\/media\/839315"}],"wp:attachment":[{"href":"https:\/\/lucacastelli.com\/fr\/wp-json\/wp\/v2\/media?parent=839325"}],"wp:term":[{"taxonomy":"product_brand","embeddable":true,"href":"https:\/\/lucacastelli.com\/fr\/wp-json\/wp\/v2\/product_brand?post=839325"},{"taxonomy":"product_cat","embeddable":true,"href":"https:\/\/lucacastelli.com\/fr\/wp-json\/wp\/v2\/product_cat?post=839325"},{"taxonomy":"product_tag","embeddable":true,"href":"https:\/\/lucacastelli.com\/fr\/wp-json\/wp\/v2\/product_tag?post=839325"}],"curies":[{"name":"wp","href":"https:\/\/api.w.org\/{rel}","templated":true}]}}