{"id":838441,"date":"2026-04-27T20:23:07","date_gmt":"2026-04-27T18:23:07","guid":{"rendered":"https:\/\/lucacastelli.com\/prodotto\/ortovox-120-cool-tec-mtn-stripe-ts\/"},"modified":"2026-04-27T20:23:07","modified_gmt":"2026-04-27T18:23:07","slug":"ortovox-120-cool-tec-mtn-stripe-ts","status":"publish","type":"product","link":"https:\/\/lucacastelli.com\/fr\/produit\/ortovox-120-cool-tec-mtn-stripe-ts\/","title":{"rendered":"ORTOVOX 120 COOL TEC MTN STRIPE TS"},"content":{"rendered":"<p>FRA\u00ceCHE ET L\u00c9G\u00c8RE<br \/>\nMaillot l\u00e9ger \u00e0 s\u00e9chage rapide avec laine m\u00e9rinos<\/p>\n<p>Points forts<br \/>\n\u2022 R\u00e9gulation thermique optimale gr\u00e2ce \u00e0 la laine m\u00e9rinos<br \/>\n\u2022 Effet rafra\u00eechissant gr\u00e2ce au TENCEL\u2122 Lyocell<br \/>\n\u2022 Stabilit\u00e9 gr\u00e2ce \u00e0 un processus de fabrication innovant<\/p>\n<p>Avec la gamme 120 MERINO COOL TEC, vous pourrez affronter n\u2019importe quelle altitude : le T-SHIRT 120 COOL TEC MTN STRIPE l\u00e9ger pour homme est id\u00e9al pour les journ\u00e9es les plus chaudes en montagne et pour les activit\u00e9s intenses.<\/p>\n<p>LE MAT\u00c9RIAU 120 MERINO COOL TEC est synonyme de pure fonctionnalit\u00e9 : la combinaison de fibres de laine m\u00e9rinos de haute qualit\u00e9 et de fibres de cellulose d\u2019origine v\u00e9g\u00e9tale a un effet rafra\u00eechissant et s\u00e8che rapidement. La TECHNOLOGIE CORESPUN garantit une plus grande stabilit\u00e9 : il s\u2019agit d\u2019un processus de fabrication dans lequel les fibres de m\u00e9rinos et de TENCEL\u2122 Lyocell sont tiss\u00e9es autour d\u2019un noyau de filaments de polyamide. Le mat\u00e9riau r\u00e9sistant produit avec ce fil combine les avantages de la laine m\u00e9rinos et du TENCEL\u2122 Lyocell, garantissant fra\u00eecheur et l\u00e9g\u00e8ret\u00e9 m\u00eame lors des ascensions les plus exigeantes.  <\/p>\n<p>Inspir\u00e9 par la nature, d\u00e9velopp\u00e9 pour les sports de montagne.<\/p>\n<p>&nbsp;<\/p>\n<p>52 % laine vierge (MERINO OWP) + 33 % Lyocell (TENCEL\u2122) + 15 % polyamide<br \/>\n120 MERINO COOL TEC : l\u00e9ger, s\u00e9chage rapide, TENCEL\u2122 Lyocell (fibre naturelle produite de mani\u00e8re durable), laine m\u00e9rinos (r\u00e9gulation de la temp\u00e9rature et de l\u2019humidit\u00e9), technologie CORESPUN by \u00a9 S\u00fcdwolle Group (pour plus de stabilit\u00e9), durable<\/p>\n<p>&nbsp;<\/p>\n<p>&nbsp;<\/p>\n","protected":false},"excerpt":{"rendered":"<p>FRA\u00ceCHE ET L\u00c9G\u00c8RE Maillot l\u00e9ger \u00e0 s\u00e9chage rapide avec laine m\u00e9rinos Points forts \u2022 R\u00e9gulation thermique optimale gr\u00e2ce \u00e0 la<\/p>\n","protected":false},"featured_media":838426,"template":"","meta":{"_seopress_robots_primary_cat":"","_seopress_titles_title":"","_seopress_titles_desc":"","_seopress_robots_index":""},"product_brand":[3664],"product_cat":[81,981,982],"product_tag":[],"class_list":{"0":"post-838441","1":"product","2":"type-product","3":"status-publish","4":"has-post-thumbnail","6":"product_brand-ortovox-fr","7":"product_cat-vetements","8":"product_cat-vetements-de-loisirs","9":"product_cat-vetements-pour-hommes","10":"sws-gruppo-abb-libero-fr","11":"sws-conto-ricavi-merci-rivendita-abbigliamento-fr","12":"sws-gruppo-iva-iva81-fr","14":"first","15":"instock","16":"shipping-taxable","17":"purchasable","18":"product-type-simple"},"_links":{"self":[{"href":"https:\/\/lucacastelli.com\/fr\/wp-json\/wp\/v2\/product\/838441","targetHints":{"allow":["GET"]}}],"collection":[{"href":"https:\/\/lucacastelli.com\/fr\/wp-json\/wp\/v2\/product"}],"about":[{"href":"https:\/\/lucacastelli.com\/fr\/wp-json\/wp\/v2\/types\/product"}],"wp:featuredmedia":[{"embeddable":true,"href":"https:\/\/lucacastelli.com\/fr\/wp-json\/wp\/v2\/media\/838426"}],"wp:attachment":[{"href":"https:\/\/lucacastelli.com\/fr\/wp-json\/wp\/v2\/media?parent=838441"}],"wp:term":[{"taxonomy":"product_brand","embeddable":true,"href":"https:\/\/lucacastelli.com\/fr\/wp-json\/wp\/v2\/product_brand?post=838441"},{"taxonomy":"product_cat","embeddable":true,"href":"https:\/\/lucacastelli.com\/fr\/wp-json\/wp\/v2\/product_cat?post=838441"},{"taxonomy":"product_tag","embeddable":true,"href":"https:\/\/lucacastelli.com\/fr\/wp-json\/wp\/v2\/product_tag?post=838441"}],"curies":[{"name":"wp","href":"https:\/\/api.w.org\/{rel}","templated":true}]}}