{"id":836200,"date":"2026-04-25T16:03:07","date_gmt":"2026-04-25T14:03:07","guid":{"rendered":"https:\/\/lucacastelli.com\/prodotto\/t-shirt-trabaldo-gino-identity\/"},"modified":"2026-04-25T16:03:07","modified_gmt":"2026-04-25T14:03:07","slug":"t-shirt-trabaldo-gino-identity","status":"publish","type":"product","link":"https:\/\/lucacastelli.com\/fr\/produit\/t-shirt-trabaldo-gino-identity\/","title":{"rendered":"T-SHIRT TRABALDO GINO IDENTITY"},"content":{"rendered":"<div class=\"col-lg-12 mt-3\">\n<div id=\"tab-1\" class=\"tabs clearfix mb-0 ui-tabs ui-corner-all ui-widget ui-widget-content\">\n<div class=\"tab-container-custom\">\n<div id=\"tabs-1\" class=\"tab-content clearfix ui-tabs-panel ui-corner-bottom ui-widget-content\" role=\"tabpanel\" aria-labelledby=\"ui-id-1\" aria-hidden=\"false\">\n<p>Un signe distinctif, un symbole d&#8217;appartenance, quelque chose en quoi croire. IDENTITY T-SHIRT est n\u00e9e pour se d\u00e9marquer, pour porter notre passion toujours avec nous au quotidien. T-shirt en coton stretch \u00e0 la coupe ergonomique, portable toute l&#8217;ann\u00e9e seul ou en combinaison avec une seconde couche. Et vous, quel chasseur \u00eates-vous ?   <\/p>\n<\/div>\n<\/div>\n<\/div>\n<\/div>\n","protected":false},"excerpt":{"rendered":"<p>Un signe distinctif, un symbole d&#8217;appartenance, quelque chose en quoi croire. IDENTITY T-SHIRT est n\u00e9e pour se d\u00e9marquer, pour porter<\/p>\n","protected":false},"featured_media":836191,"template":"","meta":{"_seopress_robots_primary_cat":"none","_seopress_titles_title":"","_seopress_titles_desc":"","_seopress_robots_index":""},"product_brand":[3676],"product_cat":[81,981,982],"product_tag":[],"class_list":{"0":"post-836200","1":"product","2":"type-product","3":"status-publish","4":"has-post-thumbnail","6":"product_brand-trabaldo-gino-fr","7":"product_cat-vetements","8":"product_cat-vetements-de-loisirs","9":"product_cat-vetements-pour-hommes","10":"sws-gruppo-abb-libero-fr","11":"sws-conto-ricavi-merci-rivendita-abbigliamento-fr","12":"sws-gruppo-iva-iva81-fr","14":"first","15":"instock","16":"shipping-taxable","17":"purchasable","18":"product-type-simple"},"_links":{"self":[{"href":"https:\/\/lucacastelli.com\/fr\/wp-json\/wp\/v2\/product\/836200","targetHints":{"allow":["GET"]}}],"collection":[{"href":"https:\/\/lucacastelli.com\/fr\/wp-json\/wp\/v2\/product"}],"about":[{"href":"https:\/\/lucacastelli.com\/fr\/wp-json\/wp\/v2\/types\/product"}],"wp:featuredmedia":[{"embeddable":true,"href":"https:\/\/lucacastelli.com\/fr\/wp-json\/wp\/v2\/media\/836191"}],"wp:attachment":[{"href":"https:\/\/lucacastelli.com\/fr\/wp-json\/wp\/v2\/media?parent=836200"}],"wp:term":[{"taxonomy":"product_brand","embeddable":true,"href":"https:\/\/lucacastelli.com\/fr\/wp-json\/wp\/v2\/product_brand?post=836200"},{"taxonomy":"product_cat","embeddable":true,"href":"https:\/\/lucacastelli.com\/fr\/wp-json\/wp\/v2\/product_cat?post=836200"},{"taxonomy":"product_tag","embeddable":true,"href":"https:\/\/lucacastelli.com\/fr\/wp-json\/wp\/v2\/product_tag?post=836200"}],"curies":[{"name":"wp","href":"https:\/\/api.w.org\/{rel}","templated":true}]}}