{"id":834761,"date":"2026-04-23T18:59:19","date_gmt":"2026-04-23T16:59:19","guid":{"rendered":"https:\/\/lucacastelli.com\/prodotto\/stihl-hta-140-b-perche-elagueuse-a-batterie-du-systeme-ap\/"},"modified":"2026-04-23T18:59:19","modified_gmt":"2026-04-23T16:59:19","slug":"stihl-hta-140-b-perche-elagueuse-a-batterie-du-systeme-ap","status":"publish","type":"product","link":"https:\/\/lucacastelli.com\/fr\/produit\/stihl-hta-140-b-perche-elagueuse-a-batterie-du-systeme-ap\/","title":{"rendered":"STIHL HTA 140 B &#8211; Perche-\u00e9lagueuse \u00e0 batterie du syst\u00e8me AP"},"content":{"rendered":"<p>Perche-\u00e9lagueuse \u00e0 batterie HTA 140 B : puissante pour une efficacit\u00e9 accrue dans l\u2019entretien professionnel des arbres et l\u2019arboriculture<br \/>\nLa perche-\u00e9lagueuse \u00e0 batterie STIHL HTA 140 B est l\u00e9g\u00e8re et robuste, id\u00e9ale pour l\u2019entretien des arbres, l\u2019arboriculture et les travaux communaux tels que l\u2019\u00e9lagage, l\u2019\u00e9limination du bois mort et des dommages caus\u00e9s par les temp\u00eates. Convient \u00e9galement aux exploitations agricoles et \u00e0 l\u2019entretien des jardins avec de grands arbres. <\/p>\n<p>Le manche t\u00e9lescopique r\u00e9glable de 285 \u00e0 405 cm permet des coupes pr\u00e9cises m\u00eame en hauteur, jusqu\u2019\u00e0 environ 5 m. Utilisable avec les cha\u00eenes STIHL 3\/8&#8243; P et 1\/4&#8243; P pour diff\u00e9rents travaux d\u2019\u00e9lagage. <\/p>\n<p>Moteur EC silencieux et \u00e0 faibles vibrations, poign\u00e9e multifonction avec commande num\u00e9rique et g\u00e2chette variable pour une grande pr\u00e9cision. \u00c9quip\u00e9e du module HMI ADVANCE PLUS avec Smart Connector pour la transmission des donn\u00e9es. Certification IPX4 pour une utilisation sous la pluie.  <\/p>\n<p>&nbsp;<\/p>\n<p>&nbsp;<\/p>\n<table data-test-id=\"pdp-spec-tech-table\">\n<tbody>\n<tr>\n<td>Tension nominale<\/td>\n<td>36 V<\/td>\n<\/tr>\n<tr>\n<td>Tension max.<\/td>\n<td>40 V<\/td>\n<\/tr>\n<tr>\n<td>Puissance absorb\u00e9e<\/td>\n<td>1.50 kW<\/td>\n<\/tr>\n<tr>\n<td>Puissance<\/td>\n<td>1.20 kW<\/td>\n<\/tr>\n<tr>\n<td>Syst\u00e8me \u00e0 batterie<\/td>\n<td>AP<\/td>\n<\/tr>\n<tr>\n<td>Batterie recommand\u00e9e<\/td>\n<td>AP 300 S<\/td>\n<\/tr>\n<tr>\n<td>Poids de l\u2019appareil sans batterie<\/td>\n<td>6.7 kg<\/td>\n<\/tr>\n<tr>\n<td>Longueur du guide<\/td>\n<td>30 cm<\/td>\n<\/tr>\n<tr>\n<td>Largeur de rainure<\/td>\n<td>1.10 mm<\/td>\n<\/tr>\n<tr>\n<td>Pas de cha\u00eene<\/td>\n<td>1\/4&#8221; P<\/td>\n<\/tr>\n<tr>\n<td>Autonomie maximale de la batterie AP 100<\/td>\n<td>18 min<\/td>\n<\/tr>\n<tr>\n<td>Autonomie maximale de la batterie AP 200<\/td>\n<td>36 min<\/td>\n<\/tr>\n<tr>\n<td>Autonomie maximale de la batterie AP 200 S<\/td>\n<td>36 min<\/td>\n<\/tr>\n<tr>\n<td>Autonomie maximale de la batterie AP 300<\/td>\n<td>43 min<\/td>\n<\/tr>\n<tr>\n<td>Autonomie maximale de la batterie AP 300 S<\/td>\n<td>54 min<\/td>\n<\/tr>\n<tr>\n<td>Autonomie maximale de la batterie AP 500 S<\/td>\n<td>70 min<\/td>\n<\/tr>\n<tr>\n<td>Autonomie maximale de la batterie AR 2000 L<\/td>\n<td>254 min<\/td>\n<\/tr>\n<tr>\n<td>Autonomie maximale de la batterie AR 3000 L<\/td>\n<td>277 min<\/td>\n<\/tr>\n<tr>\n<td>Longueur minimale de l\u2019appareil avec outil<\/td>\n<td>285 cm<\/td>\n<\/tr>\n<tr>\n<td>Longueur maximale de l\u2019appareil avec outils<\/td>\n<td>405 cm<\/td>\n<\/tr>\n<tr>\n<td>Niveau de pression acoustique<\/td>\n<td>84 dB(A)<\/td>\n<\/tr>\n<tr>\n<td>Niveau de puissance acoustique<\/td>\n<td>96 dB(A)<\/td>\n<\/tr>\n<tr>\n<td>Valeur vibratoire gauche<\/td>\n<td>3,2 m\/s\u00b2<\/td>\n<\/tr>\n<tr>\n<td>Niveau de vibration \u00e0 droite<\/td>\n<td>2.9 m\/s\u00b2<\/td>\n<\/tr>\n<\/tbody>\n<\/table>\n","protected":false},"excerpt":{"rendered":"<p>Perche-\u00e9lagueuse \u00e0 batterie HTA 140 B : puissante pour une efficacit\u00e9 accrue dans l\u2019entretien professionnel des arbres et l\u2019arboriculture La<\/p>\n","protected":false},"featured_media":834709,"template":"","meta":{"_seopress_robots_primary_cat":"none","_seopress_titles_title":"","_seopress_titles_desc":"","_seopress_robots_index":""},"product_brand":[3555],"product_cat":[167,1604,1606,1626,1690],"product_tag":[],"class_list":{"0":"post-834761","1":"product","2":"type-product","3":"status-publish","4":"has-post-thumbnail","6":"product_brand-stihl-fr","7":"product_cat-machines","8":"product_cat-tronconneuses","9":"product_cat-tronconneuses-a-batterie","10":"product_cat-taille-haies-et-elagueurs-a-batterie","11":"product_cat-taille-haies-et-elagueurs","12":"sws-gruppo-macchinari-fr","13":"sws-conto-ricavi-merci-rivendita-macchinari-fr","14":"sws-gruppo-iva-iva81-fr","16":"first","17":"instock","18":"shipping-taxable","19":"purchasable","20":"product-type-simple"},"_links":{"self":[{"href":"https:\/\/lucacastelli.com\/fr\/wp-json\/wp\/v2\/product\/834761","targetHints":{"allow":["GET"]}}],"collection":[{"href":"https:\/\/lucacastelli.com\/fr\/wp-json\/wp\/v2\/product"}],"about":[{"href":"https:\/\/lucacastelli.com\/fr\/wp-json\/wp\/v2\/types\/product"}],"wp:featuredmedia":[{"embeddable":true,"href":"https:\/\/lucacastelli.com\/fr\/wp-json\/wp\/v2\/media\/834709"}],"wp:attachment":[{"href":"https:\/\/lucacastelli.com\/fr\/wp-json\/wp\/v2\/media?parent=834761"}],"wp:term":[{"taxonomy":"product_brand","embeddable":true,"href":"https:\/\/lucacastelli.com\/fr\/wp-json\/wp\/v2\/product_brand?post=834761"},{"taxonomy":"product_cat","embeddable":true,"href":"https:\/\/lucacastelli.com\/fr\/wp-json\/wp\/v2\/product_cat?post=834761"},{"taxonomy":"product_tag","embeddable":true,"href":"https:\/\/lucacastelli.com\/fr\/wp-json\/wp\/v2\/product_tag?post=834761"}],"curies":[{"name":"wp","href":"https:\/\/api.w.org\/{rel}","templated":true}]}}