{"id":834724,"date":"2026-04-23T18:48:09","date_gmt":"2026-04-23T16:48:09","guid":{"rendered":"https:\/\/lucacastelli.com\/prodotto\/stihl-kma-140-r-ap-system\/"},"modified":"2026-04-23T18:48:09","modified_gmt":"2026-04-23T16:48:09","slug":"stihl-kma-140-r-ap-system","status":"publish","type":"product","link":"https:\/\/lucacastelli.com\/fr\/produit\/stihl-kma-140-r-ap-system\/","title":{"rendered":"STIHL KMA 140 R &#8211; AP-System"},"content":{"rendered":"<p>Moteur Combi \u00e0 batterie STIHL KMA 140 R : polyvalent et puissant<br \/>\nLe moteur Combi \u00e0 batterie STIHL KMA 140 R est id\u00e9al pour les professionnels de l\u2019entretien des espaces verts et les services communaux n\u00e9cessitant une flexibilit\u00e9 maximale. Compatible avec tous les outils Combi STIHL (sauf FSB-KM), il permet de changer facilement d\u2019application selon les besoins. <\/p>\n<p>Le puissant moteur EC garantit des performances \u00e9lev\u00e9es, de faibles vibrations et un fonctionnement silencieux. Le r\u00e9glage de la vitesse s\u2019effectue directement sur la poign\u00e9e ergonomique avec unit\u00e9 de commande digitale et 3 niveaux de vitesse pour l\u2019\u00e9conomie d\u2019\u00e9nergie. <\/p>\n<p>Convient \u00e9galement aux zones sensibles au bruit gr\u00e2ce \u00e0 son fonctionnement silencieux. \u00c9quip\u00e9 d\u2019un filtre \u00e0 air avec grille m\u00e9tallique pour une meilleure long\u00e9vit\u00e9 du moteur et d\u2019un syst\u00e8me de protection contre les projections certifi\u00e9 IPX4. Poign\u00e9e circulaire r\u00e9glable sans outils avec limiteur de foul\u00e9e pour un travail s\u00fbr et pr\u00e9cis.  <\/p>\n<p>&nbsp;<\/p>\n<p>&nbsp;<\/p>\n<table data-test-id=\"pdp-spec-tech-table\">\n<tbody>\n<tr>\n<td>Tension nominale<\/td>\n<td>36 V<\/td>\n<\/tr>\n<tr>\n<td>Syst\u00e8me \u00e0 batterie<\/td>\n<td>AP<\/td>\n<\/tr>\n<tr>\n<td>Poids de l\u2019appareil sans batterie<\/td>\n<td>3,3 kg<\/td>\n<\/tr>\n<tr>\n<td>Longueur jusqu\u2019au manchon d\u2019accouplement<\/td>\n<td>93 cm<\/td>\n<\/tr>\n<\/tbody>\n<\/table>\n","protected":false},"excerpt":{"rendered":"<p>Moteur Combi \u00e0 batterie STIHL KMA 140 R : polyvalent et puissant Le moteur Combi \u00e0 batterie STIHL KMA 140<\/p>\n","protected":false},"featured_media":834681,"template":"","meta":{"_seopress_robots_primary_cat":"","_seopress_titles_title":"","_seopress_titles_desc":"","_seopress_robots_index":""},"product_brand":[3555],"product_cat":[167,1638],"product_tag":[],"class_list":{"0":"post-834724","1":"product","2":"type-product","3":"status-publish","4":"has-post-thumbnail","6":"product_brand-stihl-fr","7":"product_cat-machines","8":"product_cat-systemes-kombi-et-multi","9":"sws-gruppo-macchinari-fr","10":"sws-conto-ricavi-merci-rivendita-macchinari-fr","11":"sws-gruppo-iva-iva81-fr","13":"first","14":"instock","15":"shipping-taxable","16":"purchasable","17":"product-type-simple"},"_links":{"self":[{"href":"https:\/\/lucacastelli.com\/fr\/wp-json\/wp\/v2\/product\/834724","targetHints":{"allow":["GET"]}}],"collection":[{"href":"https:\/\/lucacastelli.com\/fr\/wp-json\/wp\/v2\/product"}],"about":[{"href":"https:\/\/lucacastelli.com\/fr\/wp-json\/wp\/v2\/types\/product"}],"wp:featuredmedia":[{"embeddable":true,"href":"https:\/\/lucacastelli.com\/fr\/wp-json\/wp\/v2\/media\/834681"}],"wp:attachment":[{"href":"https:\/\/lucacastelli.com\/fr\/wp-json\/wp\/v2\/media?parent=834724"}],"wp:term":[{"taxonomy":"product_brand","embeddable":true,"href":"https:\/\/lucacastelli.com\/fr\/wp-json\/wp\/v2\/product_brand?post=834724"},{"taxonomy":"product_cat","embeddable":true,"href":"https:\/\/lucacastelli.com\/fr\/wp-json\/wp\/v2\/product_cat?post=834724"},{"taxonomy":"product_tag","embeddable":true,"href":"https:\/\/lucacastelli.com\/fr\/wp-json\/wp\/v2\/product_tag?post=834724"}],"curies":[{"name":"wp","href":"https:\/\/api.w.org\/{rel}","templated":true}]}}