{"id":832941,"date":"2026-04-21T09:13:52","date_gmt":"2026-04-21T07:13:52","guid":{"rendered":"https:\/\/lucacastelli.com\/prodotto\/helly-hansen-veste-de-pluie-impermeable-voss\/"},"modified":"2026-04-21T09:13:52","modified_gmt":"2026-04-21T07:13:52","slug":"helly-hansen-veste-de-pluie-impermeable-voss","status":"publish","type":"product","link":"https:\/\/lucacastelli.com\/fr\/produit\/helly-hansen-veste-de-pluie-impermeable-voss\/","title":{"rendered":"HELLY HANSEN Veste de pluie imperm\u00e9able Voss"},"content":{"rendered":"<p>La veste classique Voss est fabriqu\u00e9e en tissu PU totalement coupe-vent et imperm\u00e9able avec la technologie Helox+, pour garantir une protection compl\u00e8te contre les intemp\u00e9ries et une grande libert\u00e9 de mouvement gr\u00e2ce \u00e0 l&#8217;\u00e9lasticit\u00e9 4 directions. Le mat\u00e9riau l\u00e9ger Helox+ est con\u00e7u pour vous garder au sec pendant des heures. <\/p>\n<p>Composition :<\/p>\n<p>Tissu principal : 100 % polyester &#8211; 170 g\/m\u00b2, rev\u00eatement PU<\/p>\n<p>Instructions d&#8217;entretien :<\/p>\n<p>Laver en machine \u00e0 l&#8217;eau ti\u00e8de &#8211; 40 \u00b0C. Ne pas blanchir. Ne pas s\u00e9cher au s\u00e8che-linge. Ne pas repasser. Ne pas laver \u00e0 sec.    <\/p>\n<ul>\n<li>Tissu et structure imperm\u00e9ables<\/li>\n<li>\u00c9lasticit\u00e9 totale<\/li>\n<li>Capuche repliable dans le col<\/li>\n<li>Capuche r\u00e9glable avec cordon<\/li>\n<li>Fermeture \u00e9clair frontale YKK\u00ae<\/li>\n<li>Poches pour les mains<\/li>\n<li>Poignets et ourlet inf\u00e9rieur r\u00e9glables<\/li>\n<li>\u00c9l\u00e9ments r\u00e9fl\u00e9chissants<\/li>\n<\/ul>\n","protected":false},"excerpt":{"rendered":"<p>La veste classique Voss est fabriqu\u00e9e en tissu PU totalement coupe-vent et imperm\u00e9able avec la technologie Helox+, pour garantir une<\/p>\n","protected":false},"featured_media":832854,"template":"","meta":{"_seopress_robots_primary_cat":"none","_seopress_titles_title":"","_seopress_titles_desc":"","_seopress_robots_index":""},"product_brand":[4685],"product_cat":[81,1381,981,982],"product_tag":[],"class_list":{"0":"post-832941","1":"product","2":"type-product","3":"status-publish","4":"has-post-thumbnail","6":"product_brand-helly-hansen-workwear-fr","7":"product_cat-vetements","8":"product_cat-vetements-de-travail","9":"product_cat-vetements-de-loisirs","10":"product_cat-vetements-pour-hommes","11":"sws-gruppo-abb-libero-fr","12":"sws-conto-ricavi-merci-rivendita-abbigliamento-fr","13":"sws-gruppo-iva-iva81-fr","15":"first","16":"instock","17":"shipping-taxable","18":"purchasable","19":"product-type-simple"},"_links":{"self":[{"href":"https:\/\/lucacastelli.com\/fr\/wp-json\/wp\/v2\/product\/832941","targetHints":{"allow":["GET"]}}],"collection":[{"href":"https:\/\/lucacastelli.com\/fr\/wp-json\/wp\/v2\/product"}],"about":[{"href":"https:\/\/lucacastelli.com\/fr\/wp-json\/wp\/v2\/types\/product"}],"wp:featuredmedia":[{"embeddable":true,"href":"https:\/\/lucacastelli.com\/fr\/wp-json\/wp\/v2\/media\/832854"}],"wp:attachment":[{"href":"https:\/\/lucacastelli.com\/fr\/wp-json\/wp\/v2\/media?parent=832941"}],"wp:term":[{"taxonomy":"product_brand","embeddable":true,"href":"https:\/\/lucacastelli.com\/fr\/wp-json\/wp\/v2\/product_brand?post=832941"},{"taxonomy":"product_cat","embeddable":true,"href":"https:\/\/lucacastelli.com\/fr\/wp-json\/wp\/v2\/product_cat?post=832941"},{"taxonomy":"product_tag","embeddable":true,"href":"https:\/\/lucacastelli.com\/fr\/wp-json\/wp\/v2\/product_tag?post=832941"}],"curies":[{"name":"wp","href":"https:\/\/api.w.org\/{rel}","templated":true}]}}