{"id":832925,"date":"2026-04-21T09:11:55","date_gmt":"2026-04-21T07:11:55","guid":{"rendered":"https:\/\/lucacastelli.com\/prodotto\/veste-de-pluie-impermeable-helly-hansen-manchester\/"},"modified":"2026-04-21T09:11:55","modified_gmt":"2026-04-21T07:11:55","slug":"veste-de-pluie-impermeable-helly-hansen-manchester","status":"publish","type":"product","link":"https:\/\/lucacastelli.com\/fr\/produit\/veste-de-pluie-impermeable-helly-hansen-manchester\/","title":{"rendered":"Veste de pluie imperm\u00e9able HELLY HANSEN Manchester"},"content":{"rendered":"<p>Si vous recherchez une veste l\u00e9g\u00e8re mais 100 % imperm\u00e9able, la Manchester Rain Jacket est la solution id\u00e9ale. Ce v\u00eatement est dot\u00e9 de la technologie Helly Tech\u00ae Protection, toutes les coutures sont enti\u00e8rement \u00e9tanch\u00e9es pour garantir l\u2019imperm\u00e9abilit\u00e9 et il pr\u00e9sente une ouverture au dos permettant la ventilation sans risque de se mouiller. <\/p>\n<p>Composition :<\/p>\n<p>Tissu ext\u00e9rieur : 100 % polyester &#8211; 108 g\/m\u00b2<\/p>\n<p>Doublure : 100 % polyester<\/p>\n<p>Instructions d&#8217;entretien :<\/p>\n<p>Lavage en machine \u00e0 l\u2019eau ti\u00e8de &#8211; 40 \u00b0C. Ne pas utiliser d\u2019eau de Javel. S\u00e9chage en tambour \u00e0 basse temp\u00e9rature. Repassage \u00e0 basse temp\u00e9rature. Ne pas nettoyer \u00e0 sec.    <\/p>\n<ul>\n<li>Technologie Helly Tech\u00ae<\/li>\n<li>Imperm\u00e9able, coupe-vent et respirant<\/li>\n<li>Construction enti\u00e8rement \u00e9tanch\u00e9ifi\u00e9e<\/li>\n<li>Fermetures \u00e9clair YKK\u00ae<\/li>\n<li>Rabat coupe-vent frontal<\/li>\n<li>Deux poches repose-mains<\/li>\n<li>Ouverture arri\u00e8re pour la ventilation<\/li>\n<\/ul>\n","protected":false},"excerpt":{"rendered":"<p>Si vous recherchez une veste l\u00e9g\u00e8re mais 100 % imperm\u00e9able, la Manchester Rain Jacket est la solution id\u00e9ale. Ce v\u00eatement<\/p>\n","protected":false},"featured_media":832848,"template":"","meta":{"_seopress_robots_primary_cat":"","_seopress_titles_title":"","_seopress_titles_desc":"","_seopress_robots_index":""},"product_brand":[4685],"product_cat":[81,1381,981,982],"product_tag":[],"class_list":{"0":"post-832925","1":"product","2":"type-product","3":"status-publish","4":"has-post-thumbnail","6":"product_brand-helly-hansen-workwear-fr","7":"product_cat-vetements","8":"product_cat-vetements-de-travail","9":"product_cat-vetements-de-loisirs","10":"product_cat-vetements-pour-hommes","11":"sws-gruppo-abb-libero-fr","12":"sws-conto-ricavi-merci-rivendita-abbigliamento-fr","13":"sws-gruppo-iva-iva81-fr","15":"first","16":"instock","17":"shipping-taxable","18":"purchasable","19":"product-type-simple"},"_links":{"self":[{"href":"https:\/\/lucacastelli.com\/fr\/wp-json\/wp\/v2\/product\/832925","targetHints":{"allow":["GET"]}}],"collection":[{"href":"https:\/\/lucacastelli.com\/fr\/wp-json\/wp\/v2\/product"}],"about":[{"href":"https:\/\/lucacastelli.com\/fr\/wp-json\/wp\/v2\/types\/product"}],"wp:featuredmedia":[{"embeddable":true,"href":"https:\/\/lucacastelli.com\/fr\/wp-json\/wp\/v2\/media\/832848"}],"wp:attachment":[{"href":"https:\/\/lucacastelli.com\/fr\/wp-json\/wp\/v2\/media?parent=832925"}],"wp:term":[{"taxonomy":"product_brand","embeddable":true,"href":"https:\/\/lucacastelli.com\/fr\/wp-json\/wp\/v2\/product_brand?post=832925"},{"taxonomy":"product_cat","embeddable":true,"href":"https:\/\/lucacastelli.com\/fr\/wp-json\/wp\/v2\/product_cat?post=832925"},{"taxonomy":"product_tag","embeddable":true,"href":"https:\/\/lucacastelli.com\/fr\/wp-json\/wp\/v2\/product_tag?post=832925"}],"curies":[{"name":"wp","href":"https:\/\/api.w.org\/{rel}","templated":true}]}}