{"id":832909,"date":"2026-04-21T09:21:44","date_gmt":"2026-04-21T07:21:44","guid":{"rendered":"https:\/\/lucacastelli.com\/prodotto\/helly-hansen-voss-manteau-de-pluie-impermeable\/"},"modified":"2026-04-21T09:21:44","modified_gmt":"2026-04-21T07:21:44","slug":"helly-hansen-voss-manteau-de-pluie-impermeable","status":"publish","type":"product","link":"https:\/\/lucacastelli.com\/fr\/produit\/helly-hansen-voss-manteau-de-pluie-impermeable\/","title":{"rendered":"HELLY HANSEN Voss Manteau de pluie imperm\u00e9able"},"content":{"rendered":"<p>Le manteau Helly Hansen Voss est un imperm\u00e9able classique qui vous gardera au sec et \u00e0 l&#8217;abri de la pluie. Le tissu en PU totalement coupe-vent et imperm\u00e9able avec technologie Helox+ offre une protection compl\u00e8te contre les intemp\u00e9ries. Le mat\u00e9riau l\u00e9ger et \u00e9lastique en PU Helox+ garantit un confort optimal lorsque vous portez cette veste pendant des heures.  <\/p>\n<p>Composition :<\/p>\n<p>Tissu principal : 100 % polyester &#8211; 170 g\/m\u00b2, rev\u00eatement PU<\/p>\n<p>Instructions d&#8217;entretien :<\/p>\n<p>Laver en machine \u00e0 l&#8217;eau ti\u00e8de &#8211; 40 \u00b0C. Ne pas blanchir. Ne pas s\u00e9cher en machine. Ne pas repasser. Ne pas nettoyer \u00e0 sec.    <\/p>\n<ul>\n<li>EN 343 3,1<\/li>\n<li>Capuche repliable dans le col<\/li>\n<li>Capuche r\u00e9glable avec cordon<\/li>\n<li>Poignets r\u00e9glables avec boutons-pression<\/li>\n<li>Longueur centre dos taille L : 118 cm<\/li>\n<li>D\u00e9tails r\u00e9fl\u00e9chissants<\/li>\n<\/ul>\n","protected":false},"excerpt":{"rendered":"<p>Le manteau Helly Hansen Voss est un imperm\u00e9able classique qui vous gardera au sec et \u00e0 l&#8217;abri de la pluie.<\/p>\n","protected":false},"featured_media":832866,"template":"","meta":{"_seopress_robots_primary_cat":"none","_seopress_titles_title":"","_seopress_titles_desc":"","_seopress_robots_index":""},"product_brand":[4685],"product_cat":[81,1381,981,982],"product_tag":[],"class_list":{"0":"post-832909","1":"product","2":"type-product","3":"status-publish","4":"has-post-thumbnail","6":"product_brand-helly-hansen-workwear-fr","7":"product_cat-vetements","8":"product_cat-vetements-de-travail","9":"product_cat-vetements-de-loisirs","10":"product_cat-vetements-pour-hommes","11":"sws-gruppo-abb-libero-fr","12":"sws-conto-ricavi-merci-rivendita-abbigliamento-fr","13":"sws-gruppo-iva-iva81-fr","15":"first","16":"instock","17":"shipping-taxable","18":"purchasable","19":"product-type-simple"},"_links":{"self":[{"href":"https:\/\/lucacastelli.com\/fr\/wp-json\/wp\/v2\/product\/832909","targetHints":{"allow":["GET"]}}],"collection":[{"href":"https:\/\/lucacastelli.com\/fr\/wp-json\/wp\/v2\/product"}],"about":[{"href":"https:\/\/lucacastelli.com\/fr\/wp-json\/wp\/v2\/types\/product"}],"wp:featuredmedia":[{"embeddable":true,"href":"https:\/\/lucacastelli.com\/fr\/wp-json\/wp\/v2\/media\/832866"}],"wp:attachment":[{"href":"https:\/\/lucacastelli.com\/fr\/wp-json\/wp\/v2\/media?parent=832909"}],"wp:term":[{"taxonomy":"product_brand","embeddable":true,"href":"https:\/\/lucacastelli.com\/fr\/wp-json\/wp\/v2\/product_brand?post=832909"},{"taxonomy":"product_cat","embeddable":true,"href":"https:\/\/lucacastelli.com\/fr\/wp-json\/wp\/v2\/product_cat?post=832909"},{"taxonomy":"product_tag","embeddable":true,"href":"https:\/\/lucacastelli.com\/fr\/wp-json\/wp\/v2\/product_tag?post=832909"}],"curies":[{"name":"wp","href":"https:\/\/api.w.org\/{rel}","templated":true}]}}