{"id":832890,"date":"2026-04-21T09:30:41","date_gmt":"2026-04-21T07:30:41","guid":{"rendered":"https:\/\/lucacastelli.com\/prodotto\/helly-hansen-addvis-hi-vis-rain-jacket\/"},"modified":"2026-04-21T09:30:41","modified_gmt":"2026-04-21T07:30:41","slug":"helly-hansen-addvis-hi-vis-rain-jacket","status":"publish","type":"product","link":"https:\/\/lucacastelli.com\/fr\/produit\/helly-hansen-addvis-hi-vis-rain-jacket\/","title":{"rendered":"HELLY HANSEN Addvis Hi Vis Rain Jacket"},"content":{"rendered":"<p>La veste de pluie ADDVIS allie polyvalence et protection \u00e0 un design haute visibilit\u00e9. Personnalisez l&#8217;ajustement en fonction de votre morphologie et des conditions m\u00e9t\u00e9orologiques gr\u00e2ce \u00e0 l&#8217;ourlet inf\u00e9rieur, aux poignets et \u00e0 la capuche r\u00e9glables. Un cordon \u00e9lastique garantit une protection accrue en cas de mauvais temps et la capuche peut \u00eatre enti\u00e8rement d\u00e9tach\u00e9e lorsqu&#8217;elle n&#8217;est pas n\u00e9cessaire. Restez au sec toute la journ\u00e9e gr\u00e2ce \u00e0 la double patte frontale. Cette veste de pluie haute visibilit\u00e9 r\u00e9pond aux normes internationales tant en termes de visibilit\u00e9 que de protection contre les pr\u00e9cipitations. Parmi les caract\u00e9ristiques bien con\u00e7ues figurent une protection menton sur la fermeture \u00e9clair frontale, des boutons-pression sur les manches et des poches prot\u00e9g\u00e9es. Du fil AMANN de qualit\u00e9 industrielle aux fermetures \u00e9clair YKK\u00ae en passant par le tissu performant, la veste de pluie ADDVIS vous couvre.      <\/p>\n<p>Composition :<\/p>\n<p>Ext\u00e9rieur : 100 % polyur\u00e9thane, 170 g\/m\u00b2<\/p>\n<p>Instructions d&#8217;entretien :<\/p>\n<p>Fermer le velcro avant le lavage. Fermer les fermetures \u00e9clair avant le lavage. Ne pas utiliser d&#8217;adoucissant.   Laver avec des couleurs similaires. Laver en machine \u00e0 l&#8217;eau ti\u00e8de \u00e0 40 \u00b0C. Ne pas utiliser d&#8217;eau de Javel. Ne pas s\u00e9cher au s\u00e8che-linge. Ne pas repasser. Ne pas nettoyer \u00e0 sec.    <\/p>\n<ul>\n<li>EN ISO 20471:2013:3<\/li>\n<li>EN 343:2019 : 4, 1, X<\/li>\n<li>Fils AMANN<\/li>\n<li>Fermeture \u00e0 glissi\u00e8re YKK<\/li>\n<li>Capuche r\u00e9glable avec cordon \u00e9lastique<\/li>\n<li>Capuche amovible<\/li>\n<li>Fermeture \u00e9clair frontale YKK\u00ae avec protection menton<\/li>\n<li>Double rabat coupe-vent frontal<\/li>\n<li>Poches pour les mains<\/li>\n<li>Poignets r\u00e9glables avec boutons-pression<\/li>\n<li>Ourlet inf\u00e9rieur r\u00e9glable<\/li>\n<\/ul>\n","protected":false},"excerpt":{"rendered":"<p>La veste de pluie ADDVIS allie polyvalence et protection \u00e0 un design haute visibilit\u00e9. Personnalisez l&#8217;ajustement en fonction de votre<\/p>\n","protected":false},"featured_media":832872,"template":"","meta":{"_seopress_robots_primary_cat":"none","_seopress_titles_title":"","_seopress_titles_desc":"","_seopress_robots_index":""},"product_brand":[4685],"product_cat":[81,1381,981,982],"product_tag":[],"class_list":{"0":"post-832890","1":"product","2":"type-product","3":"status-publish","4":"has-post-thumbnail","6":"product_brand-helly-hansen-workwear-fr","7":"product_cat-vetements","8":"product_cat-vetements-de-travail","9":"product_cat-vetements-de-loisirs","10":"product_cat-vetements-pour-hommes","11":"sws-gruppo-abb-libero-fr","12":"sws-conto-ricavi-merci-rivendita-abbigliamento-fr","13":"sws-gruppo-iva-iva81-fr","15":"first","16":"instock","17":"shipping-taxable","18":"purchasable","19":"product-type-simple"},"_links":{"self":[{"href":"https:\/\/lucacastelli.com\/fr\/wp-json\/wp\/v2\/product\/832890","targetHints":{"allow":["GET"]}}],"collection":[{"href":"https:\/\/lucacastelli.com\/fr\/wp-json\/wp\/v2\/product"}],"about":[{"href":"https:\/\/lucacastelli.com\/fr\/wp-json\/wp\/v2\/types\/product"}],"wp:featuredmedia":[{"embeddable":true,"href":"https:\/\/lucacastelli.com\/fr\/wp-json\/wp\/v2\/media\/832872"}],"wp:attachment":[{"href":"https:\/\/lucacastelli.com\/fr\/wp-json\/wp\/v2\/media?parent=832890"}],"wp:term":[{"taxonomy":"product_brand","embeddable":true,"href":"https:\/\/lucacastelli.com\/fr\/wp-json\/wp\/v2\/product_brand?post=832890"},{"taxonomy":"product_cat","embeddable":true,"href":"https:\/\/lucacastelli.com\/fr\/wp-json\/wp\/v2\/product_cat?post=832890"},{"taxonomy":"product_tag","embeddable":true,"href":"https:\/\/lucacastelli.com\/fr\/wp-json\/wp\/v2\/product_tag?post=832890"}],"curies":[{"name":"wp","href":"https:\/\/api.w.org\/{rel}","templated":true}]}}