{"id":832751,"date":"2026-04-20T20:26:49","date_gmt":"2026-04-20T18:26:49","guid":{"rendered":"https:\/\/lucacastelli.com\/prodotto\/haix-black-eagle-safety-410-c-gtx\/"},"modified":"2026-04-20T20:26:49","modified_gmt":"2026-04-20T18:26:49","slug":"haix-black-eagle-safety-410-c-gtx","status":"publish","type":"product","link":"https:\/\/lucacastelli.com\/fr\/produit\/haix-black-eagle-safety-410-c-gtx\/","title":{"rendered":"HAIX BLACK EAGLE Safety 410 C GTX"},"content":{"rendered":"<p>Dessus : combinaison de microfibre et de textile extr\u00eamement r\u00e9sistant aux coupures et \u00e0 l\u2019abrasion. Doublure int\u00e9rieure : GORE-TEX, imperm\u00e9able, hautement respirante, doublure r\u00e9sistante \u00e0 l\u2019abrasion, confort thermique \u00e9lev\u00e9, particuli\u00e8rement pour une utilisation flexible en int\u00e9rieur et en ext\u00e9rieur et par temp\u00e9ratures chaudes. Semelle int\u00e9rieure : confortable, amortissante, \u00e9vacuant l\u2019humidit\u00e9, coque de talon s\u00e9par\u00e9e assurant un bon amorti et un bon guidage du pied, canaux \u00ab AIRFLOW \u00bb, marquage \u00ab Perfect-Fit \u00bb pour une v\u00e9rification optimale de la pointure correcte. XLR8 : technologies XLR8 pour augmenter les performances, le contr\u00f4le et l\u2019endurance. Reforce g\u00e9n\u00e8re un mouvement de rotation cibl\u00e9 du calcan\u00e9um et redresse ainsi la vo\u00fbte plantaire. Le contrefort adaptatif s\u2019adapte avec le temps \u00e0 la forme individuelle du calcan\u00e9um et le relie id\u00e9alement \u00e0 la chaussure. Lors de la marche, la chaussure est ainsi contr\u00f4l\u00e9e par le calcan\u00e9um. La suspension \u00e9quilibr\u00e9e absorbe l\u2019impact, emmagasine l\u2019\u00e9nergie et la restitue de mani\u00e8re cibl\u00e9e lors de l\u2019impulsion. La forme ergonomique permet au pied de se d\u00e9velopper naturellement et librement, tout en assurant un guidage optimal de la chaussure par le pied.        Semelle de montage : ultra l\u00e9g\u00e8re, souple, amortissante, avec doublure microfibre r\u00e9sistante \u00e0 l&#8217;abrasion et absorbant l&#8217;humidit\u00e9. Protection antiperforation : insert de semelle flexible, l\u00e9ger, sans m\u00e9tal et r\u00e9sistant \u00e0 la perforation avec 20 % de mat\u00e9riaux recycl\u00e9s. Semelle d&#8217;usure : semelle d&#8217;usure en caoutchouc moderne et l\u00e9g\u00e8re avec profil route\/tout-terrain avec une semelle interm\u00e9diaire en PU offrant de bonnes propri\u00e9t\u00e9s d&#8217;amorti, d&#8217;excellentes propri\u00e9t\u00e9s de marche et une tr\u00e8s bonne isolation contre la chaleur et le froid.   La semelle d&#8217;usure en caoutchouc est antid\u00e9rapante, r\u00e9sistante \u00e0 l&#8217;abrasion, non marquante, antistatique et r\u00e9sistante aux carburants. ESD : chaussures \u00e0 dissipation \u00e9lectrostatique test\u00e9es selon EN IEC 61340-4-3:2018, EN IEC 61340-5-1:2016. Embout de protection : embout de protection anatomique ultra l\u00e9ger en plastique renforc\u00e9 de fibre de verre pour les exigences de s\u00e9curit\u00e9 les plus \u00e9lev\u00e9es. HAIX CO-System : d\u00e9compression, amorti, correction de la position du pied, redressement du corps, \u00e9quilibre musculaire. HAIX Smart Lacing : ajustement facile et sans pression de la chaussure au pied, fermeture rapide et poche pour lacets. HAIX Vario Wide Fit System : gr\u00e2ce \u00e0 3 semelles de propret\u00e9 diff\u00e9rentes, la largeur de la chaussure peut \u00eatre ajust\u00e9e individuellement. La semelle rouge (medium) est livr\u00e9e avec la chaussure, une semelle de propret\u00e9 jaune (wide) et bleue (narrow) doit \u00eatre command\u00e9e s\u00e9par\u00e9ment. Divers : sur-embout TPU r\u00e9sistant \u00e0 l&#8217;abrasion, sans m\u00e9tal, languette de tirage, certifi\u00e9 pour semelles orthop\u00e9diques.       <\/p>\n<p>En s\u00e9curit\u00e9 par tous les temps avec le mod\u00e8le polyvalent montant Black Eagle 410.<\/p>\n<p>Fermeture rapide<br \/>\nCrafTex\/microfibre\/textile<br \/>\nimperm\u00e9able gr\u00e2ce au GORE-TEX<\/p>\n","protected":false},"excerpt":{"rendered":"<p>Dessus : combinaison de microfibre et de textile extr\u00eamement r\u00e9sistant aux coupures et \u00e0 l\u2019abrasion. Doublure int\u00e9rieure : GORE-TEX, imperm\u00e9able,<\/p>\n","protected":false},"featured_media":787383,"template":"","meta":{"_seopress_robots_primary_cat":"none","_seopress_titles_title":"","_seopress_titles_desc":"","_seopress_robots_index":""},"product_brand":[3638],"product_cat":[173,1423],"product_tag":[],"class_list":{"0":"post-832751","1":"product","2":"type-product","3":"status-publish","4":"has-post-thumbnail","6":"product_brand-haix-fr","7":"product_cat-chaussures","8":"product_cat-chaussures-de-travail","9":"sws-gruppo-abb-libero-fr","10":"sws-conto-ricavi-merci-rivendita-abbigliamento-fr","11":"sws-gruppo-iva-iva81-fr","13":"first","14":"instock","15":"shipping-taxable","16":"purchasable","17":"product-type-simple"},"_links":{"self":[{"href":"https:\/\/lucacastelli.com\/fr\/wp-json\/wp\/v2\/product\/832751","targetHints":{"allow":["GET"]}}],"collection":[{"href":"https:\/\/lucacastelli.com\/fr\/wp-json\/wp\/v2\/product"}],"about":[{"href":"https:\/\/lucacastelli.com\/fr\/wp-json\/wp\/v2\/types\/product"}],"wp:featuredmedia":[{"embeddable":true,"href":"https:\/\/lucacastelli.com\/fr\/wp-json\/wp\/v2\/media\/787383"}],"wp:attachment":[{"href":"https:\/\/lucacastelli.com\/fr\/wp-json\/wp\/v2\/media?parent=832751"}],"wp:term":[{"taxonomy":"product_brand","embeddable":true,"href":"https:\/\/lucacastelli.com\/fr\/wp-json\/wp\/v2\/product_brand?post=832751"},{"taxonomy":"product_cat","embeddable":true,"href":"https:\/\/lucacastelli.com\/fr\/wp-json\/wp\/v2\/product_cat?post=832751"},{"taxonomy":"product_tag","embeddable":true,"href":"https:\/\/lucacastelli.com\/fr\/wp-json\/wp\/v2\/product_tag?post=832751"}],"curies":[{"name":"wp","href":"https:\/\/api.w.org\/{rel}","templated":true}]}}