{"id":832747,"date":"2026-04-20T19:47:55","date_gmt":"2026-04-20T17:47:55","guid":{"rendered":"https:\/\/lucacastelli.com\/prodotto\/crazy-short-super\/"},"modified":"2026-04-20T19:47:55","modified_gmt":"2026-04-20T17:47:55","slug":"crazy-short-super","status":"publish","type":"product","link":"https:\/\/lucacastelli.com\/fr\/produit\/crazy-short-super\/","title":{"rendered":"CRAZY SHORT SUPER"},"content":{"rendered":"<p>Description du produit<\/p>\n<p>Les shorts Denim Style font partie des pi\u00e8ces les plus embl\u00e9matiques de la collection CRAZY, caract\u00e9ris\u00e9s par un look exclusif effet jean qui les rend uniques en leur genre.<\/p>\n<p>Malgr\u00e9 leur esth\u00e9tique d\u00e9contract\u00e9e, il s\u2019agit d\u2019un produit hautement technique : fabriqu\u00e9s en tissu Stretch Series, ils offrent l\u00e9g\u00e8ret\u00e9, \u00e9lasticit\u00e9 et un confort maximal, ce qui les rend parfaits tant pour le trekking que pour les loisirs.<\/p>\n<p>Chaque pi\u00e8ce est coup\u00e9e \u00e0 la main pour garantir la continuit\u00e9 parfaite de l\u2019imprim\u00e9 denim le long des coutures, mettant ainsi en valeur le design.<\/p>\n<p>La taille \u00e9lastique et plate assure une coupe confortable, tandis que les poches zipp\u00e9es offrent praticit\u00e9 et s\u00e9curit\u00e9 lors de l\u2019utilisation.<\/p>\n<p>Caract\u00e9ristiques principales<br \/>\nTissu technique Stretch Series bi-\u00e9lastique, l\u00e9ger et doux<br \/>\nDesign exclusif effet jean (denim) enti\u00e8rement imprim\u00e9<br \/>\nPi\u00e8ce coup\u00e9e \u00e0 la main pour un alignement parfait des imprim\u00e9s<br \/>\nTaille r\u00e9glable avec cordon \u00e9lastique interne<br \/>\nPoches lat\u00e9rales d\u00e9coup\u00e9es au laser avec zips coll\u00e9s<br \/>\nPoche arri\u00e8re d\u00e9coup\u00e9e au laser avec zip coll\u00e9<br \/>\nBas de jambe d\u00e9coup\u00e9 au laser pour plus de confort<br \/>\nCoupe l\u00e9g\u00e8re et polyvalente<br \/>\nId\u00e9al pour<br \/>\nTrekking l\u00e9ger<br \/>\nLoisirs et utilisation quotidienne<br \/>\nActivit\u00e9s de plein air en conditions estivales<\/p>\n","protected":false},"excerpt":{"rendered":"<p>Description du produit Les shorts Denim Style font partie des pi\u00e8ces les plus embl\u00e9matiques de la collection CRAZY, caract\u00e9ris\u00e9s par<\/p>\n","protected":false},"featured_media":832661,"template":"","meta":{"_seopress_robots_primary_cat":"","_seopress_titles_title":"","_seopress_titles_desc":"","_seopress_robots_index":""},"product_brand":[3616],"product_cat":[81,981,982],"product_tag":[],"class_list":{"0":"post-832747","1":"product","2":"type-product","3":"status-publish","4":"has-post-thumbnail","6":"product_brand-crazy-fr","7":"product_cat-vetements","8":"product_cat-vetements-de-loisirs","9":"product_cat-vetements-pour-hommes","10":"sws-gruppo-abb-libero-fr","11":"sws-conto-ricavi-merci-rivendita-abbigliamento-fr","12":"sws-gruppo-iva-iva81-fr","14":"first","15":"instock","16":"shipping-taxable","17":"purchasable","18":"product-type-simple"},"_links":{"self":[{"href":"https:\/\/lucacastelli.com\/fr\/wp-json\/wp\/v2\/product\/832747","targetHints":{"allow":["GET"]}}],"collection":[{"href":"https:\/\/lucacastelli.com\/fr\/wp-json\/wp\/v2\/product"}],"about":[{"href":"https:\/\/lucacastelli.com\/fr\/wp-json\/wp\/v2\/types\/product"}],"wp:featuredmedia":[{"embeddable":true,"href":"https:\/\/lucacastelli.com\/fr\/wp-json\/wp\/v2\/media\/832661"}],"wp:attachment":[{"href":"https:\/\/lucacastelli.com\/fr\/wp-json\/wp\/v2\/media?parent=832747"}],"wp:term":[{"taxonomy":"product_brand","embeddable":true,"href":"https:\/\/lucacastelli.com\/fr\/wp-json\/wp\/v2\/product_brand?post=832747"},{"taxonomy":"product_cat","embeddable":true,"href":"https:\/\/lucacastelli.com\/fr\/wp-json\/wp\/v2\/product_cat?post=832747"},{"taxonomy":"product_tag","embeddable":true,"href":"https:\/\/lucacastelli.com\/fr\/wp-json\/wp\/v2\/product_tag?post=832747"}],"curies":[{"name":"wp","href":"https:\/\/api.w.org\/{rel}","templated":true}]}}