{"id":832737,"date":"2026-04-20T19:55:12","date_gmt":"2026-04-20T17:55:12","guid":{"rendered":"https:\/\/lucacastelli.com\/prodotto\/crazy-pant-viper-light-2\/"},"modified":"2026-04-20T19:55:12","modified_gmt":"2026-04-20T17:55:12","slug":"crazy-pant-viper-light-2","status":"publish","type":"product","link":"https:\/\/lucacastelli.com\/fr\/produit\/crazy-pant-viper-light-2\/","title":{"rendered":"CRAZY PANT VIPER LIGHT"},"content":{"rendered":"<p>Description du produit<\/p>\n<p>Le Pant Viper est le pantalon technique par excellence, un v\u00e9ritable incontournable pour les amateurs de trekking et d\u2019activit\u00e9s en montagne. Con\u00e7u pour offrir des performances \u00e9lev\u00e9es, il allie r\u00e9sistance, confort et un style affirm\u00e9 et moderne. <\/p>\n<p>Fabriqu\u00e9 en tissu Lite-Guard, bi-extensible et respirant, il garantit une libert\u00e9 de mouvement et un confort optimal m\u00eame lors des activit\u00e9s les plus exigeantes. Le traitement DWR (d\u00e9perlant) offre une protection contre l\u2019humidit\u00e9 l\u00e9g\u00e8re et les conditions m\u00e9t\u00e9o variables. <\/p>\n<p>Les renforts aux genoux assurent une plus grande r\u00e9sistance \u00e0 l\u2019abrasion, ce qui rend ce pantalon id\u00e9al pour une utilisation intensive.<\/p>\n<p>Caract\u00e9ristiques principales<br \/>\nTissu technique Lite-Guard \u00e9lastique, respirant et r\u00e9sistant<br \/>\nTraitement DWR pour une meilleure d\u00e9perlance<br \/>\nTaille r\u00e9glable avec cordon \u00e9lastique<br \/>\nBraguette avec fermeture \u00e9clair invisible<br \/>\nDeux poches lat\u00e9rales d\u00e9coup\u00e9es au laser avec zips coll\u00e9s<br \/>\nPoche arri\u00e8re avec zip invisible<br \/>\nBas de jambe r\u00e9glable avec cordon \u00e9lastique<br \/>\nRenforts anti-abrasion sur les zones les plus sollicit\u00e9es<br \/>\nCoutures de couleur contrast\u00e9e<br \/>\nLogos r\u00e9fl\u00e9chissants pour une meilleure visibilit\u00e9<br \/>\nId\u00e9al pour<br \/>\nTrekking et activit\u00e9s techniques en montagne<br \/>\nUtilisation outdoor intensive<br \/>\nConditions variables et terrains exigeants<\/p>\n","protected":false},"excerpt":{"rendered":"<p>Description du produit Le Pant Viper est le pantalon technique par excellence, un v\u00e9ritable incontournable pour les amateurs de trekking<\/p>\n","protected":false},"featured_media":832677,"template":"","meta":{"_seopress_robots_primary_cat":"none","_seopress_titles_title":"","_seopress_titles_desc":"","_seopress_robots_index":""},"product_brand":[3616],"product_cat":[81,981,982],"product_tag":[],"class_list":{"0":"post-832737","1":"product","2":"type-product","3":"status-publish","4":"has-post-thumbnail","6":"product_brand-crazy-fr","7":"product_cat-vetements","8":"product_cat-vetements-de-loisirs","9":"product_cat-vetements-pour-hommes","10":"sws-gruppo-abb-libero-fr","11":"sws-conto-ricavi-merci-rivendita-abbigliamento-fr","12":"sws-gruppo-iva-iva81-fr","14":"first","15":"instock","16":"shipping-taxable","17":"purchasable","18":"product-type-simple"},"_links":{"self":[{"href":"https:\/\/lucacastelli.com\/fr\/wp-json\/wp\/v2\/product\/832737","targetHints":{"allow":["GET"]}}],"collection":[{"href":"https:\/\/lucacastelli.com\/fr\/wp-json\/wp\/v2\/product"}],"about":[{"href":"https:\/\/lucacastelli.com\/fr\/wp-json\/wp\/v2\/types\/product"}],"wp:featuredmedia":[{"embeddable":true,"href":"https:\/\/lucacastelli.com\/fr\/wp-json\/wp\/v2\/media\/832677"}],"wp:attachment":[{"href":"https:\/\/lucacastelli.com\/fr\/wp-json\/wp\/v2\/media?parent=832737"}],"wp:term":[{"taxonomy":"product_brand","embeddable":true,"href":"https:\/\/lucacastelli.com\/fr\/wp-json\/wp\/v2\/product_brand?post=832737"},{"taxonomy":"product_cat","embeddable":true,"href":"https:\/\/lucacastelli.com\/fr\/wp-json\/wp\/v2\/product_cat?post=832737"},{"taxonomy":"product_tag","embeddable":true,"href":"https:\/\/lucacastelli.com\/fr\/wp-json\/wp\/v2\/product_tag?post=832737"}],"curies":[{"name":"wp","href":"https:\/\/api.w.org\/{rel}","templated":true}]}}