{"id":832730,"date":"2026-04-20T19:54:21","date_gmt":"2026-04-20T17:54:21","guid":{"rendered":"https:\/\/lucacastelli.com\/prodotto\/crazy-pant-acceleration-light\/"},"modified":"2026-04-20T19:54:21","modified_gmt":"2026-04-20T17:54:21","slug":"crazy-pant-acceleration-light","status":"publish","type":"product","link":"https:\/\/lucacastelli.com\/fr\/produit\/crazy-pant-acceleration-light\/","title":{"rendered":"CRAZY PANT ACCELERATION LIGHT"},"content":{"rendered":"<p>Description du produit<\/p>\n<p>Le Pant Acceleration est con\u00e7u pour le trekking athl\u00e9tique et repr\u00e9sente l\u2019essence du concept fast &amp; light en montagne. Il combine des mat\u00e9riaux hautement techniques, des constructions avanc\u00e9es et une coupe athl\u00e9tique, offrant des performances \u00e9lev\u00e9es et un style distinctif. <\/p>\n<p>La construction hybride utilise des tissus bi-\u00e9lastiques pour garantir un \u00e9quilibre maximal entre protection et respirabilit\u00e9 : sur le devant, le tissu Endurance Light offre une protection contre le vent et un traitement d\u00e9perlant DWR, tandis que l\u2019arri\u00e8re en Stretch Series assure l\u00e9g\u00e8ret\u00e9 et ventilation lors des activit\u00e9s les plus intenses.<\/p>\n<p>La nouvelle ceinture \u00e9lastique, am\u00e9lior\u00e9e par rapport aux versions pr\u00e9c\u00e9dentes, garantit stabilit\u00e9 et confort, avec un r\u00e9glage par cordon interne.<\/p>\n<p>Caract\u00e9ristiques principales<br \/>\nConstruction hybride avec tissus Endurance Light (protection) et Stretch Series (respirabilit\u00e9)<br \/>\nTraitement DWR pour une meilleure d\u00e9perlance<br \/>\nCeinture \u00e9lastique avec r\u00e9glage par cordon interne<br \/>\nPoches lat\u00e9rales d\u00e9coup\u00e9es au laser avec zips coll\u00e9s<br \/>\nPoche sur la cuisse droite avec fermeture \u00e9clair<br \/>\nRenforts en tissu rip-stop<br \/>\nBas de jambe r\u00e9glable avec bouton<br \/>\nOurlet coll\u00e9 pour plus de confort<br \/>\nCoutures de couleur contrast\u00e9e<br \/>\nLogos r\u00e9fl\u00e9chissants pour une meilleure visibilit\u00e9<br \/>\nId\u00e9al pour<br \/>\nTrekking rapide et activit\u00e9s de plein air de haute intensit\u00e9<br \/>\nUtilisation technique en montagne<br \/>\nConditions dynamiques et variables<\/p>\n","protected":false},"excerpt":{"rendered":"<p>Description du produit Le Pant Acceleration est con\u00e7u pour le trekking athl\u00e9tique et repr\u00e9sente l\u2019essence du concept fast &amp; light<\/p>\n","protected":false},"featured_media":832667,"template":"","meta":{"_seopress_robots_primary_cat":"","_seopress_titles_title":"","_seopress_titles_desc":"","_seopress_robots_index":""},"product_brand":[3616],"product_cat":[81,981,982],"product_tag":[],"class_list":{"0":"post-832730","1":"product","2":"type-product","3":"status-publish","4":"has-post-thumbnail","6":"product_brand-crazy-fr","7":"product_cat-vetements","8":"product_cat-vetements-de-loisirs","9":"product_cat-vetements-pour-hommes","10":"sws-gruppo-abb-libero-fr","11":"sws-conto-ricavi-merci-rivendita-abbigliamento-fr","12":"sws-gruppo-iva-iva81-fr","14":"first","15":"instock","16":"shipping-taxable","17":"purchasable","18":"product-type-simple"},"_links":{"self":[{"href":"https:\/\/lucacastelli.com\/fr\/wp-json\/wp\/v2\/product\/832730","targetHints":{"allow":["GET"]}}],"collection":[{"href":"https:\/\/lucacastelli.com\/fr\/wp-json\/wp\/v2\/product"}],"about":[{"href":"https:\/\/lucacastelli.com\/fr\/wp-json\/wp\/v2\/types\/product"}],"wp:featuredmedia":[{"embeddable":true,"href":"https:\/\/lucacastelli.com\/fr\/wp-json\/wp\/v2\/media\/832667"}],"wp:attachment":[{"href":"https:\/\/lucacastelli.com\/fr\/wp-json\/wp\/v2\/media?parent=832730"}],"wp:term":[{"taxonomy":"product_brand","embeddable":true,"href":"https:\/\/lucacastelli.com\/fr\/wp-json\/wp\/v2\/product_brand?post=832730"},{"taxonomy":"product_cat","embeddable":true,"href":"https:\/\/lucacastelli.com\/fr\/wp-json\/wp\/v2\/product_cat?post=832730"},{"taxonomy":"product_tag","embeddable":true,"href":"https:\/\/lucacastelli.com\/fr\/wp-json\/wp\/v2\/product_tag?post=832730"}],"curies":[{"name":"wp","href":"https:\/\/api.w.org\/{rel}","templated":true}]}}