{"id":832595,"date":"2025-08-07T15:15:07","date_gmt":"2025-08-07T13:15:07","guid":{"rendered":"https:\/\/lucacastelli.com\/prodotto\/milwaukee-servante-datelier-toolguard-de-27-69-cm-avec-set-doutils-de-131-pieces\/"},"modified":"2025-08-07T15:15:07","modified_gmt":"2025-08-07T13:15:07","slug":"milwaukee-servante-datelier-toolguard-de-27-69-cm-avec-set-doutils-de-131-pieces","status":"publish","type":"product","link":"https:\/\/lucacastelli.com\/fr\/produit\/milwaukee-servante-datelier-toolguard-de-27-69-cm-avec-set-doutils-de-131-pieces\/","title":{"rendered":"MILWAUKEE Servante d&#8217;atelier TOOLGUARD de 27&#8243; \/ 69 cm avec set d&#8217;outils de 131 pi\u00e8ces"},"content":{"rendered":"<p>NE PAS AFFICHER<br \/>\nFilled Toolguard 27&#8243;\/69 Universal<br \/>\n3 tiroirs avec les outils les plus importants ; Tiroirs avec capacit\u00e9 de charge de 35 kg. Tiroir inf\u00e9rieur avec capacit\u00e9 de charge de 70 kg ; Le verrouillage individuel emp\u00eache l&#8217;ouverture accidentelle ; Roulettes de 125 mm (2 fixes, 2 pivotantes, 1 frein de blocage) ; Cliquets avec structure \u00e0 90 dents avec 4 angles de rappel pour les travaux dans les espaces restreints ; Cl\u00e9 \u00e0 cliquet combin\u00e9e avec ouverture horizontale MAX BITE\u2122 pour r\u00e9duire le glissement ou le tournage \u00e0 vide ; Tournevis avec poign\u00e9e confortable Tri-Lobe optimis\u00e9 pour garantir un confort d&#8217;utilisation \u00e9lev\u00e9 et une transmission de force \u00e9lev\u00e9e <\/p>\n<p>4932499182<br \/>\n4058546563462<\/p>\n","protected":false},"excerpt":{"rendered":"<p>Filled Toolguard 27&#8243;\/69 Universal<\/p>\n","protected":false},"featured_media":592677,"template":"","meta":{"_seopress_robots_primary_cat":"none","_seopress_titles_title":"","_seopress_titles_desc":"","_seopress_robots_index":""},"product_brand":[3407],"product_cat":[5416,33],"product_tag":[3270],"class_list":{"0":"post-832595","1":"product","2":"type-product","3":"status-publish","4":"has-post-thumbnail","6":"product_brand-milwaukee","7":"product_cat-utensili-per-officina","8":"product_cat-attrezzature","9":"product_tag-import-milwau","10":"sws-conto-ricavi-merci-rivendita-macchinari-fr","11":"sws-gruppo-iva-iva81-fr","13":"first","14":"instock","15":"sale","16":"shipping-taxable","17":"purchasable","18":"product-type-simple"},"_links":{"self":[{"href":"https:\/\/lucacastelli.com\/fr\/wp-json\/wp\/v2\/product\/832595","targetHints":{"allow":["GET"]}}],"collection":[{"href":"https:\/\/lucacastelli.com\/fr\/wp-json\/wp\/v2\/product"}],"about":[{"href":"https:\/\/lucacastelli.com\/fr\/wp-json\/wp\/v2\/types\/product"}],"wp:featuredmedia":[{"embeddable":true,"href":"https:\/\/lucacastelli.com\/fr\/wp-json\/wp\/v2\/media\/592677"}],"wp:attachment":[{"href":"https:\/\/lucacastelli.com\/fr\/wp-json\/wp\/v2\/media?parent=832595"}],"wp:term":[{"taxonomy":"product_brand","embeddable":true,"href":"https:\/\/lucacastelli.com\/fr\/wp-json\/wp\/v2\/product_brand?post=832595"},{"taxonomy":"product_cat","embeddable":true,"href":"https:\/\/lucacastelli.com\/fr\/wp-json\/wp\/v2\/product_cat?post=832595"},{"taxonomy":"product_tag","embeddable":true,"href":"https:\/\/lucacastelli.com\/fr\/wp-json\/wp\/v2\/product_tag?post=832595"}],"curies":[{"name":"wp","href":"https:\/\/api.w.org\/{rel}","templated":true}]}}