{"id":832594,"date":"2025-08-07T15:15:11","date_gmt":"2025-08-07T13:15:11","guid":{"rendered":"https:\/\/lucacastelli.com\/prodotto\/milwaukee-servante-datelier-a-7-tiroirs-standard\/"},"modified":"2025-08-07T15:15:11","modified_gmt":"2025-08-07T13:15:11","slug":"milwaukee-servante-datelier-a-7-tiroirs-standard","status":"publish","type":"product","link":"https:\/\/lucacastelli.com\/fr\/produit\/milwaukee-servante-datelier-a-7-tiroirs-standard\/","title":{"rendered":"MILWAUKEE Servante d&#8217;atelier \u00e0 7 tiroirs &#8211; Standard"},"content":{"rendered":"<p>Servante d&#8217;atelier \u00e0 7 tiroirs &#8211; Standard<br \/>\nTOOLGUARD 27in\/69cm STEEL CAB. 1PC<br \/>\nTiroirs avec capacit\u00e9 de charge de 35 kg (statique) ; Tiroir inf\u00e9rieur avec capacit\u00e9 de charge de 50 kg (statique) ; La protection anti-basculement permet d&#8217;ouvrir un seul tiroir \u00e0 la fois ; Chaque tiroir est \u00e9quip\u00e9 d&#8217;un tapis antid\u00e9rapant ; Plan de travail encastr\u00e9 en ABS avec trous pour tournevis et compartiments suppl\u00e9mentaires ; Panneaux perfor\u00e9s des deux c\u00f4t\u00e9s pour crochets et porte-outils ; \u00c9tag\u00e8res lat\u00e9rales amovibles ; S\u00e9parateur m\u00e9tallique dans le tiroir inf\u00e9rieur pour une meilleure organisation ; Roues industrielles de 125 mm avec surface souple pour un d\u00e9placement fluide (2x fixes, 2x pivotantes avec 1x frein) ; Exp\u00e9di\u00e9 avec les roues d\u00e9j\u00e0 mont\u00e9es ; Capacit\u00e9 de charge totale 625 kg<\/p>\n<p>4932498252<br \/>\n4058546521219<\/p>\n","protected":false},"excerpt":{"rendered":"<p>TOOLGUARD 27in\/69cm STEEL CAB. 1PC<\/p>\n","protected":false},"featured_media":592655,"template":"","meta":{"_seopress_robots_primary_cat":"","_seopress_titles_title":"","_seopress_titles_desc":"","_seopress_robots_index":""},"product_brand":[3407],"product_cat":[5416,33],"product_tag":[3270],"class_list":{"0":"post-832594","1":"product","2":"type-product","3":"status-publish","4":"has-post-thumbnail","6":"product_brand-milwaukee","7":"product_cat-utensili-per-officina","8":"product_cat-attrezzature","9":"product_tag-import-milwau","10":"sws-conto-ricavi-merci-rivendita-macchinari-fr","11":"sws-gruppo-iva-iva81-fr","13":"first","14":"onbackorder","15":"sale","16":"shipping-taxable","17":"purchasable","18":"product-type-simple"},"_links":{"self":[{"href":"https:\/\/lucacastelli.com\/fr\/wp-json\/wp\/v2\/product\/832594","targetHints":{"allow":["GET"]}}],"collection":[{"href":"https:\/\/lucacastelli.com\/fr\/wp-json\/wp\/v2\/product"}],"about":[{"href":"https:\/\/lucacastelli.com\/fr\/wp-json\/wp\/v2\/types\/product"}],"wp:featuredmedia":[{"embeddable":true,"href":"https:\/\/lucacastelli.com\/fr\/wp-json\/wp\/v2\/media\/592655"}],"wp:attachment":[{"href":"https:\/\/lucacastelli.com\/fr\/wp-json\/wp\/v2\/media?parent=832594"}],"wp:term":[{"taxonomy":"product_brand","embeddable":true,"href":"https:\/\/lucacastelli.com\/fr\/wp-json\/wp\/v2\/product_brand?post=832594"},{"taxonomy":"product_cat","embeddable":true,"href":"https:\/\/lucacastelli.com\/fr\/wp-json\/wp\/v2\/product_cat?post=832594"},{"taxonomy":"product_tag","embeddable":true,"href":"https:\/\/lucacastelli.com\/fr\/wp-json\/wp\/v2\/product_tag?post=832594"}],"curies":[{"name":"wp","href":"https:\/\/api.w.org\/{rel}","templated":true}]}}