{"id":832591,"date":"2025-08-07T15:19:25","date_gmt":"2025-08-07T13:19:25","guid":{"rendered":"https:\/\/lucacastelli.com\/prodotto\/milwaukee-coffret-de-forets-metalliques-forges-hss-g-cobalt-din-338\/"},"modified":"2025-08-07T15:19:25","modified_gmt":"2025-08-07T13:19:25","slug":"milwaukee-coffret-de-forets-metalliques-forges-hss-g-cobalt-din-338","status":"publish","type":"product","link":"https:\/\/lucacastelli.com\/fr\/produit\/milwaukee-coffret-de-forets-metalliques-forges-hss-g-cobalt-din-338\/","title":{"rendered":"MILWAUKEE Coffret de forets m\u00e9talliques forg\u00e9s HSS-G COBALT &#8211; DIN 338"},"content":{"rendered":"<p>Coffret de forets m\u00e9talliques forg\u00e9s HSS-G COBALT &#8211; DIN 338<br \/>\nM. Drill HSS-Co Set-8pc<br \/>\nForets rectifi\u00e9s en HSS cobalt particuli\u00e8rement r\u00e9sistants \u00e0 la chaleur et produits selon la norme DIN 338. Finition brillante ; Tranchants avec angle de coupe de 135 degr\u00e9s. Ne n\u00e9cessite pas de poin\u00e7on de centrage ; La pr\u00e9sence de Cobalt (5 %) \u00e9vite la surchauffe de la pointe ; H\u00e9lice de type N. Utilisable pour percer de l\u2019acier, de la fonte et des alliages avec une charge de rupture jusqu\u2019\u00e0 1000 N\/mm\u00b2, du bois, du plastique et de l\u2019inox ; Adapt\u00e9 au per\u00e7age d\u2019aciers et de m\u00e9taux \u00e0 haute teneur en alliage avec des charges de rupture sup\u00e9rieures \u00e0 1000 N\/mm\u00b2 comme les aciers r\u00e9sistants \u00e0 la chaleur et aux acides et l\u2019acier inox ; Queue \u00e0 trois faces de diam\u00e8tre 5 pour une meilleure prise ; Couleur : bronze  <\/p>\n<p>4932499256<br \/>\n4058546564209<\/p>\n","protected":false},"excerpt":{"rendered":"<p>M. Drill HSS-Co Set-8pc<\/p>\n","protected":false},"featured_media":591294,"template":"","meta":{"_seopress_robots_primary_cat":"","_seopress_titles_title":"","_seopress_titles_desc":"","_seopress_robots_index":""},"product_brand":[3407],"product_cat":[5416,33],"product_tag":[3270],"class_list":{"0":"post-832591","1":"product","2":"type-product","3":"status-publish","4":"has-post-thumbnail","6":"product_brand-milwaukee","7":"product_cat-utensili-per-officina","8":"product_cat-attrezzature","9":"product_tag-import-milwau","10":"sws-conto-ricavi-merci-rivendita-macchinari-fr","11":"sws-gruppo-iva-iva81-fr","13":"first","14":"onbackorder","15":"shipping-taxable","16":"purchasable","17":"product-type-simple"},"_links":{"self":[{"href":"https:\/\/lucacastelli.com\/fr\/wp-json\/wp\/v2\/product\/832591","targetHints":{"allow":["GET"]}}],"collection":[{"href":"https:\/\/lucacastelli.com\/fr\/wp-json\/wp\/v2\/product"}],"about":[{"href":"https:\/\/lucacastelli.com\/fr\/wp-json\/wp\/v2\/types\/product"}],"wp:featuredmedia":[{"embeddable":true,"href":"https:\/\/lucacastelli.com\/fr\/wp-json\/wp\/v2\/media\/591294"}],"wp:attachment":[{"href":"https:\/\/lucacastelli.com\/fr\/wp-json\/wp\/v2\/media?parent=832591"}],"wp:term":[{"taxonomy":"product_brand","embeddable":true,"href":"https:\/\/lucacastelli.com\/fr\/wp-json\/wp\/v2\/product_brand?post=832591"},{"taxonomy":"product_cat","embeddable":true,"href":"https:\/\/lucacastelli.com\/fr\/wp-json\/wp\/v2\/product_cat?post=832591"},{"taxonomy":"product_tag","embeddable":true,"href":"https:\/\/lucacastelli.com\/fr\/wp-json\/wp\/v2\/product_tag?post=832591"}],"curies":[{"name":"wp","href":"https:\/\/api.w.org\/{rel}","templated":true}]}}