{"id":832584,"date":"2025-08-07T15:15:28","date_gmt":"2025-08-07T13:15:28","guid":{"rendered":"https:\/\/lucacastelli.com\/prodotto\/milwaukee-grand-bac-pour-organiseur-packout\/"},"modified":"2025-08-07T15:15:28","modified_gmt":"2025-08-07T13:15:28","slug":"milwaukee-grand-bac-pour-organiseur-packout","status":"publish","type":"product","link":"https:\/\/lucacastelli.com\/fr\/produit\/milwaukee-grand-bac-pour-organiseur-packout\/","title":{"rendered":"MILWAUKEE GRAND BAC POUR ORGANISEUR PACKOUT\u2122"},"content":{"rendered":"<p>GRAND BAC POUR ORGANISEUR PACKOUT\u2122<br \/>\nBac de rechange pour organiseurs PACKOUT\u2122 ; Pour le stockage de petites pi\u00e8ces, telles que la quincaillerie, les fixations et les embouts ; Bo\u00eetier r\u00e9sistant aux chocs, con\u00e7u pour une utilisation dans des conditions difficiles ; Deux porte-\u00e9tiquettes pour une identification facile des mat\u00e9riaux sur le chantier ; Cloison de s\u00e9paration amovible<\/p>\n<p>4932500137<br \/>\n4058546573010<\/p>\n","protected":false},"excerpt":{"rendered":"<p>GRAND BAC POUR ORGANISEUR PACKOUT\u2122<\/p>\n","protected":false},"featured_media":593695,"template":"","meta":{"_seopress_robots_primary_cat":"","_seopress_titles_title":"","_seopress_titles_desc":"","_seopress_robots_index":""},"product_brand":[3407],"product_cat":[5416,33],"product_tag":[3270],"class_list":{"0":"post-832584","1":"product","2":"type-product","3":"status-publish","4":"has-post-thumbnail","6":"product_brand-milwaukee","7":"product_cat-utensili-per-officina","8":"product_cat-attrezzature","9":"product_tag-import-milwau","10":"sws-conto-ricavi-merci-rivendita-macchinari-fr","11":"sws-gruppo-iva-iva81-fr","13":"first","14":"onbackorder","15":"sale","16":"shipping-taxable","17":"purchasable","18":"product-type-simple"},"_links":{"self":[{"href":"https:\/\/lucacastelli.com\/fr\/wp-json\/wp\/v2\/product\/832584","targetHints":{"allow":["GET"]}}],"collection":[{"href":"https:\/\/lucacastelli.com\/fr\/wp-json\/wp\/v2\/product"}],"about":[{"href":"https:\/\/lucacastelli.com\/fr\/wp-json\/wp\/v2\/types\/product"}],"wp:featuredmedia":[{"embeddable":true,"href":"https:\/\/lucacastelli.com\/fr\/wp-json\/wp\/v2\/media\/593695"}],"wp:attachment":[{"href":"https:\/\/lucacastelli.com\/fr\/wp-json\/wp\/v2\/media?parent=832584"}],"wp:term":[{"taxonomy":"product_brand","embeddable":true,"href":"https:\/\/lucacastelli.com\/fr\/wp-json\/wp\/v2\/product_brand?post=832584"},{"taxonomy":"product_cat","embeddable":true,"href":"https:\/\/lucacastelli.com\/fr\/wp-json\/wp\/v2\/product_cat?post=832584"},{"taxonomy":"product_tag","embeddable":true,"href":"https:\/\/lucacastelli.com\/fr\/wp-json\/wp\/v2\/product_tag?post=832584"}],"curies":[{"name":"wp","href":"https:\/\/api.w.org\/{rel}","templated":true}]}}