{"id":832574,"date":"2025-08-07T15:20:13","date_gmt":"2025-08-07T13:20:13","guid":{"rendered":"https:\/\/lucacastelli.com\/prodotto\/milwaukee-papier-abrasif-standard-sans-trous-velcro-4\/"},"modified":"2025-08-07T15:20:13","modified_gmt":"2025-08-07T13:20:13","slug":"milwaukee-papier-abrasif-standard-sans-trous-velcro-4","status":"publish","type":"product","link":"https:\/\/lucacastelli.com\/fr\/produit\/milwaukee-papier-abrasif-standard-sans-trous-velcro-4\/","title":{"rendered":"MILWAUKEE Papier abrasif standard sans trous &#8211; velcro"},"content":{"rendered":"<p>Papier abrasif standard sans trous &#8211; velcro<br \/>\nDISQUE ABR STD 150 mm\/0 TROUS G.120 &#8211; 50 pces<br \/>\nPapier en oxyde d\u2019aluminium robuste et r\u00e9sistant \u00e0 la d\u00e9chirure, pour applications sur bois et m\u00e9tal ; Bon enl\u00e8vement de mati\u00e8re et pr\u00e9paration de la surface ; Convient pour ROS 150 mm<\/p>\n<p>4932498931<br \/>\n4058546528003<\/p>\n","protected":false},"excerpt":{"rendered":"<p>DISQUE ABR STD 150 mm\/0 TROUS G.120 &#8211; 50 pces<\/p>\n","protected":false},"featured_media":592215,"template":"","meta":{"_seopress_robots_primary_cat":"","_seopress_titles_title":"","_seopress_titles_desc":"","_seopress_robots_index":""},"product_brand":[3407],"product_cat":[5416,33],"product_tag":[3270],"class_list":{"0":"post-832574","1":"product","2":"type-product","3":"status-publish","4":"has-post-thumbnail","6":"product_brand-milwaukee","7":"product_cat-utensili-per-officina","8":"product_cat-attrezzature","9":"product_tag-import-milwau","10":"sws-conto-ricavi-merci-rivendita-macchinari-fr","11":"sws-gruppo-iva-iva81-fr","13":"first","14":"onbackorder","15":"sale","16":"shipping-taxable","17":"purchasable","18":"product-type-simple"},"_links":{"self":[{"href":"https:\/\/lucacastelli.com\/fr\/wp-json\/wp\/v2\/product\/832574","targetHints":{"allow":["GET"]}}],"collection":[{"href":"https:\/\/lucacastelli.com\/fr\/wp-json\/wp\/v2\/product"}],"about":[{"href":"https:\/\/lucacastelli.com\/fr\/wp-json\/wp\/v2\/types\/product"}],"wp:featuredmedia":[{"embeddable":true,"href":"https:\/\/lucacastelli.com\/fr\/wp-json\/wp\/v2\/media\/592215"}],"wp:attachment":[{"href":"https:\/\/lucacastelli.com\/fr\/wp-json\/wp\/v2\/media?parent=832574"}],"wp:term":[{"taxonomy":"product_brand","embeddable":true,"href":"https:\/\/lucacastelli.com\/fr\/wp-json\/wp\/v2\/product_brand?post=832574"},{"taxonomy":"product_cat","embeddable":true,"href":"https:\/\/lucacastelli.com\/fr\/wp-json\/wp\/v2\/product_cat?post=832574"},{"taxonomy":"product_tag","embeddable":true,"href":"https:\/\/lucacastelli.com\/fr\/wp-json\/wp\/v2\/product_tag?post=832574"}],"curies":[{"name":"wp","href":"https:\/\/api.w.org\/{rel}","templated":true}]}}