{"id":832569,"date":"2025-08-07T15:15:12","date_gmt":"2025-08-07T13:15:12","guid":{"rendered":"https:\/\/lucacastelli.com\/prodotto\/milwaukee-panier-a-outils-avec-poches\/"},"modified":"2025-08-07T15:15:12","modified_gmt":"2025-08-07T13:15:12","slug":"milwaukee-panier-a-outils-avec-poches","status":"publish","type":"product","link":"https:\/\/lucacastelli.com\/fr\/produit\/milwaukee-panier-a-outils-avec-poches\/","title":{"rendered":"MILWAUKEE Panier \u00e0 outils avec poches"},"content":{"rendered":"<p>Panier \u00e0 outils avec poches<br \/>\nPANIER \u00c0 OUTILS AVEC POCHES<br \/>\nMousqueton pivotant en m\u00e9tal ; Capacit\u00e9 de charge 34 kg ; Mat\u00e9riau durable ; Trous de drainage pour l\u2019\u00e9vacuation de l\u2019eau ; Anneau renforc\u00e9 maintenant le sac ouvert<\/p>\n<p>4932498657<br \/>\n4058546525262<\/p>\n","protected":false},"excerpt":{"rendered":"<p>PANIER \u00c0 OUTILS AVEC POCHES<\/p>\n","protected":false},"featured_media":597862,"template":"","meta":{"_seopress_robots_primary_cat":"","_seopress_titles_title":"","_seopress_titles_desc":"","_seopress_robots_index":""},"product_brand":[3407],"product_cat":[5416,33],"product_tag":[3270],"class_list":{"0":"post-832569","1":"product","2":"type-product","3":"status-publish","4":"has-post-thumbnail","6":"product_brand-milwaukee","7":"product_cat-utensili-per-officina","8":"product_cat-attrezzature","9":"product_tag-import-milwau","10":"sws-conto-ricavi-merci-rivendita-macchinari-fr","11":"sws-gruppo-iva-iva81-fr","13":"first","14":"onbackorder","15":"sale","16":"shipping-taxable","17":"purchasable","18":"product-type-simple"},"_links":{"self":[{"href":"https:\/\/lucacastelli.com\/fr\/wp-json\/wp\/v2\/product\/832569","targetHints":{"allow":["GET"]}}],"collection":[{"href":"https:\/\/lucacastelli.com\/fr\/wp-json\/wp\/v2\/product"}],"about":[{"href":"https:\/\/lucacastelli.com\/fr\/wp-json\/wp\/v2\/types\/product"}],"wp:featuredmedia":[{"embeddable":true,"href":"https:\/\/lucacastelli.com\/fr\/wp-json\/wp\/v2\/media\/597862"}],"wp:attachment":[{"href":"https:\/\/lucacastelli.com\/fr\/wp-json\/wp\/v2\/media?parent=832569"}],"wp:term":[{"taxonomy":"product_brand","embeddable":true,"href":"https:\/\/lucacastelli.com\/fr\/wp-json\/wp\/v2\/product_brand?post=832569"},{"taxonomy":"product_cat","embeddable":true,"href":"https:\/\/lucacastelli.com\/fr\/wp-json\/wp\/v2\/product_cat?post=832569"},{"taxonomy":"product_tag","embeddable":true,"href":"https:\/\/lucacastelli.com\/fr\/wp-json\/wp\/v2\/product_tag?post=832569"}],"curies":[{"name":"wp","href":"https:\/\/api.w.org\/{rel}","templated":true}]}}