{"id":832562,"date":"2025-08-07T15:15:17","date_gmt":"2025-08-07T13:15:17","guid":{"rendered":"https:\/\/lucacastelli.com\/prodotto\/milwaukee-grand-porte-outils-suspendu\/"},"modified":"2025-08-07T15:15:17","modified_gmt":"2025-08-07T13:15:17","slug":"milwaukee-grand-porte-outils-suspendu","status":"publish","type":"product","link":"https:\/\/lucacastelli.com\/fr\/produit\/milwaukee-grand-porte-outils-suspendu\/","title":{"rendered":"MILWAUKEE Grand porte-outils suspendu"},"content":{"rendered":"<p>Grand porte-outils suspendu<br \/>\nGRAND PORTE-OUTILS SUSPENDU<br \/>\nConception en vinyle durable ; Poches de diff\u00e9rentes tailles pour une meilleure organisation ; Support pour m\u00e8ches \u00e0 spirale r\u00e9sistant \u00e0 la chaleur ; Poches r\u00e9sistantes aux lames ; Poche d\u00e9di\u00e9e pour lampes de travail ; Aimants maintenant les douilles en position ; \u0152illets durables en laiton nickel\u00e9 ; Anneaux en D \u00e0 l\u2019avant ; Trous de drainage pour l\u2019\u00e9vacuation de l\u2019eau<\/p>\n<p>4932498653<br \/>\n4058546525224<\/p>\n","protected":false},"excerpt":{"rendered":"<p>GRAND PORTE-OUTILS SUSPENDU<\/p>\n","protected":false},"featured_media":597874,"template":"","meta":{"_seopress_robots_primary_cat":"","_seopress_titles_title":"","_seopress_titles_desc":"","_seopress_robots_index":""},"product_brand":[3407],"product_cat":[5416,33],"product_tag":[3270],"class_list":{"0":"post-832562","1":"product","2":"type-product","3":"status-publish","4":"has-post-thumbnail","6":"product_brand-milwaukee","7":"product_cat-utensili-per-officina","8":"product_cat-attrezzature","9":"product_tag-import-milwau","10":"sws-conto-ricavi-merci-rivendita-macchinari-fr","11":"sws-gruppo-iva-iva81-fr","13":"first","14":"onbackorder","15":"sale","16":"shipping-taxable","17":"purchasable","18":"product-type-simple"},"_links":{"self":[{"href":"https:\/\/lucacastelli.com\/fr\/wp-json\/wp\/v2\/product\/832562","targetHints":{"allow":["GET"]}}],"collection":[{"href":"https:\/\/lucacastelli.com\/fr\/wp-json\/wp\/v2\/product"}],"about":[{"href":"https:\/\/lucacastelli.com\/fr\/wp-json\/wp\/v2\/types\/product"}],"wp:featuredmedia":[{"embeddable":true,"href":"https:\/\/lucacastelli.com\/fr\/wp-json\/wp\/v2\/media\/597874"}],"wp:attachment":[{"href":"https:\/\/lucacastelli.com\/fr\/wp-json\/wp\/v2\/media?parent=832562"}],"wp:term":[{"taxonomy":"product_brand","embeddable":true,"href":"https:\/\/lucacastelli.com\/fr\/wp-json\/wp\/v2\/product_brand?post=832562"},{"taxonomy":"product_cat","embeddable":true,"href":"https:\/\/lucacastelli.com\/fr\/wp-json\/wp\/v2\/product_cat?post=832562"},{"taxonomy":"product_tag","embeddable":true,"href":"https:\/\/lucacastelli.com\/fr\/wp-json\/wp\/v2\/product_tag?post=832562"}],"curies":[{"name":"wp","href":"https:\/\/api.w.org\/{rel}","templated":true}]}}