{"id":832556,"date":"2025-08-07T15:15:18","date_gmt":"2025-08-07T13:15:18","guid":{"rendered":"https:\/\/lucacastelli.com\/prodotto\/milwaukee-porte-outils-suspendu-moyen\/"},"modified":"2025-08-07T15:15:18","modified_gmt":"2025-08-07T13:15:18","slug":"milwaukee-porte-outils-suspendu-moyen","status":"publish","type":"product","link":"https:\/\/lucacastelli.com\/fr\/produit\/milwaukee-porte-outils-suspendu-moyen\/","title":{"rendered":"MILWAUKEE Porte-outils suspendu moyen"},"content":{"rendered":"<p>Porte-outils suspendu moyen<br \/>\nPORTE-OUTILS SUSPENDU MOYEN<br \/>\nConstruction en vinyle durable;Poches de diff\u00e9rentes tailles pour une meilleure organisation;Support pour forets h\u00e9lico\u00efdaux qui ne br\u00fble pas;Poches r\u00e9sistantes aux lames;Poche d\u00e9di\u00e9e pour lampes de travail;Aimants qui maintiennent les douilles en position;\u0152illets durables en laiton nickel\u00e9;Anneaux en D sur la partie frontale;Trous de drainage pour \u00e9vacuer l&#8217;eau<\/p>\n<p>4932498652<br \/>\n4058546525217<\/p>\n","protected":false},"excerpt":{"rendered":"<p>PORTE-OUTILS SUSPENDU MOYEN<\/p>\n","protected":false},"featured_media":597878,"template":"","meta":{"_seopress_robots_primary_cat":"","_seopress_titles_title":"","_seopress_titles_desc":"","_seopress_robots_index":""},"product_brand":[3407],"product_cat":[5416,33],"product_tag":[3270],"class_list":{"0":"post-832556","1":"product","2":"type-product","3":"status-publish","4":"has-post-thumbnail","6":"product_brand-milwaukee","7":"product_cat-utensili-per-officina","8":"product_cat-attrezzature","9":"product_tag-import-milwau","10":"sws-conto-ricavi-merci-rivendita-macchinari-fr","11":"sws-gruppo-iva-iva81-fr","13":"first","14":"onbackorder","15":"sale","16":"shipping-taxable","17":"purchasable","18":"product-type-simple"},"_links":{"self":[{"href":"https:\/\/lucacastelli.com\/fr\/wp-json\/wp\/v2\/product\/832556","targetHints":{"allow":["GET"]}}],"collection":[{"href":"https:\/\/lucacastelli.com\/fr\/wp-json\/wp\/v2\/product"}],"about":[{"href":"https:\/\/lucacastelli.com\/fr\/wp-json\/wp\/v2\/types\/product"}],"wp:featuredmedia":[{"embeddable":true,"href":"https:\/\/lucacastelli.com\/fr\/wp-json\/wp\/v2\/media\/597878"}],"wp:attachment":[{"href":"https:\/\/lucacastelli.com\/fr\/wp-json\/wp\/v2\/media?parent=832556"}],"wp:term":[{"taxonomy":"product_brand","embeddable":true,"href":"https:\/\/lucacastelli.com\/fr\/wp-json\/wp\/v2\/product_brand?post=832556"},{"taxonomy":"product_cat","embeddable":true,"href":"https:\/\/lucacastelli.com\/fr\/wp-json\/wp\/v2\/product_cat?post=832556"},{"taxonomy":"product_tag","embeddable":true,"href":"https:\/\/lucacastelli.com\/fr\/wp-json\/wp\/v2\/product_tag?post=832556"}],"curies":[{"name":"wp","href":"https:\/\/api.w.org\/{rel}","templated":true}]}}