{"id":832552,"date":"2025-08-07T15:15:20","date_gmt":"2025-08-07T13:15:20","guid":{"rendered":"https:\/\/lucacastelli.com\/prodotto\/milwaukee-cardan-1-4\/"},"modified":"2025-08-07T15:15:20","modified_gmt":"2025-08-07T13:15:20","slug":"milwaukee-cardan-1-4","status":"publish","type":"product","link":"https:\/\/lucacastelli.com\/fr\/produit\/milwaukee-cardan-1-4\/","title":{"rendered":"MILWAUKEE Cardan 1\/4&#8221;"},"content":{"rendered":"<p>Cardan 1\/4&#8221;<br \/>\nCARDAN 1\/4in<br \/>\nLe cardan permet un meilleur acc\u00e8s dans les espaces restreints ; Le pivot \u00e0 bille maintient fermement la douille ; Finition chrom\u00e9e<\/p>\n<p>4932493357<br \/>\n4058546482282<\/p>\n","protected":false},"excerpt":{"rendered":"<p>CARDAN 1\/4in<\/p>\n","protected":false},"featured_media":593013,"template":"","meta":{"_seopress_robots_primary_cat":"","_seopress_titles_title":"","_seopress_titles_desc":"","_seopress_robots_index":""},"product_brand":[3407],"product_cat":[5416,33],"product_tag":[3270],"class_list":{"0":"post-832552","1":"product","2":"type-product","3":"status-publish","4":"has-post-thumbnail","6":"product_brand-milwaukee","7":"product_cat-utensili-per-officina","8":"product_cat-attrezzature","9":"product_tag-import-milwau","10":"sws-conto-ricavi-merci-rivendita-macchinari-fr","11":"sws-gruppo-iva-iva81-fr","13":"first","14":"onbackorder","15":"sale","16":"shipping-taxable","17":"purchasable","18":"product-type-simple"},"_links":{"self":[{"href":"https:\/\/lucacastelli.com\/fr\/wp-json\/wp\/v2\/product\/832552","targetHints":{"allow":["GET"]}}],"collection":[{"href":"https:\/\/lucacastelli.com\/fr\/wp-json\/wp\/v2\/product"}],"about":[{"href":"https:\/\/lucacastelli.com\/fr\/wp-json\/wp\/v2\/types\/product"}],"wp:featuredmedia":[{"embeddable":true,"href":"https:\/\/lucacastelli.com\/fr\/wp-json\/wp\/v2\/media\/593013"}],"wp:attachment":[{"href":"https:\/\/lucacastelli.com\/fr\/wp-json\/wp\/v2\/media?parent=832552"}],"wp:term":[{"taxonomy":"product_brand","embeddable":true,"href":"https:\/\/lucacastelli.com\/fr\/wp-json\/wp\/v2\/product_brand?post=832552"},{"taxonomy":"product_cat","embeddable":true,"href":"https:\/\/lucacastelli.com\/fr\/wp-json\/wp\/v2\/product_cat?post=832552"},{"taxonomy":"product_tag","embeddable":true,"href":"https:\/\/lucacastelli.com\/fr\/wp-json\/wp\/v2\/product_tag?post=832552"}],"curies":[{"name":"wp","href":"https:\/\/api.w.org\/{rel}","templated":true}]}}