{"id":832547,"date":"2025-08-07T15:20:16","date_gmt":"2025-08-07T13:20:16","guid":{"rendered":"https:\/\/lucacastelli.com\/prodotto\/milwaukee-papier-abrasif-standard-sans-trous-velcro-3\/"},"modified":"2025-08-07T15:20:16","modified_gmt":"2025-08-07T13:20:16","slug":"milwaukee-papier-abrasif-standard-sans-trous-velcro-3","status":"publish","type":"product","link":"https:\/\/lucacastelli.com\/fr\/produit\/milwaukee-papier-abrasif-standard-sans-trous-velcro-3\/","title":{"rendered":"MILWAUKEE Papier abrasif standard sans trous &#8211; velcro"},"content":{"rendered":"<p>Papier abrasif standard sans trous &#8211; velcro<br \/>\nDISQUE ABR STD 150 mm\/0 TROUS G.80 &#8211; 50 pces<br \/>\nPapier \u00e0 l\u2019oxyde d\u2019aluminium robuste et r\u00e9sistant \u00e0 la d\u00e9chirure, pour applications sur bois et m\u00e9tal ;Bon enl\u00e8vement de mati\u00e8re et pr\u00e9paration de la surface ;Adapt\u00e9 pour ROS 150 mm<\/p>\n<p>4932498929<br \/>\n4058546527983<\/p>\n","protected":false},"excerpt":{"rendered":"<p>DISQUE ABR STD 150 mm\/0 TROUS G.80 &#8211; 50 pces<\/p>\n","protected":false},"featured_media":592205,"template":"","meta":{"_seopress_robots_primary_cat":"","_seopress_titles_title":"","_seopress_titles_desc":"","_seopress_robots_index":""},"product_brand":[3407],"product_cat":[5416,33],"product_tag":[3270],"class_list":{"0":"post-832547","1":"product","2":"type-product","3":"status-publish","4":"has-post-thumbnail","6":"product_brand-milwaukee","7":"product_cat-utensili-per-officina","8":"product_cat-attrezzature","9":"product_tag-import-milwau","10":"sws-conto-ricavi-merci-rivendita-macchinari-fr","11":"sws-gruppo-iva-iva81-fr","13":"first","14":"onbackorder","15":"sale","16":"shipping-taxable","17":"purchasable","18":"product-type-simple"},"_links":{"self":[{"href":"https:\/\/lucacastelli.com\/fr\/wp-json\/wp\/v2\/product\/832547","targetHints":{"allow":["GET"]}}],"collection":[{"href":"https:\/\/lucacastelli.com\/fr\/wp-json\/wp\/v2\/product"}],"about":[{"href":"https:\/\/lucacastelli.com\/fr\/wp-json\/wp\/v2\/types\/product"}],"wp:featuredmedia":[{"embeddable":true,"href":"https:\/\/lucacastelli.com\/fr\/wp-json\/wp\/v2\/media\/592205"}],"wp:attachment":[{"href":"https:\/\/lucacastelli.com\/fr\/wp-json\/wp\/v2\/media?parent=832547"}],"wp:term":[{"taxonomy":"product_brand","embeddable":true,"href":"https:\/\/lucacastelli.com\/fr\/wp-json\/wp\/v2\/product_brand?post=832547"},{"taxonomy":"product_cat","embeddable":true,"href":"https:\/\/lucacastelli.com\/fr\/wp-json\/wp\/v2\/product_cat?post=832547"},{"taxonomy":"product_tag","embeddable":true,"href":"https:\/\/lucacastelli.com\/fr\/wp-json\/wp\/v2\/product_tag?post=832547"}],"curies":[{"name":"wp","href":"https:\/\/api.w.org\/{rel}","templated":true}]}}