{"id":832546,"date":"2025-08-07T15:15:23","date_gmt":"2025-08-07T13:15:23","guid":{"rendered":"https:\/\/lucacastelli.com\/prodotto\/milwaukee-mallette-doutils-a-main-pour-electricien\/"},"modified":"2025-08-07T15:15:23","modified_gmt":"2025-08-07T13:15:23","slug":"milwaukee-mallette-doutils-a-main-pour-electricien","status":"publish","type":"product","link":"https:\/\/lucacastelli.com\/fr\/produit\/milwaukee-mallette-doutils-a-main-pour-electricien\/","title":{"rendered":"MILWAUKEE Mallette d&#8217;outils \u00e0 main pour \u00e9lectricien"},"content":{"rendered":"<p>Mallette d&#8217;outils \u00e0 main pour \u00e9lectricien<br \/>\nPince coupante diagonale, test\u00e9e VDE 160 mm ; Test\u00e9es \u00e0 10 000 V et garanties \u00e0 1000 V, Test\u00e9es \u00e0 -40\u00b0, DIN ISO 5746, DIN EN\/IEC 60900 ; Les lames en acier sont enti\u00e8rement forg\u00e9es, tremp\u00e9es et revenues pour une durabilit\u00e9 maximale. La finition de surface en titane gris non r\u00e9fl\u00e9chissant, r\u00e9sistance maximale \u00e0 la corrosion ; Tranchants tremp\u00e9s par induction pour couper m\u00eame les mat\u00e9riaux les plus durs ; Articulation pr\u00e9cise et souple pour une transmission maximale de la puissance pour un travail facile et sans effort ; Poign\u00e9e ergonomique avec softgrip pour plus de confort et d&#8217;adh\u00e9rence ; Pince coupante lat\u00e9rale, test\u00e9e VDE 200 mm ; Test\u00e9es \u00e0 10 000 V et garanties \u00e0 1000 V, Test\u00e9es \u00e0 -40\u00b0, DIN ISO 5746, DIN EN\/IEC 60900 ; Les lames en acier sont enti\u00e8rement forg\u00e9es, tremp\u00e9es et revenues pour une durabilit\u00e9 maximale. La finition de surface en titane gris non r\u00e9fl\u00e9chissant, r\u00e9sistance maximale \u00e0 la corrosion ; Tranchants tremp\u00e9s par induction pour couper m\u00eame les mat\u00e9riaux les plus durs ; Articulation pr\u00e9cise et souple pour une transmission maximale de la puissance pour un travail facile et sans effort ; Poign\u00e9e ergonomique avec softgrip pour plus de confort et d&#8217;adh\u00e9rence ; Pince \u00e0 becs longs \u00e0 45 degr\u00e9s, test\u00e9e VDE 205 mm ; Test\u00e9es \u00e0 10 000 V et garanties \u00e0 1000 V, Test\u00e9es \u00e0 -40\u00b0, DIN ISO 5746, DIN EN\/IEC 60900 ; Les lames en acier sont enti\u00e8rement forg\u00e9es, tremp\u00e9es et revenues pour une durabilit\u00e9 maximale. La finition de surface en titane gris non r\u00e9fl\u00e9chissant, r\u00e9sistance maximale \u00e0 la corrosion ; Tranchants tremp\u00e9s par induction pour couper m\u00eame les mat\u00e9riaux les plus durs ; Articulation pr\u00e9cise et souple pour une transmission maximale de la puissance pour un travail facile et sans effort ; Poign\u00e9e ergonomique avec softgrip pour plus de confort et d&#8217;adh\u00e9rence ; Pince universelle, test\u00e9e VDE 180 mm ; Test\u00e9es \u00e0 10 000 V et garanties \u00e0 1000 V, Test\u00e9es \u00e0 -40\u00b0, DIN ISO 5746, DIN EN\/IEC 60900 ; Les lames en acier sont enti\u00e8rement forg\u00e9es, tremp\u00e9es et revenues pour une durabilit\u00e9 maximale. La finition de surface en titane gris non r\u00e9fl\u00e9chissant, r\u00e9sistance maximale \u00e0 la corrosion ; Tranchants tremp\u00e9s par induction pour couper m\u00eame les mat\u00e9riaux les plus durs ; Articulation pr\u00e9cise et souple pour une transmission maximale de la puissance pour un travail facile et sans effort ; Poign\u00e9e ergonomique avec softgrip pour plus de confort et d&#8217;adh\u00e9rence ; Pince multiprise, test\u00e9e VDE 240 mm ; Test\u00e9es \u00e0 10 000 V et garanties \u00e0 1000 V, Test\u00e9es \u00e0 -40\u00b0, DIN ISO 5746, DIN EN\/IEC 60900 ; Les lames en acier sont enti\u00e8rement forg\u00e9es, tremp\u00e9es et revenues pour une durabilit\u00e9 maximale.     La finition de surface en titane gris non r\u00e9fl\u00e9chissant, r\u00e9sistance maximale \u00e0 la corrosion ; Trempe par induction pour une adh\u00e9rence et une durabilit\u00e9 maximales ; Articulation pr\u00e9cise et souple pour une transmission maximale de la puissance pour un travail facile et sans effort ; Poign\u00e9e ergonomique avec softgrip pour plus de confort et d&#8217;adh\u00e9rence ; Tournevis Tri-Lobe, test\u00e9 VDE SL 0,4 x 2,5 x 75 mm ; Test\u00e9 jusqu&#8217;\u00e0 10 000 V et garanti jusqu&#8217;\u00e0 1000 V ; Diam\u00e8tre fin pour l&#8217;acc\u00e8s aux applications dans les espaces restreints ; Poign\u00e9e confortable \u00e0 trois faces optimis\u00e9e pour un confort maximal de l&#8217;utilisateur et des applications \u00e0 couple \u00e9lev\u00e9 ; Gravure laser sur la partie sup\u00e9rieure pour une identification rapide du mod\u00e8le ; Design anti-roulement \u00e0 3 faces pour mieux transf\u00e9rer la puissance ; Trou pour accrocher le tournevis \u00e0 des cordons de s\u00e9curit\u00e9 ; Tournevis Tri-Lobe, test\u00e9 VDE SL 0,6 x 3,5 x 100 mm ; Test\u00e9 jusqu&#8217;\u00e0 10 000 V et garanti jusqu&#8217;\u00e0 1000 V ; Diam\u00e8tre fin pour l&#8217;acc\u00e8s aux applications dans les espaces restreints ; Poign\u00e9e confortable \u00e0 trois faces optimis\u00e9e pour un confort maximal de l&#8217;utilisateur et des applications \u00e0 couple \u00e9lev\u00e9 ; Gravure laser sur la partie sup\u00e9rieure pour une identification rapide du mod\u00e8le ; Design anti-roulement \u00e0 3 faces pour mieux transf\u00e9rer la puissance ; Trou pour accrocher le tournevis \u00e0 des cordons de s\u00e9curit\u00e9 ; Tournevis Tri-Lobe, test\u00e9 VDE SL 1,2 x 6,5 x 150 mm ; Test\u00e9 jusqu&#8217;\u00e0 10 000 V et garanti jusqu&#8217;\u00e0 1000 V ; Diam\u00e8tre fin pour l&#8217;acc\u00e8s aux applications dans les espaces restreints ; Poign\u00e9e confortable \u00e0 trois faces optimis\u00e9e pour un confort maximal de l&#8217;utilisateur et des applications \u00e0 couple \u00e9lev\u00e9 ; Gravure laser sur la partie sup\u00e9rieure pour une identification rapide du mod\u00e8le ; Design anti-roulement \u00e0 3 faces pour mieux transf\u00e9rer la puissance ; Trou pour accrocher le tournevis \u00e0 des cordons de s\u00e9curit\u00e9 ; Testeur de tension SL 0,5 x 3 x 65 mm ; Test\u00e9 jusqu&#8217;\u00e0 10 000 V et garanti jusqu&#8217;\u00e0 1000 V ; Diam\u00e8tre fin pour l&#8217;acc\u00e8s aux applications dans les espaces restreints ; Poign\u00e9e confortable \u00e0 trois faces optimis\u00e9e pour un confort maximal de l&#8217;utilisateur et des applications \u00e0 couple \u00e9lev\u00e9 ; Gravure laser sur la partie sup\u00e9rieure pour une identification rapide du mod\u00e8le ; Design anti-roulement \u00e0 3 faces pour mieux transf\u00e9rer la puissance ; Trou pour accrocher le tournevis \u00e0 des cordons de s\u00e9curit\u00e9 ; Pince \u00e0 d\u00e9nuder automatique 0,2 &#8211; 16 mm\u00b2 ; Pince \u00e0 d\u00e9nuder enti\u00e8rement automatique et autor\u00e9glable pour tous les fils de 0,2 mm\u00b2 \u00e0 16 mm\u00b2 ; But\u00e9e de longueur r\u00e9glable de 5 mm \u00e0 25 mm pour un travail pr\u00e9cis ; Coupe-fil lat\u00e9ral int\u00e9gr\u00e9 pour couper les fils jusqu&#8217;\u00e0 3 mm Cu\/AI ; Le design fin de la t\u00eate permet d&#8217;acc\u00e9der plus facilement aux zones difficiles ; Design de poign\u00e9e \u00e0 deux composants pour une maniabilit\u00e9 confortable et une transmission maximale de la force ; M\u00e9canisme de verrouillage pour un rangement s\u00fbr et peu encombrant ; Plaque int\u00e9gr\u00e9e \u00e0 l&#8217;int\u00e9rieur de la poign\u00e9e pour personnaliser l&#8217;outil ; Pr\u00e9paration pour cordon antichute, utilisation facile avec la gamme de cordons Milwaukee et pour permettre l&#8217;utilisation en hauteur ; Pince \u00e0 d\u00e9nuder avec lame d&#8217;entra\u00eenement pour c\u00e2bles ronds de 4 \u00e0 28 mm ; Capacit\u00e9 de d\u00e9nudage accrue pour tous les c\u00e2bles ronds standard d&#8217;un diam\u00e8tre de 4 mm \u00e0 28 mm ; La molette de r\u00e9glage aide \u00e0 r\u00e9gler la profondeur de coupe ; Passage automatique de la coupe ronde \u00e0 la coupe longitudinale ; Lame \u00e0 crochet int\u00e9gr\u00e9e pour une polyvalence accrue. Le capuchon de s\u00e9curit\u00e9 sur la lame r\u00e9duit le risque de blessures ; Poign\u00e9e \u00e0 deux composants pour une utilisation confortable et antid\u00e9rapante ; Jeu de cl\u00e9s hexagonales m\u00e9triques 9 pi\u00e8ces ; \u00c9tui pivotant et verrouillable pour un acc\u00e8s facile aux cl\u00e9s ; Extr\u00e9mit\u00e9 sph\u00e9rique pour un acc\u00e8s \u00e0 la vis jusqu&#8217;\u00e0 30\u00b0 ; Diam\u00e8tres imprim\u00e9s sur l&#8217;\u00e9tui pour une identification facile ; Pr\u00e9paration pour cordon antichute ; Le jeu contient : Cl\u00e9s hexagonales 1,5, 2, 2,5, 3, 4, 5, 6, 8, 10 mm ; Marteau de forgeron 300 g ; Manche en bois de noyer qui offre plus de r\u00e9sistance aux vibrations ; T\u00eate renforc\u00e9e pour une durabilit\u00e9 accrue ; \u00c9quilibre parfait ; DIN 1041 ; Niveau minibox 10 cm ; Niveau avec profil rectangulaire en aluminium, l\u00e9ger et compact pour un rangement facile ; Fiole en acrylique r\u00e9sistante aux chocs et aux rayons UV ; Bouchons absorbeurs de chocs ; Pr\u00e9cision 0,029\u00b0 (0,0005 pouce\/in, 0,5 mm\/m) en position standard ; Degr\u00e9 de pr\u00e9cision certifi\u00e9 par un organisme ind\u00e9pendant (VPA) ; Couteau pliant universel FASTBACK ; Ouverture simplifi\u00e9e via le bouton pr\u00e9vu \u00e0 cet effet ; Le coupe-fil int\u00e9gr\u00e9 permet de couper sans avoir besoin d&#8217;ouvrir le couteau ; Via le bouton, le changement de lame est rapide et simple, pour une efficacit\u00e9 de coupe maximale ; D\u00e9nude-c\u00e2bles int\u00e9gr\u00e9 ; Corps fin et clip de fixation ; Clip pour ceinture ; Tournevis Tri-Lobe, test\u00e9 VDE PZ\/SL1 x 80 mm ; Test\u00e9 jusqu&#8217;\u00e0 10 000 V et garanti jusqu&#8217;\u00e0 1000 V ; Diam\u00e8tre fin pour l&#8217;acc\u00e8s aux applications dans les espaces restreints ; Poign\u00e9e confortable \u00e0 trois faces optimis\u00e9e pour un confort maximal de l&#8217;utilisateur et des applications \u00e0 couple \u00e9lev\u00e9 ; Gravure laser sur la partie sup\u00e9rieure pour une identification rapide du mod\u00e8le ; Design anti-roulement \u00e0 3 faces pour mieux transf\u00e9rer la puissance ; Trou pour accrocher le tournevis \u00e0 des cordons de s\u00e9curit\u00e9 ; Jeu de cliquets, douilles et manches de 1\/4 de pouce m\u00e9trique 38 pi\u00e8ces ; Design \u00e0 90 dents avec 4 degr\u00e9s de rotation de l&#8217;arc pour une accessibilit\u00e9 maximale aux espaces restreints ; Design FOUR FLAT\u2122 antichute ; Diam\u00e8tres imprim\u00e9s sur le c\u00f4t\u00e9 pour une identification facile ; Poign\u00e9e confortable pour un confort maximal et des applications \u00e0 couple \u00e9lev\u00e9 ; Embouts SHOCKWAVE\u2122 ; Le jeu contient : Cliquet de 1\/4 de pouce, poign\u00e9e de tournevis \u00e0 trois lobes de 1\/4 de pouce, douilles standard de 1\/4 de pouce : 5,5 mm, 6 mm, 7 mm, 8 mm, 9 mm, 10 mm, 11 mm, 12 mm, 13 mm, 14 mm, rallonges de 1\/4 de pouce : 76 mm, 152 mm, embouts r\u00e9sistants aux chocs SHOCKWAVE\u2122 : SL 4,5, SL 5,5, SL 6,5, PH1, PH2, PH3, PZ1, PZ2, PZ3, HEX 3, HEX 4, HEX 5, HEX 6, HEX 8, TX 10, TX 15, TX 20, TX 25, TX 27, TX 30, TX40, joint de cardan, adaptateur SHOCKWAVE\u2122 de 1\/4 de pouce hexagonal \u00e0 1\/4 de pouce carr\u00e9&lt;\/li&gt; &lt;\/ul &gt;<\/p>\n<p>4932499466<br \/>\n4058546566302<\/p>\n","protected":false},"excerpt":{"rendered":"<p>Mallette d&#8217;outils \u00e0 main pour \u00e9lectricien<\/p>\n","protected":false},"featured_media":593170,"template":"","meta":{"_seopress_robots_primary_cat":"","_seopress_titles_title":"","_seopress_titles_desc":"","_seopress_robots_index":""},"product_brand":[3407],"product_cat":[5416,33],"product_tag":[3270],"class_list":{"0":"post-832546","1":"product","2":"type-product","3":"status-publish","4":"has-post-thumbnail","6":"product_brand-milwaukee","7":"product_cat-utensili-per-officina","8":"product_cat-attrezzature","9":"product_tag-import-milwau","10":"sws-conto-ricavi-merci-rivendita-macchinari-fr","11":"sws-gruppo-iva-iva81-fr","13":"first","14":"onbackorder","15":"sale","16":"shipping-taxable","17":"purchasable","18":"product-type-simple"},"_links":{"self":[{"href":"https:\/\/lucacastelli.com\/fr\/wp-json\/wp\/v2\/product\/832546","targetHints":{"allow":["GET"]}}],"collection":[{"href":"https:\/\/lucacastelli.com\/fr\/wp-json\/wp\/v2\/product"}],"about":[{"href":"https:\/\/lucacastelli.com\/fr\/wp-json\/wp\/v2\/types\/product"}],"wp:featuredmedia":[{"embeddable":true,"href":"https:\/\/lucacastelli.com\/fr\/wp-json\/wp\/v2\/media\/593170"}],"wp:attachment":[{"href":"https:\/\/lucacastelli.com\/fr\/wp-json\/wp\/v2\/media?parent=832546"}],"wp:term":[{"taxonomy":"product_brand","embeddable":true,"href":"https:\/\/lucacastelli.com\/fr\/wp-json\/wp\/v2\/product_brand?post=832546"},{"taxonomy":"product_cat","embeddable":true,"href":"https:\/\/lucacastelli.com\/fr\/wp-json\/wp\/v2\/product_cat?post=832546"},{"taxonomy":"product_tag","embeddable":true,"href":"https:\/\/lucacastelli.com\/fr\/wp-json\/wp\/v2\/product_tag?post=832546"}],"curies":[{"name":"wp","href":"https:\/\/api.w.org\/{rel}","templated":true}]}}