{"id":832545,"date":"2025-08-07T15:15:22","date_gmt":"2025-08-07T13:15:22","guid":{"rendered":"https:\/\/lucacastelli.com\/prodotto\/coffret-doutils-a-main-pour-installateur-milwaukee\/"},"modified":"2025-08-07T15:15:22","modified_gmt":"2025-08-07T13:15:22","slug":"coffret-doutils-a-main-pour-installateur-milwaukee","status":"publish","type":"product","link":"https:\/\/lucacastelli.com\/fr\/produit\/coffret-doutils-a-main-pour-installateur-milwaukee\/","title":{"rendered":"Coffret d\u2019outils \u00e0 main pour installateur MILWAUKEE"},"content":{"rendered":"<p>Coffret d\u2019outils \u00e0 main pour installateur<br \/>\nPince coupante diagonale, test\u00e9e VDE 160 mm ; Test\u00e9es \u00e0 10 000 V et garanties \u00e0 1 000 V, test\u00e9es \u00e0 -40\u00b0, DIN ISO 5746, DIN EN\/IEC 60900 ; Les lames en acier sont enti\u00e8rement forg\u00e9es, tremp\u00e9es et revenues pour une durabilit\u00e9 maximale. La finition de surface en titane gris non r\u00e9fl\u00e9chissante offre une r\u00e9sistance maximale \u00e0 la corrosion ; Tranchants tremp\u00e9s par induction pour couper m\u00eame les mat\u00e9riaux les plus durs ; Articulation pr\u00e9cise et souple pour une transmission de puissance maximale pour un travail facile et sans effort ; Poign\u00e9e ergonomique avec softgrip pour plus de confort et de prise ; Pinces coupantes lat\u00e9rales, test\u00e9es VDE 200 mm ; Test\u00e9es \u00e0 10 000 V et garanties \u00e0 1 000 V, test\u00e9es \u00e0 -40\u00b0, DIN ISO 5746, DIN EN\/IEC 60900 ; Les lames en acier sont enti\u00e8rement forg\u00e9es, tremp\u00e9es et revenues pour une durabilit\u00e9 maximale. La finition de surface en titane gris non r\u00e9fl\u00e9chissante offre une r\u00e9sistance maximale \u00e0 la corrosion ; Tranchants tremp\u00e9s par induction pour couper m\u00eame les mat\u00e9riaux les plus durs ; Articulation pr\u00e9cise et souple pour une transmission de puissance maximale pour un travail facile et sans effort ; Poign\u00e9e ergonomique avec softgrip pour plus de confort et de prise ; Pinces \u00e0 becs longs, test\u00e9es VDE 205 mm ; Test\u00e9es \u00e0 10 000 V et garanties \u00e0 1 000 V, test\u00e9es \u00e0 -40\u00b0, DIN ISO 5746, DIN EN\/IEC 60900 ; Les lames en acier sont enti\u00e8rement forg\u00e9es, tremp\u00e9es et revenues pour une durabilit\u00e9 maximale. La finition de surface en titane gris non r\u00e9fl\u00e9chissante offre une r\u00e9sistance maximale \u00e0 la corrosion ; Tranchants tremp\u00e9s par induction pour couper m\u00eame les mat\u00e9riaux les plus durs ; Articulation pr\u00e9cise et souple pour une transmission de puissance maximale pour un travail facile et sans effort ; Poign\u00e9e ergonomique with softgrip pour plus de confort et de prise ; Pinces universelles, test\u00e9es VDE 180 mm ; Test\u00e9es \u00e0 10 000 V et garanties \u00e0 1 000 V, test\u00e9es \u00e0 -40\u00b0, DIN ISO 5746, DIN EN\/IEC 60900 ; Les lames en acier sont enti\u00e8rement forg\u00e9es, tremp\u00e9es et revenues pour une durabilit\u00e9 maximale.    La finition de surface en titane gris non r\u00e9fl\u00e9chissante offre une r\u00e9sistance maximale \u00e0 la corrosion ; Tranchants tremp\u00e9s par induction pour couper m\u00eame les mat\u00e9riaux les plus durs ; Articulation pr\u00e9cise et souple pour une transmission de puissance maximale pour un travail facile et sans effort ; Poign\u00e9e ergonomique avec softgrip pour plus de confort et de prise ; Pince multiprise 250 mm ; M\u00e2choire \u00e0 double denture pour une prise maximale ; M\u00e2choires tremp\u00e9es par induction avec verrouillage autobloquant pour \u00e9viter tout glissement ; Support de clou int\u00e9gr\u00e9 ; La conception garantit une haute r\u00e9sistance et une grande capacit\u00e9 de prise ; Bouton pour des r\u00e9glages rapides et pr\u00e9cis ; Protection des doigts \u00e0 chaque point de r\u00e9glage de la cr\u00e9maill\u00e8re ; Tournevis Tri-Lobe, test\u00e9 VDE SL 0,4 x 2,5 x 75 mm ; Test\u00e9 jusqu\u2019\u00e0 10 000 V et garanti jusqu\u2019\u00e0 1 000 V ; Diam\u00e8tre fin pour l\u2019acc\u00e8s aux espaces restreints ; Poign\u00e9e confortable \u00e0 trois faces optimis\u00e9e pour le confort de l\u2019utilisateur et les applications \u00e0 couple \u00e9lev\u00e9 ; Marquage laser sur le dessus pour une identification rapide du mod\u00e8le ; Conception anti-roulement \u00e0 3 faces pour un meilleur transfert de puissance ; Trou pour attacher le tournevis \u00e0 des longes de s\u00e9curit\u00e9 ; Tournevis Tri-Lobe, test\u00e9 VDE SL 0,6 x 3,5 x 100 mm ; Test\u00e9 jusqu\u2019\u00e0 10 000 V et garanti jusqu\u2019\u00e0 1 000 V ; Diam\u00e8tre fin pour l\u2019acc\u00e8s aux espaces restreints ; Poign\u00e9e confortable \u00e0 trois faces optimis\u00e9e pour le confort de l\u2019utilisateur et les applications \u00e0 couple \u00e9lev\u00e9 ; Marquage laser sur le dessus pour une identification rapide du mod\u00e8le ; Conception anti-roulement \u00e0 3 faces pour un meilleur transfert de puissance ; Trou pour attacher le tournevis \u00e0 des longes de s\u00e9curit\u00e9 ; Tournevis Tri-Lobe, test\u00e9 VDE SL 1,2 x 6,5 x 150 mm ; Test\u00e9 jusqu\u2019\u00e0 10 000 V et garanti jusqu\u2019\u00e0 1 000 V ; Diam\u00e8tre fin pour l\u2019acc\u00e8s aux espaces restreints ; Poign\u00e9e confortable \u00e0 trois faces optimis\u00e9e pour le confort de l\u2019utilisateur et les applications \u00e0 couple \u00e9lev\u00e9 ; Marquage laser sur le dessus pour une identification rapide du mod\u00e8le ; Conception anti-roulement \u00e0 3 faces pour un meilleur transfert de puissance ; Trou pour attacher le tournevis \u00e0 des longes de s\u00e9curit\u00e9 ; Testeur de tension SL 0,5 x 3 x 65 mm ; Test\u00e9 jusqu\u2019\u00e0 10 000 V et garanti jusqu\u2019\u00e0 1 000 V ; Diam\u00e8tre fin pour l\u2019acc\u00e8s aux espaces restreints ; Poign\u00e9e confortable \u00e0 trois faces optimis\u00e9e pour le confort de l\u2019utilisateur et les applications \u00e0 couple \u00e9lev\u00e9 ; Marquage laser sur le dessus pour une identification rapide du mod\u00e8le ; Conception anti-roulement \u00e0 3 faces pour un meilleur transfert de puissance ; Trou pour attacher le tournevis \u00e0 des longes de s\u00e9curit\u00e9 ; Jeu de 2 tournevis Tri-Lobe \u00e0 frapper PH\/SL ; Capuchon m\u00e9tallique sup\u00e9rieur, pr\u00eat \u00e0 l\u2019emploi ; \u00c2me m\u00e9tallique ; Lame hexagonale ; Poign\u00e9e confortable ; Contenu du jeu : Tournevis \u00e0 frapper PH2 \/ SL7,9 ; Jeu de 9 cl\u00e9s m\u00e2les hexagonales m\u00e9triques ; \u00c9tui pivotant et verrouillable pour un acc\u00e8s facile aux cl\u00e9s ; Extr\u00e9mit\u00e9 sph\u00e9rique pour un acc\u00e8s \u00e0 la vis jusqu\u2019\u00e0 30\u00b0 ; Diam\u00e8tres marqu\u00e9s sur l\u2019\u00e9tui pour une identification facile ; Pr\u00e9vu pour longe antichute ; Contenu du jeu : Cl\u00e9s m\u00e2les 1,5, 2, 2,5, 3, 4, 5, 6, 8, 10 mm ; Cl\u00e9 mixte \u00e0 cliquet MAX BITE 13 mm ; Cliquet 144 dents avec inclinaison de 2,5\u00b0 pour travailler dans les espaces les plus restreints ; Double cliquet pour un m\u00e9canisme durable et r\u00e9sistant ; L\u2019ouverture MAX BITE\u2122 r\u00e9duit l\u2019arrondissement et l\u2019\u00e9caillage ; Manche arrondi I-Beam pour une prise confortable ; Marquage laser avec encre pour une meilleure visibilit\u00e9 ; Finition chrom\u00e9e ; Cl\u00e9 mixte \u00e0 cliquet MAX BITE 17 mm ; Cliquet 144 dents avec inclinaison de 2,5\u00b0 pour travailler dans les espaces les plus restreints ; Double cliquet pour un m\u00e9canisme durable et r\u00e9sistant ; L\u2019ouverture MAX BITE\u2122 r\u00e9duit l\u2019arrondissement et l\u2019\u00e9caillage ; Manche arrondi I-Beam pour une prise confortable ; Marquage laser avec encre pour une meilleure visibilit\u00e9 ; Finition chrom\u00e9e ; Cl\u00e9 mixte \u00e0 cliquet MAX BITE 19 mm ; Cliquet 144 dents avec inclinaison de 2,5\u00b0 pour travailler dans les espaces les plus restreints ; Double cliquet pour un m\u00e9canisme durable et r\u00e9sistant ; L\u2019ouverture MAX BITE\u2122 r\u00e9duit l\u2019arrondissement et l\u2019\u00e9caillage ; Manche arrondi I-Beam pour une prise confortable ; Marquage laser avec encre pour une meilleure visibilit\u00e9 ; Finition chrom\u00e9e ; Cl\u00e9 mixte \u00e0 cliquet MAX BITE 10 mm ; Cliquet 144 dents avec inclinaison de 2,5\u00b0 pour travailler dans les espaces les plus restreints ; Double cliquet pour un m\u00e9canisme durable et r\u00e9sistant ; L\u2019ouverture MAX BITE\u2122 r\u00e9duit l\u2019arrondissement et l\u2019\u00e9caillage ; Manche arrondi I-Beam pour une prise confortable ; Marquage laser avec encre pour une meilleure visibilit\u00e9 ; Finition chrom\u00e9e ; Jeu de cl\u00e9s pliables ; 8 cl\u00e9s pliables pour un acc\u00e8s facile et s\u00fbr ; Tailles indiqu\u00e9es en contraste \u00e9lev\u00e9 pour une identification rapide et facile ; Poign\u00e9e ergonomique pour une prise confortable et s\u00fbre ; Corps en m\u00e9tal pour une plus grande r\u00e9sistance ; Contenu du jeu : cl\u00e9s pliables T9, T10, T15, T20, T25, T27, T30, T40 ; Pince \u00e0 d\u00e9nuder automatique 0,2 &#8211; 16 mm\u00b2 ; D\u00e9nudage de tous les c\u00e2bles ronds et plats courants. Capacit\u00e9 de d\u00e9nudage pour c\u00e2bles ronds standard de 6 mm \u00e0 13 mm de diam\u00e8tre. C\u00e2ble plat standard jusqu\u2019\u00e0 18 mm de largeur ; Passage automatique de la coupe circulaire \u00e0 la coupe longitudinale ; Capacit\u00e9 de d\u00e9nudage pour tous les fils standard de 0,5 mm\u00b2, 0,8 mm\u00b2, 1,5 mm\u00b2, 2,5 mm\u00b2, 4 mm\u00b2, 6 mm\u00b2 ; Profondeur de coupe facilement r\u00e9glable de 0 \u00e0 3 mm ; Dispositif de bouclage int\u00e9gr\u00e9 pour plier les conducteurs ; Poign\u00e9e ergonomique pour \u00e9viter tout glissement pendant l\u2019utilisation ; Marteau de serrurier en fibre de verre 300 g ; Manche renforc\u00e9 en fibre de verre ; Poign\u00e9e durable et prise maximale ; T\u00eate renforc\u00e9e pour une durabilit\u00e9 accrue ; \u00c9quilibre parfait ; DIN 1041 ; Coffret de cliquets, douilles et poign\u00e9es 1\/4&#8243; m\u00e9trique 38 pi\u00e8ces ; Conception \u00e0 90 dents avec 4 degr\u00e9s d\u2019angle de reprise pour une accessibilit\u00e9 maximale dans les espaces restreints ; Conception FOUR FLAT\u2122 anti-roulement ; Diam\u00e8tres marqu\u00e9s sur le c\u00f4t\u00e9 pour une identification facile ; Poign\u00e9e confortable pour un confort maximal et des applications \u00e0 couple \u00e9lev\u00e9 ; Embouts SHOCKWAVE\u2122 ; Contenu du jeu : Cliquet 1\/4&#8243;, poign\u00e9e de tournevis trilob\u00e9e 1\/4&#8243;, douilles standard 1\/4&#8243; : 5,5 mm, 6 mm, 7 mm, 8 mm, 9 mm, 10 mm, 11 mm, 12 mm, 13 mm, 14 mm, rallonges 1\/4&#8243; : 76 mm, 152 mm, embouts r\u00e9sistants aux chocs SHOCKWAVE\u2122 : SL 4.  5, SL 5,5, SL 6,5, PH1, PH2, PH3, PZ1, PZ2, PZ3, HEX 3, HEX 4, HEX 5, HEX 6, HEX 8, TX 10, TX 15, TX 20, TX 25, TX 27, TX 30, TX 40, joint de cardan, adaptateur hexagonal 1\/4&#8243; vers carr\u00e9 1\/4&#8243; SHOCKWAVE\u2122 ; Couteau pliant universel FASTBACK ; Ouverture simplifi\u00e9e par bouton-poussoir ; Le coupe-fil int\u00e9gr\u00e9 permet de couper sans ouvrir le couteau ; Changement de lame rapide et simple par bouton pour une efficacit\u00e9 de coupe maximale ; D\u00e9nudeur de c\u00e2ble int\u00e9gr\u00e9 ; Corps mince et clip de fixation ; Clip de ceinture ; Coupe-tube pour cuivre Constant HD 3,2-42 mm ; Les coupe-tubes pour cuivre sont con\u00e7us pour des coupes plus simples et nettes ; La conception \u00e0 4 rouleaux offre des coupes pr\u00e9cises et emp\u00eache le glissement du tube ; Les rouleaux chrom\u00e9s offrent une meilleure r\u00e9sistance \u00e0 la rouille et \u00e0 la corrosion ; M\u00e9canisme de r\u00e9glage rapide ; La lame permet un \u00e9bavurage facile et rapide ; Lame de rechange int\u00e9gr\u00e9e&lt;\/li&gt; &lt;\/ul&gt;<\/p>\n<p>4932499467<br \/>\n4058546566319<\/p>\n","protected":false},"excerpt":{"rendered":"<p>Coffret d\u2019outils \u00e0 main pour installateur<\/p>\n","protected":false},"featured_media":593195,"template":"","meta":{"_seopress_robots_primary_cat":"","_seopress_titles_title":"","_seopress_titles_desc":"","_seopress_robots_index":""},"product_brand":[3407],"product_cat":[5416,33],"product_tag":[3270],"class_list":{"0":"post-832545","1":"product","2":"type-product","3":"status-publish","4":"has-post-thumbnail","6":"product_brand-milwaukee","7":"product_cat-utensili-per-officina","8":"product_cat-attrezzature","9":"product_tag-import-milwau","10":"sws-conto-ricavi-merci-rivendita-macchinari-fr","11":"sws-gruppo-iva-iva81-fr","13":"first","14":"onbackorder","15":"sale","16":"shipping-taxable","17":"purchasable","18":"product-type-simple"},"_links":{"self":[{"href":"https:\/\/lucacastelli.com\/fr\/wp-json\/wp\/v2\/product\/832545","targetHints":{"allow":["GET"]}}],"collection":[{"href":"https:\/\/lucacastelli.com\/fr\/wp-json\/wp\/v2\/product"}],"about":[{"href":"https:\/\/lucacastelli.com\/fr\/wp-json\/wp\/v2\/types\/product"}],"wp:featuredmedia":[{"embeddable":true,"href":"https:\/\/lucacastelli.com\/fr\/wp-json\/wp\/v2\/media\/593195"}],"wp:attachment":[{"href":"https:\/\/lucacastelli.com\/fr\/wp-json\/wp\/v2\/media?parent=832545"}],"wp:term":[{"taxonomy":"product_brand","embeddable":true,"href":"https:\/\/lucacastelli.com\/fr\/wp-json\/wp\/v2\/product_brand?post=832545"},{"taxonomy":"product_cat","embeddable":true,"href":"https:\/\/lucacastelli.com\/fr\/wp-json\/wp\/v2\/product_cat?post=832545"},{"taxonomy":"product_tag","embeddable":true,"href":"https:\/\/lucacastelli.com\/fr\/wp-json\/wp\/v2\/product_tag?post=832545"}],"curies":[{"name":"wp","href":"https:\/\/api.w.org\/{rel}","templated":true}]}}