{"id":832544,"date":"2025-08-07T15:15:19","date_gmt":"2025-08-07T13:15:19","guid":{"rendered":"https:\/\/lucacastelli.com\/prodotto\/milwaukee-jeu-de-cles-polygonales-doubles-coudees-2\/"},"modified":"2025-08-07T15:15:19","modified_gmt":"2025-08-07T13:15:19","slug":"milwaukee-jeu-de-cles-polygonales-doubles-coudees-2","status":"publish","type":"product","link":"https:\/\/lucacastelli.com\/fr\/produit\/milwaukee-jeu-de-cles-polygonales-doubles-coudees-2\/","title":{"rendered":"MILWAUKEE Jeu de cl\u00e9s polygonales doubles coud\u00e9es"},"content":{"rendered":"<p>Jeu de cl\u00e9s polygonales contre-coud\u00e9es<br \/>\nJEU DE CL\u00c9S POLYGONALES CONTRE-COUD\u00c9ES 7 pcs<br \/>\nT\u00eate inclin\u00e9e \u00e0 75\u00b0 pour un meilleur acc\u00e8s dans les espaces restreints ; Manche arrondi et ergonomique pour appliquer un couple maximal ; Marquage laser rempli d\u2019encre pour une meilleure visibilit\u00e9 du diam\u00e8tre ; Finition chrom\u00e9e<\/p>\n<p>4932492737<br \/>\n4058546476083<\/p>\n","protected":false},"excerpt":{"rendered":"<p>JEU DE CL\u00c9S POLYGONALES CONTRE-COUD\u00c9ES 7 pcs<\/p>\n","protected":false},"featured_media":593004,"template":"","meta":{"_seopress_robots_primary_cat":"","_seopress_titles_title":"","_seopress_titles_desc":"","_seopress_robots_index":""},"product_brand":[3407],"product_cat":[5416,33],"product_tag":[3270],"class_list":{"0":"post-832544","1":"product","2":"type-product","3":"status-publish","4":"has-post-thumbnail","6":"product_brand-milwaukee","7":"product_cat-utensili-per-officina","8":"product_cat-attrezzature","9":"product_tag-import-milwau","10":"sws-conto-ricavi-merci-rivendita-macchinari-fr","11":"sws-gruppo-iva-iva81-fr","13":"first","14":"onbackorder","15":"sale","16":"shipping-taxable","17":"purchasable","18":"product-type-simple"},"_links":{"self":[{"href":"https:\/\/lucacastelli.com\/fr\/wp-json\/wp\/v2\/product\/832544","targetHints":{"allow":["GET"]}}],"collection":[{"href":"https:\/\/lucacastelli.com\/fr\/wp-json\/wp\/v2\/product"}],"about":[{"href":"https:\/\/lucacastelli.com\/fr\/wp-json\/wp\/v2\/types\/product"}],"wp:featuredmedia":[{"embeddable":true,"href":"https:\/\/lucacastelli.com\/fr\/wp-json\/wp\/v2\/media\/593004"}],"wp:attachment":[{"href":"https:\/\/lucacastelli.com\/fr\/wp-json\/wp\/v2\/media?parent=832544"}],"wp:term":[{"taxonomy":"product_brand","embeddable":true,"href":"https:\/\/lucacastelli.com\/fr\/wp-json\/wp\/v2\/product_brand?post=832544"},{"taxonomy":"product_cat","embeddable":true,"href":"https:\/\/lucacastelli.com\/fr\/wp-json\/wp\/v2\/product_cat?post=832544"},{"taxonomy":"product_tag","embeddable":true,"href":"https:\/\/lucacastelli.com\/fr\/wp-json\/wp\/v2\/product_tag?post=832544"}],"curies":[{"name":"wp","href":"https:\/\/api.w.org\/{rel}","templated":true}]}}