{"id":832532,"date":"2025-08-07T15:14:51","date_gmt":"2025-08-07T13:14:51","guid":{"rendered":"https:\/\/lucacastelli.com\/prodotto\/milwaukee-assortiment-de-base-pour-servante-170-pieces\/"},"modified":"2025-08-07T15:14:51","modified_gmt":"2025-08-07T13:14:51","slug":"milwaukee-assortiment-de-base-pour-servante-170-pieces","status":"publish","type":"product","link":"https:\/\/lucacastelli.com\/fr\/produit\/milwaukee-assortiment-de-base-pour-servante-170-pieces\/","title":{"rendered":"MILWAUKEE Assortiment de base pour servante &#8211; 170 pi\u00e8ces"},"content":{"rendered":"<p>Assortiment de base pour servante &#8211; 170 pi\u00e8ces<br \/>\nASSORTIMENT DE BASE THERMOFORM\u00c9 &#8211; 170 PC<br \/>\nMix id\u00e9al d&#8217;outils \u00e0 main innovants pour la maintenance et la r\u00e9paration, organis\u00e9s dans des inserts en mousse de haute qualit\u00e9 ; Cliquet \u00e0 90 dents avec 4 degr\u00e9s de reprise ; Cl\u00e9s mixtes MAX BITE\u2122 qui r\u00e9duisent l&#8217;usure et la casse ; Tournevis avec manche \u00e0 trois faces, optimis\u00e9s pour un confort maximal de l&#8217;utilisateur et des applications \u00e0 couple \u00e9lev\u00e9 ; Dimensions grav\u00e9es au laser pour une identification facile et rapide des dimensions et fond rouge pour identifier rapidement les outils manquants<\/p>\n<p>4932499473<br \/>\n4058546566371<\/p>\n","protected":false},"excerpt":{"rendered":"<p>ASSORTIMENT DE BASE THERMOFORM\u00c9 &#8211; 170 PC<\/p>\n","protected":false},"featured_media":592682,"template":"","meta":{"_seopress_robots_primary_cat":"","_seopress_titles_title":"","_seopress_titles_desc":"","_seopress_robots_index":""},"product_brand":[3407],"product_cat":[5416,33],"product_tag":[3270],"class_list":{"0":"post-832532","1":"product","2":"type-product","3":"status-publish","4":"has-post-thumbnail","6":"product_brand-milwaukee","7":"product_cat-utensili-per-officina","8":"product_cat-attrezzature","9":"product_tag-import-milwau","10":"sws-conto-ricavi-merci-rivendita-macchinari-fr","11":"sws-gruppo-iva-iva81-fr","13":"first","14":"onbackorder","15":"sale","16":"shipping-taxable","17":"purchasable","18":"product-type-simple"},"_links":{"self":[{"href":"https:\/\/lucacastelli.com\/fr\/wp-json\/wp\/v2\/product\/832532","targetHints":{"allow":["GET"]}}],"collection":[{"href":"https:\/\/lucacastelli.com\/fr\/wp-json\/wp\/v2\/product"}],"about":[{"href":"https:\/\/lucacastelli.com\/fr\/wp-json\/wp\/v2\/types\/product"}],"wp:featuredmedia":[{"embeddable":true,"href":"https:\/\/lucacastelli.com\/fr\/wp-json\/wp\/v2\/media\/592682"}],"wp:attachment":[{"href":"https:\/\/lucacastelli.com\/fr\/wp-json\/wp\/v2\/media?parent=832532"}],"wp:term":[{"taxonomy":"product_brand","embeddable":true,"href":"https:\/\/lucacastelli.com\/fr\/wp-json\/wp\/v2\/product_brand?post=832532"},{"taxonomy":"product_cat","embeddable":true,"href":"https:\/\/lucacastelli.com\/fr\/wp-json\/wp\/v2\/product_cat?post=832532"},{"taxonomy":"product_tag","embeddable":true,"href":"https:\/\/lucacastelli.com\/fr\/wp-json\/wp\/v2\/product_tag?post=832532"}],"curies":[{"name":"wp","href":"https:\/\/api.w.org\/{rel}","templated":true}]}}