{"id":832521,"date":"2025-08-07T15:20:19","date_gmt":"2025-08-07T13:20:19","guid":{"rendered":"https:\/\/lucacastelli.com\/prodotto\/milwaukee-papier-abrasif-standard-sans-trous-velcro\/"},"modified":"2025-08-07T15:20:19","modified_gmt":"2025-08-07T13:20:19","slug":"milwaukee-papier-abrasif-standard-sans-trous-velcro","status":"publish","type":"product","link":"https:\/\/lucacastelli.com\/fr\/produit\/milwaukee-papier-abrasif-standard-sans-trous-velcro\/","title":{"rendered":"MILWAUKEE Papier abrasif standard sans trous &#8211; velcro"},"content":{"rendered":"<p>Papier abrasif standard sans trous &#8211; velcro<br \/>\nDISQUE ABR STD 150 mm\/0 TROUS GR.40 &#8211; 50 pcs<br \/>\nPapier en oxyde d&#8217;aluminium robuste et r\u00e9sistant \u00e0 la d\u00e9chirure, pour applications sur bois et m\u00e9tal ; Bon enl\u00e8vement de mati\u00e8re et pr\u00e9paration de surface ; Adapt\u00e9 pour ROS 150 mm<\/p>\n<p>4932498927<br \/>\n4058546527969<\/p>\n","protected":false},"excerpt":{"rendered":"<p>DISQUE ABR STD 150 mm\/0 TROUS GR.40 &#8211; 50 pcs<\/p>\n","protected":false},"featured_media":592195,"template":"","meta":{"_seopress_robots_primary_cat":"","_seopress_titles_title":"","_seopress_titles_desc":"","_seopress_robots_index":""},"product_brand":[3407],"product_cat":[5416,33],"product_tag":[3270],"class_list":{"0":"post-832521","1":"product","2":"type-product","3":"status-publish","4":"has-post-thumbnail","6":"product_brand-milwaukee","7":"product_cat-utensili-per-officina","8":"product_cat-attrezzature","9":"product_tag-import-milwau","10":"sws-conto-ricavi-merci-rivendita-macchinari-fr","11":"sws-gruppo-iva-iva81-fr","13":"first","14":"onbackorder","15":"sale","16":"shipping-taxable","17":"purchasable","18":"product-type-simple"},"_links":{"self":[{"href":"https:\/\/lucacastelli.com\/fr\/wp-json\/wp\/v2\/product\/832521","targetHints":{"allow":["GET"]}}],"collection":[{"href":"https:\/\/lucacastelli.com\/fr\/wp-json\/wp\/v2\/product"}],"about":[{"href":"https:\/\/lucacastelli.com\/fr\/wp-json\/wp\/v2\/types\/product"}],"wp:featuredmedia":[{"embeddable":true,"href":"https:\/\/lucacastelli.com\/fr\/wp-json\/wp\/v2\/media\/592195"}],"wp:attachment":[{"href":"https:\/\/lucacastelli.com\/fr\/wp-json\/wp\/v2\/media?parent=832521"}],"wp:term":[{"taxonomy":"product_brand","embeddable":true,"href":"https:\/\/lucacastelli.com\/fr\/wp-json\/wp\/v2\/product_brand?post=832521"},{"taxonomy":"product_cat","embeddable":true,"href":"https:\/\/lucacastelli.com\/fr\/wp-json\/wp\/v2\/product_cat?post=832521"},{"taxonomy":"product_tag","embeddable":true,"href":"https:\/\/lucacastelli.com\/fr\/wp-json\/wp\/v2\/product_tag?post=832521"}],"curies":[{"name":"wp","href":"https:\/\/api.w.org\/{rel}","templated":true}]}}