{"id":832392,"date":"2025-08-07T12:31:56","date_gmt":"2025-08-07T10:31:56","guid":{"rendered":"https:\/\/lucacastelli.com\/prodotto\/milwaukee-accessoire-air-tip-9-kit-de-tire-fils-pour-gaines\/"},"modified":"2025-08-07T12:31:56","modified_gmt":"2025-08-07T10:31:56","slug":"milwaukee-accessoire-air-tip-9-kit-de-tire-fils-pour-gaines","status":"publish","type":"product","link":"https:\/\/lucacastelli.com\/fr\/produit\/milwaukee-accessoire-air-tip-9-kit-de-tire-fils-pour-gaines\/","title":{"rendered":"MILWAUKEE Accessoire AIR-TIP\u2122 9 &#8211; Kit de tire-fils pour gaines"},"content":{"rendered":"<p>Kit tire-fils pour gaines AIR-TIP<br \/>\nConception flexible en caoutchouc pour s&#8217;adapter aux petites bo\u00eetes de d\u00e9rivation et aux espaces restreints ; Les extr\u00e9mit\u00e9s \u00e9troites et le bouchon en forme de croix emp\u00eachent le tuyau d&#8217;\u00eatre aspir\u00e9 ; Joint conique en caoutchouc ; Compatible avec d&#8217;autres marques d&#8217;aspirateurs eau et poussi\u00e8re avec diam\u00e8tre de tuyau de 32 mm, 47,5 mm et 63,5 mm ; Fait partie de notre gamme d&#8217;accessoires d&#8217;aspiration AIR-TIP\u2122 pour usage professionnel<\/p>\n<p>4932498018<br \/>\n4058546511784<\/p>\n","protected":false},"excerpt":{"rendered":"<p>Kit tire-fils pour gaines AIR-TIP<\/p>\n","protected":false},"featured_media":565243,"template":"","meta":{"_seopress_robots_primary_cat":"","_seopress_titles_title":"","_seopress_titles_desc":"","_seopress_robots_index":""},"product_brand":[3407],"product_cat":[5416,33,537],"product_tag":[3270],"class_list":{"0":"post-832392","1":"product","2":"type-product","3":"status-publish","4":"has-post-thumbnail","6":"product_brand-milwaukee","7":"product_cat-utensili-per-officina","8":"product_cat-attrezzature","9":"product_cat-attrezzatura-da-lavoro","10":"product_tag-import-milwau","11":"sws-conto-ricavi-merci-rivendita-macchinari-fr","12":"sws-gruppo-iva-iva81-fr","14":"first","15":"onbackorder","16":"sale","17":"shipping-taxable","18":"purchasable","19":"product-type-simple"},"_links":{"self":[{"href":"https:\/\/lucacastelli.com\/fr\/wp-json\/wp\/v2\/product\/832392","targetHints":{"allow":["GET"]}}],"collection":[{"href":"https:\/\/lucacastelli.com\/fr\/wp-json\/wp\/v2\/product"}],"about":[{"href":"https:\/\/lucacastelli.com\/fr\/wp-json\/wp\/v2\/types\/product"}],"wp:featuredmedia":[{"embeddable":true,"href":"https:\/\/lucacastelli.com\/fr\/wp-json\/wp\/v2\/media\/565243"}],"wp:attachment":[{"href":"https:\/\/lucacastelli.com\/fr\/wp-json\/wp\/v2\/media?parent=832392"}],"wp:term":[{"taxonomy":"product_brand","embeddable":true,"href":"https:\/\/lucacastelli.com\/fr\/wp-json\/wp\/v2\/product_brand?post=832392"},{"taxonomy":"product_cat","embeddable":true,"href":"https:\/\/lucacastelli.com\/fr\/wp-json\/wp\/v2\/product_cat?post=832392"},{"taxonomy":"product_tag","embeddable":true,"href":"https:\/\/lucacastelli.com\/fr\/wp-json\/wp\/v2\/product_tag?post=832392"}],"curies":[{"name":"wp","href":"https:\/\/api.w.org\/{rel}","templated":true}]}}