{"id":832370,"date":"2025-08-07T11:53:23","date_gmt":"2025-08-07T09:53:23","guid":{"rendered":"https:\/\/lucacastelli.com\/prodotto\/milwaukee-douilles-a-choc-pour-chemins-de-fer\/"},"modified":"2025-08-07T11:53:23","modified_gmt":"2025-08-07T09:53:23","slug":"milwaukee-douilles-a-choc-pour-chemins-de-fer","status":"publish","type":"product","link":"https:\/\/lucacastelli.com\/fr\/produit\/milwaukee-douilles-a-choc-pour-chemins-de-fer\/","title":{"rendered":"MILWAUKEE Douilles \u00e0 choc pour CHEMINS DE FER"},"content":{"rendered":"<p>Douilles \u00e0 choc pour CHEMINS DE FER<br \/>\nDOUILLE \u00c0 CHOC 1&#8243; 21&#215;28 mm COURTE\/RECT.<br \/>\nL&#8217;acier SHOCKWAVE\u2122 IMPACT DUTY (chrome-molybd\u00e8ne) est un acier de haute qualit\u00e9 offrant une r\u00e9sistance et une durabilit\u00e9 optimales ; La conception sp\u00e9cifique permet de transf\u00e9rer le couple sur les faces de l&#8217;\u00e9crou et non sur les angles ; Marquages grav\u00e9s au laser pour une identification facile ; Ajustement parfait pour boulons standard<\/p>\n<p>4932499124<br \/>\n4058546529932<\/p>\n","protected":false},"excerpt":{"rendered":"<p>DOUILLE \u00c0 CHOC 1&#8243; 21&#215;28 mm COURTE\/RECT.<\/p>\n","protected":false},"featured_media":597725,"template":"","meta":{"_seopress_robots_primary_cat":"","_seopress_titles_title":"","_seopress_titles_desc":"","_seopress_robots_index":""},"product_brand":[3407],"product_cat":[29,514,549,550],"product_tag":[3270],"class_list":{"0":"post-832370","1":"product","2":"type-product","3":"status-publish","4":"has-post-thumbnail","6":"product_brand-milwaukee","7":"product_cat-macchinari","8":"product_cat-altri-dispositivi","9":"product_cat-trapani-e-avvitatori","10":"product_cat-accessori-per-trapani-ed-avvitatori","11":"product_tag-import-milwau","12":"sws-conto-ricavi-merci-rivendita-macchinari-fr","13":"sws-gruppo-iva-iva81-fr","15":"first","16":"onbackorder","17":"sale","18":"shipping-taxable","19":"purchasable","20":"product-type-simple"},"_links":{"self":[{"href":"https:\/\/lucacastelli.com\/fr\/wp-json\/wp\/v2\/product\/832370","targetHints":{"allow":["GET"]}}],"collection":[{"href":"https:\/\/lucacastelli.com\/fr\/wp-json\/wp\/v2\/product"}],"about":[{"href":"https:\/\/lucacastelli.com\/fr\/wp-json\/wp\/v2\/types\/product"}],"wp:featuredmedia":[{"embeddable":true,"href":"https:\/\/lucacastelli.com\/fr\/wp-json\/wp\/v2\/media\/597725"}],"wp:attachment":[{"href":"https:\/\/lucacastelli.com\/fr\/wp-json\/wp\/v2\/media?parent=832370"}],"wp:term":[{"taxonomy":"product_brand","embeddable":true,"href":"https:\/\/lucacastelli.com\/fr\/wp-json\/wp\/v2\/product_brand?post=832370"},{"taxonomy":"product_cat","embeddable":true,"href":"https:\/\/lucacastelli.com\/fr\/wp-json\/wp\/v2\/product_cat?post=832370"},{"taxonomy":"product_tag","embeddable":true,"href":"https:\/\/lucacastelli.com\/fr\/wp-json\/wp\/v2\/product_tag?post=832370"}],"curies":[{"name":"wp","href":"https:\/\/api.w.org\/{rel}","templated":true}]}}