{"id":832363,"date":"2025-08-07T12:19:47","date_gmt":"2025-08-07T10:19:47","guid":{"rendered":"https:\/\/lucacastelli.com\/prodotto\/milwaukee-crochets-4\/"},"modified":"2025-08-07T12:19:47","modified_gmt":"2025-08-07T10:19:47","slug":"milwaukee-crochets-4","status":"publish","type":"product","link":"https:\/\/lucacastelli.com\/fr\/produit\/milwaukee-crochets-4\/","title":{"rendered":"MILWAUKEE Crochets"},"content":{"rendered":"<p>CROCHET AVEC POINTE PLATE<br \/>\nFabriqu\u00e9 en m\u00e9tal r\u00e9sistant et chrom\u00e9 pour une meilleure protection contre la rouille ; La partie m\u00e9tallique chrom\u00e9e r\u00e9duit la corrosion et garantit une meilleure protection contre la rouille ; La poign\u00e9e caoutchout\u00e9e augmente le contr\u00f4le et le confort lors de l&#8217;application ; Fourni dans un conteneur facile \u00e0 ouvrir<\/p>\n<p>4932480570<br \/>\n4058546408558<\/p>\n","protected":false},"excerpt":{"rendered":"<p>CROCHET AVEC POINTE PLATE<\/p>\n","protected":false},"featured_media":552473,"template":"","meta":{"_seopress_robots_primary_cat":"","_seopress_titles_title":"","_seopress_titles_desc":"","_seopress_robots_index":""},"product_brand":[3407],"product_cat":[5416,33,537],"product_tag":[3270],"class_list":{"0":"post-832363","1":"product","2":"type-product","3":"status-publish","4":"has-post-thumbnail","6":"product_brand-milwaukee","7":"product_cat-utensili-per-officina","8":"product_cat-attrezzature","9":"product_cat-attrezzatura-da-lavoro","10":"product_tag-import-milwau","11":"sws-conto-ricavi-merci-rivendita-macchinari-fr","12":"sws-gruppo-iva-iva81-fr","14":"first","15":"onbackorder","16":"sale","17":"shipping-taxable","18":"purchasable","19":"product-type-simple"},"_links":{"self":[{"href":"https:\/\/lucacastelli.com\/fr\/wp-json\/wp\/v2\/product\/832363","targetHints":{"allow":["GET"]}}],"collection":[{"href":"https:\/\/lucacastelli.com\/fr\/wp-json\/wp\/v2\/product"}],"about":[{"href":"https:\/\/lucacastelli.com\/fr\/wp-json\/wp\/v2\/types\/product"}],"wp:featuredmedia":[{"embeddable":true,"href":"https:\/\/lucacastelli.com\/fr\/wp-json\/wp\/v2\/media\/552473"}],"wp:attachment":[{"href":"https:\/\/lucacastelli.com\/fr\/wp-json\/wp\/v2\/media?parent=832363"}],"wp:term":[{"taxonomy":"product_brand","embeddable":true,"href":"https:\/\/lucacastelli.com\/fr\/wp-json\/wp\/v2\/product_brand?post=832363"},{"taxonomy":"product_cat","embeddable":true,"href":"https:\/\/lucacastelli.com\/fr\/wp-json\/wp\/v2\/product_cat?post=832363"},{"taxonomy":"product_tag","embeddable":true,"href":"https:\/\/lucacastelli.com\/fr\/wp-json\/wp\/v2\/product_tag?post=832363"}],"curies":[{"name":"wp","href":"https:\/\/api.w.org\/{rel}","templated":true}]}}