{"id":832358,"date":"2025-08-07T12:31:54","date_gmt":"2025-08-07T10:31:54","guid":{"rendered":"https:\/\/lucacastelli.com\/prodotto\/milwaukee-accessoires-pour-cordons-antichute\/"},"modified":"2025-08-07T12:31:54","modified_gmt":"2025-08-07T10:31:54","slug":"milwaukee-accessoires-pour-cordons-antichute","status":"publish","type":"product","link":"https:\/\/lucacastelli.com\/fr\/produit\/milwaukee-accessoires-pour-cordons-antichute\/","title":{"rendered":"MILWAUKEE Accessoires pour cordons antichute"},"content":{"rendered":"<p>ANNEAUX DE 1-1\/2 1KG<br \/>\nAnneau de s\u00e9curit\u00e9 diam\u00e8tre 38 mm, cet accessoire est l&#8217;un des nombreux accessoires qui permettent de prot\u00e9ger tous les outils avec la protection antichute;Connexion simple et vari\u00e9e des outils les plus divers, connexion forte et s\u00fbre<\/p>\n<p>4932471433<br \/>\n4058546290610<\/p>\n","protected":false},"excerpt":{"rendered":"<p>ANNEAUX DE 1-1\/2 1KG<\/p>\n","protected":false},"featured_media":549507,"template":"","meta":{"_seopress_robots_primary_cat":"","_seopress_titles_title":"","_seopress_titles_desc":"","_seopress_robots_index":""},"product_brand":[3407],"product_cat":[5416,33,537],"product_tag":[3270],"class_list":{"0":"post-832358","1":"product","2":"type-product","3":"status-publish","4":"has-post-thumbnail","6":"product_brand-milwaukee","7":"product_cat-utensili-per-officina","8":"product_cat-attrezzature","9":"product_cat-attrezzatura-da-lavoro","10":"product_tag-import-milwau","11":"sws-conto-ricavi-merci-rivendita-macchinari-fr","12":"sws-gruppo-iva-iva81-fr","14":"first","15":"onbackorder","16":"sale","17":"shipping-taxable","18":"purchasable","19":"product-type-simple"},"_links":{"self":[{"href":"https:\/\/lucacastelli.com\/fr\/wp-json\/wp\/v2\/product\/832358","targetHints":{"allow":["GET"]}}],"collection":[{"href":"https:\/\/lucacastelli.com\/fr\/wp-json\/wp\/v2\/product"}],"about":[{"href":"https:\/\/lucacastelli.com\/fr\/wp-json\/wp\/v2\/types\/product"}],"wp:featuredmedia":[{"embeddable":true,"href":"https:\/\/lucacastelli.com\/fr\/wp-json\/wp\/v2\/media\/549507"}],"wp:attachment":[{"href":"https:\/\/lucacastelli.com\/fr\/wp-json\/wp\/v2\/media?parent=832358"}],"wp:term":[{"taxonomy":"product_brand","embeddable":true,"href":"https:\/\/lucacastelli.com\/fr\/wp-json\/wp\/v2\/product_brand?post=832358"},{"taxonomy":"product_cat","embeddable":true,"href":"https:\/\/lucacastelli.com\/fr\/wp-json\/wp\/v2\/product_cat?post=832358"},{"taxonomy":"product_tag","embeddable":true,"href":"https:\/\/lucacastelli.com\/fr\/wp-json\/wp\/v2\/product_tag?post=832358"}],"curies":[{"name":"wp","href":"https:\/\/api.w.org\/{rel}","templated":true}]}}