{"id":832315,"date":"2025-08-07T12:33:03","date_gmt":"2025-08-07T10:33:03","guid":{"rendered":"https:\/\/lucacastelli.com\/prodotto\/milwaukee-douilles-a-main-1-2%cb%9d-18\/"},"modified":"2025-08-07T12:33:03","modified_gmt":"2025-08-07T10:33:03","slug":"milwaukee-douilles-a-main-1-2%cb%9d-18","status":"publish","type":"product","link":"https:\/\/lucacastelli.com\/fr\/produit\/milwaukee-douilles-a-main-1-2%cb%9d-18\/","title":{"rendered":"MILWAUKEE Douilles \u00e0 main 1\/2\u02dd"},"content":{"rendered":"<p>Douille m\u00e9trique longue 1\/2\u02dd &#8211; 17 mm<br \/>\nLe design FOUR FLAT\u2122 emp\u00eache le roulement ; Prise maximale gr\u00e2ce au design FOUR FLAT\u2122 ; Diam\u00e8tres grav\u00e9s pour une identification facile ; Finition chrom\u00e9e<\/p>\n<p>4932480037<br \/>\n4058546376079<\/p>\n","protected":false},"excerpt":{"rendered":"<p>Douille m\u00e9trique longue 1\/2\u02dd &#8211; 17 mm<\/p>\n","protected":false},"featured_media":546007,"template":"","meta":{"_seopress_robots_primary_cat":"","_seopress_titles_title":"","_seopress_titles_desc":"","_seopress_robots_index":""},"product_brand":[3407],"product_cat":[5416,33,537],"product_tag":[3270],"class_list":{"0":"post-832315","1":"product","2":"type-product","3":"status-publish","4":"has-post-thumbnail","6":"product_brand-milwaukee","7":"product_cat-utensili-per-officina","8":"product_cat-attrezzature","9":"product_cat-attrezzatura-da-lavoro","10":"product_tag-import-milwau","11":"sws-conto-ricavi-merci-rivendita-macchinari-fr","12":"sws-gruppo-iva-iva81-fr","14":"first","15":"onbackorder","16":"sale","17":"shipping-taxable","18":"purchasable","19":"product-type-simple"},"_links":{"self":[{"href":"https:\/\/lucacastelli.com\/fr\/wp-json\/wp\/v2\/product\/832315","targetHints":{"allow":["GET"]}}],"collection":[{"href":"https:\/\/lucacastelli.com\/fr\/wp-json\/wp\/v2\/product"}],"about":[{"href":"https:\/\/lucacastelli.com\/fr\/wp-json\/wp\/v2\/types\/product"}],"wp:featuredmedia":[{"embeddable":true,"href":"https:\/\/lucacastelli.com\/fr\/wp-json\/wp\/v2\/media\/546007"}],"wp:attachment":[{"href":"https:\/\/lucacastelli.com\/fr\/wp-json\/wp\/v2\/media?parent=832315"}],"wp:term":[{"taxonomy":"product_brand","embeddable":true,"href":"https:\/\/lucacastelli.com\/fr\/wp-json\/wp\/v2\/product_brand?post=832315"},{"taxonomy":"product_cat","embeddable":true,"href":"https:\/\/lucacastelli.com\/fr\/wp-json\/wp\/v2\/product_cat?post=832315"},{"taxonomy":"product_tag","embeddable":true,"href":"https:\/\/lucacastelli.com\/fr\/wp-json\/wp\/v2\/product_tag?post=832315"}],"curies":[{"name":"wp","href":"https:\/\/api.w.org\/{rel}","templated":true}]}}