{"id":832286,"date":"2025-08-07T12:33:16","date_gmt":"2025-08-07T10:33:16","guid":{"rendered":"https:\/\/lucacastelli.com\/prodotto\/milwaukee-douilles-a-main-1-4%cb%9d-13\/"},"modified":"2025-08-07T12:33:16","modified_gmt":"2025-08-07T10:33:16","slug":"milwaukee-douilles-a-main-1-4%cb%9d-13","status":"publish","type":"product","link":"https:\/\/lucacastelli.com\/fr\/produit\/milwaukee-douilles-a-main-1-4%cb%9d-13\/","title":{"rendered":"MILWAUKEE Douilles \u00e0 main 1\/4\u02dd"},"content":{"rendered":"<p>DOUILLE MANUELLE 1\/4 5 mm &#8211; COURTE<br \/>\nDesign FOUR FLAT\u2122 emp\u00eache le roulement;Prise maximale gr\u00e2ce au design FOUR FLAT\u2122;Diam\u00e8tres imprim\u00e9s pour une identification facile;Finition chrom\u00e9e<\/p>\n<p>4932478312<br \/>\n4058546345037<\/p>\n","protected":false},"excerpt":{"rendered":"<p>DOUILLE MANUELLE 1\/4 5 mm &#8211; COURTE<\/p>\n","protected":false},"featured_media":550351,"template":"","meta":{"_seopress_robots_primary_cat":"","_seopress_titles_title":"","_seopress_titles_desc":"","_seopress_robots_index":""},"product_brand":[3658],"product_cat":[144,1397,5417],"product_tag":[3273],"class_list":{"0":"post-832286","1":"product","2":"type-product","3":"status-publish","4":"has-post-thumbnail","6":"product_brand-milwaukee-fr","7":"product_cat-equipement","8":"product_cat-equipement-de-travail","9":"product_cat-outils-pour-atelier","10":"product_tag-import-milwau-fr","11":"sws-conto-ricavi-merci-rivendita-macchinari-fr","12":"sws-gruppo-iva-iva81-fr","14":"first","15":"onbackorder","16":"sale","17":"shipping-taxable","18":"purchasable","19":"product-type-simple"},"_links":{"self":[{"href":"https:\/\/lucacastelli.com\/fr\/wp-json\/wp\/v2\/product\/832286","targetHints":{"allow":["GET"]}}],"collection":[{"href":"https:\/\/lucacastelli.com\/fr\/wp-json\/wp\/v2\/product"}],"about":[{"href":"https:\/\/lucacastelli.com\/fr\/wp-json\/wp\/v2\/types\/product"}],"wp:featuredmedia":[{"embeddable":true,"href":"https:\/\/lucacastelli.com\/fr\/wp-json\/wp\/v2\/media\/550351"}],"wp:attachment":[{"href":"https:\/\/lucacastelli.com\/fr\/wp-json\/wp\/v2\/media?parent=832286"}],"wp:term":[{"taxonomy":"product_brand","embeddable":true,"href":"https:\/\/lucacastelli.com\/fr\/wp-json\/wp\/v2\/product_brand?post=832286"},{"taxonomy":"product_cat","embeddable":true,"href":"https:\/\/lucacastelli.com\/fr\/wp-json\/wp\/v2\/product_cat?post=832286"},{"taxonomy":"product_tag","embeddable":true,"href":"https:\/\/lucacastelli.com\/fr\/wp-json\/wp\/v2\/product_tag?post=832286"}],"curies":[{"name":"wp","href":"https:\/\/api.w.org\/{rel}","templated":true}]}}