{"id":832236,"date":"2025-08-07T12:19:41","date_gmt":"2025-08-07T10:19:41","guid":{"rendered":"https:\/\/lucacastelli.com\/prodotto\/milwaukee-pince-coupante-diagonale-200-mm\/"},"modified":"2025-08-07T12:19:41","modified_gmt":"2025-08-07T10:19:41","slug":"milwaukee-pince-coupante-diagonale-200-mm","status":"publish","type":"product","link":"https:\/\/lucacastelli.com\/fr\/produit\/milwaukee-pince-coupante-diagonale-200-mm\/","title":{"rendered":"MILWAUKEE Pince coupante diagonale 200 mm"},"content":{"rendered":"<p>PINCE COUP. DIAG. 200 mm<br \/>\nExcellent levier pour un travail facile et sans effort ; Tranchants tremp\u00e9s par induction permettant la coupe de fils \u00e0 ras ; Bords de t\u00eate arrondis ; Design de t\u00eate non r\u00e9fl\u00e9chissant et r\u00e9sistance maximale \u00e0 la corrosion ; Poign\u00e9e bi-mati\u00e8re souple pour une prise en main confortable ; Le mat\u00e9riau \u00e0 l&#8217;extr\u00e9mit\u00e9 \u00e9vite de perdre la prise ; \u0152illet pour cordon antichute <\/p>\n<p>4932492464<br \/>\n4058546418311<\/p>\n","protected":false},"excerpt":{"rendered":"<p>PINCE COUP. DIAG. 200 mm <\/p>\n","protected":false},"featured_media":556660,"template":"","meta":{"_seopress_robots_primary_cat":"","_seopress_titles_title":"","_seopress_titles_desc":"","_seopress_robots_index":""},"product_brand":[3407],"product_cat":[5416,33,537],"product_tag":[3270],"class_list":{"0":"post-832236","1":"product","2":"type-product","3":"status-publish","4":"has-post-thumbnail","6":"product_brand-milwaukee","7":"product_cat-utensili-per-officina","8":"product_cat-attrezzature","9":"product_cat-attrezzatura-da-lavoro","10":"product_tag-import-milwau","11":"sws-conto-ricavi-merci-rivendita-macchinari-fr","12":"sws-gruppo-iva-iva81-fr","14":"first","15":"onbackorder","16":"sale","17":"shipping-taxable","18":"purchasable","19":"product-type-simple"},"_links":{"self":[{"href":"https:\/\/lucacastelli.com\/fr\/wp-json\/wp\/v2\/product\/832236","targetHints":{"allow":["GET"]}}],"collection":[{"href":"https:\/\/lucacastelli.com\/fr\/wp-json\/wp\/v2\/product"}],"about":[{"href":"https:\/\/lucacastelli.com\/fr\/wp-json\/wp\/v2\/types\/product"}],"wp:featuredmedia":[{"embeddable":true,"href":"https:\/\/lucacastelli.com\/fr\/wp-json\/wp\/v2\/media\/556660"}],"wp:attachment":[{"href":"https:\/\/lucacastelli.com\/fr\/wp-json\/wp\/v2\/media?parent=832236"}],"wp:term":[{"taxonomy":"product_brand","embeddable":true,"href":"https:\/\/lucacastelli.com\/fr\/wp-json\/wp\/v2\/product_brand?post=832236"},{"taxonomy":"product_cat","embeddable":true,"href":"https:\/\/lucacastelli.com\/fr\/wp-json\/wp\/v2\/product_cat?post=832236"},{"taxonomy":"product_tag","embeddable":true,"href":"https:\/\/lucacastelli.com\/fr\/wp-json\/wp\/v2\/product_tag?post=832236"}],"curies":[{"name":"wp","href":"https:\/\/api.w.org\/{rel}","templated":true}]}}