{"id":832227,"date":"2025-08-07T12:19:46","date_gmt":"2025-08-07T10:19:46","guid":{"rendered":"https:\/\/lucacastelli.com\/prodotto\/milwaukee-crochets-2\/"},"modified":"2025-08-07T12:19:46","modified_gmt":"2025-08-07T10:19:46","slug":"milwaukee-crochets-2","status":"publish","type":"product","link":"https:\/\/lucacastelli.com\/fr\/produit\/milwaukee-crochets-2\/","title":{"rendered":"MILWAUKEE Crochets"},"content":{"rendered":"<p>CROCHET \u00c0 POINTE COURB\u00c9E<br \/>\nFabriqu\u00e9 en m\u00e9tal r\u00e9sistant et chrom\u00e9 pour une meilleure protection contre la rouille ; La partie m\u00e9tallique chrom\u00e9e r\u00e9duit la corrosion et garantit une meilleure protection contre la rouille ; La poign\u00e9e gomm\u00e9e augmente le contr\u00f4le et le confort lors de l\u2019utilisation ; Livr\u00e9 dans un emballage facile \u00e0 ouvrir<\/p>\n<p>4932480571<br \/>\n4058546408565<\/p>\n","protected":false},"excerpt":{"rendered":"<p>CROCHET \u00c0 POINTE COURB\u00c9E<\/p>\n","protected":false},"featured_media":552490,"template":"","meta":{"_seopress_robots_primary_cat":"","_seopress_titles_title":"","_seopress_titles_desc":"","_seopress_robots_index":""},"product_brand":[3407],"product_cat":[5416,33,537],"product_tag":[3270],"class_list":{"0":"post-832227","1":"product","2":"type-product","3":"status-publish","4":"has-post-thumbnail","6":"product_brand-milwaukee","7":"product_cat-utensili-per-officina","8":"product_cat-attrezzature","9":"product_cat-attrezzatura-da-lavoro","10":"product_tag-import-milwau","11":"sws-conto-ricavi-merci-rivendita-macchinari-fr","12":"sws-gruppo-iva-iva81-fr","14":"first","15":"onbackorder","16":"sale","17":"shipping-taxable","18":"purchasable","19":"product-type-simple"},"_links":{"self":[{"href":"https:\/\/lucacastelli.com\/fr\/wp-json\/wp\/v2\/product\/832227","targetHints":{"allow":["GET"]}}],"collection":[{"href":"https:\/\/lucacastelli.com\/fr\/wp-json\/wp\/v2\/product"}],"about":[{"href":"https:\/\/lucacastelli.com\/fr\/wp-json\/wp\/v2\/types\/product"}],"wp:featuredmedia":[{"embeddable":true,"href":"https:\/\/lucacastelli.com\/fr\/wp-json\/wp\/v2\/media\/552490"}],"wp:attachment":[{"href":"https:\/\/lucacastelli.com\/fr\/wp-json\/wp\/v2\/media?parent=832227"}],"wp:term":[{"taxonomy":"product_brand","embeddable":true,"href":"https:\/\/lucacastelli.com\/fr\/wp-json\/wp\/v2\/product_brand?post=832227"},{"taxonomy":"product_cat","embeddable":true,"href":"https:\/\/lucacastelli.com\/fr\/wp-json\/wp\/v2\/product_cat?post=832227"},{"taxonomy":"product_tag","embeddable":true,"href":"https:\/\/lucacastelli.com\/fr\/wp-json\/wp\/v2\/product_tag?post=832227"}],"curies":[{"name":"wp","href":"https:\/\/api.w.org\/{rel}","templated":true}]}}