{"id":832213,"date":"2025-08-07T12:31:53","date_gmt":"2025-08-07T10:31:53","guid":{"rendered":"https:\/\/lucacastelli.com\/prodotto\/milwaukee-accessoires-pour-longes-antichute-3\/"},"modified":"2025-08-07T12:31:53","modified_gmt":"2025-08-07T10:31:53","slug":"milwaukee-accessoires-pour-longes-antichute-3","status":"publish","type":"product","link":"https:\/\/lucacastelli.com\/fr\/produit\/milwaukee-accessoires-pour-longes-antichute-3\/","title":{"rendered":"MILWAUKEE Accessoires pour longes antichute"},"content":{"rendered":"<p>LONGE AVEC ANNEAU EN D 2,25 KG<br \/>\nPolyvalence \u00e9lev\u00e9e &#8211; possibilit\u00e9 d&#8217;ajouter des accessoires pour connecter des outils ; Syst\u00e8me de connexion facile et polyvalent pour tous types d&#8217;outils ; Fixation solide et s\u00fbre ; Performances adapt\u00e9es aux conditions difficiles du chantier<\/p>\n<p>4932471431<br \/>\n4058546290597<\/p>\n","protected":false},"excerpt":{"rendered":"<p>LONGE AVEC ANNEAU EN D 2,25 KG<\/p>\n","protected":false},"featured_media":536690,"template":"","meta":{"_seopress_robots_primary_cat":"","_seopress_titles_title":"","_seopress_titles_desc":"","_seopress_robots_index":""},"product_brand":[3407],"product_cat":[5416,33,537],"product_tag":[3270],"class_list":{"0":"post-832213","1":"product","2":"type-product","3":"status-publish","4":"has-post-thumbnail","6":"product_brand-milwaukee","7":"product_cat-utensili-per-officina","8":"product_cat-attrezzature","9":"product_cat-attrezzatura-da-lavoro","10":"product_tag-import-milwau","11":"sws-conto-ricavi-merci-rivendita-macchinari-fr","12":"sws-gruppo-iva-iva81-fr","14":"first","15":"onbackorder","16":"sale","17":"shipping-taxable","18":"purchasable","19":"product-type-simple"},"_links":{"self":[{"href":"https:\/\/lucacastelli.com\/fr\/wp-json\/wp\/v2\/product\/832213","targetHints":{"allow":["GET"]}}],"collection":[{"href":"https:\/\/lucacastelli.com\/fr\/wp-json\/wp\/v2\/product"}],"about":[{"href":"https:\/\/lucacastelli.com\/fr\/wp-json\/wp\/v2\/types\/product"}],"wp:featuredmedia":[{"embeddable":true,"href":"https:\/\/lucacastelli.com\/fr\/wp-json\/wp\/v2\/media\/536690"}],"wp:attachment":[{"href":"https:\/\/lucacastelli.com\/fr\/wp-json\/wp\/v2\/media?parent=832213"}],"wp:term":[{"taxonomy":"product_brand","embeddable":true,"href":"https:\/\/lucacastelli.com\/fr\/wp-json\/wp\/v2\/product_brand?post=832213"},{"taxonomy":"product_cat","embeddable":true,"href":"https:\/\/lucacastelli.com\/fr\/wp-json\/wp\/v2\/product_cat?post=832213"},{"taxonomy":"product_tag","embeddable":true,"href":"https:\/\/lucacastelli.com\/fr\/wp-json\/wp\/v2\/product_tag?post=832213"}],"curies":[{"name":"wp","href":"https:\/\/api.w.org\/{rel}","templated":true}]}}