{"id":832198,"date":"2025-08-07T12:31:57","date_gmt":"2025-08-07T10:31:57","guid":{"rendered":"https:\/\/lucacastelli.com\/prodotto\/milwaukee-aiguiseur-de-couteaux-compact\/"},"modified":"2025-08-07T12:31:57","modified_gmt":"2025-08-07T10:31:57","slug":"milwaukee-aiguiseur-de-couteaux-compact","status":"publish","type":"product","link":"https:\/\/lucacastelli.com\/fr\/produit\/milwaukee-aiguiseur-de-couteaux-compact\/","title":{"rendered":"MILWAUKEE Aiguiseur de couteaux compact"},"content":{"rendered":"<p>AIGUISEUR DE COUTEAUX<br \/>\nTrois styles d\u2019aff\u00fbtage diff\u00e9rents : \u00ab grossier \u00bb, \u00ab fin \u00bb et pour lames dentel\u00e9es ; Trou pour le doigt, pour une prise ferme lors de l\u2019utilisation ; Aimant pour un rangement facile ; S\u00e9rigraphie \u00e0 haut contraste sur le devant et \u00e0 l\u2019arri\u00e8re pour une identification facile de l\u2019application ; Polyvalent, pour une utilisation sur couteaux et ciseaux ; Trou pour lani\u00e8re de s\u00e9curit\u00e9.<\/p>\n<p>4932478562<br \/>\n4058546347550<\/p>\n","protected":false},"excerpt":{"rendered":"<p>AIGUISEUR DE COUTEAUX<\/p>\n","protected":false},"featured_media":541189,"template":"","meta":{"_seopress_robots_primary_cat":"","_seopress_titles_title":"","_seopress_titles_desc":"","_seopress_robots_index":""},"product_brand":[3407],"product_cat":[5416,33,537],"product_tag":[3270],"class_list":{"0":"post-832198","1":"product","2":"type-product","3":"status-publish","4":"has-post-thumbnail","6":"product_brand-milwaukee","7":"product_cat-utensili-per-officina","8":"product_cat-attrezzature","9":"product_cat-attrezzatura-da-lavoro","10":"product_tag-import-milwau","11":"sws-conto-ricavi-merci-rivendita-macchinari-fr","12":"sws-gruppo-iva-iva81-fr","14":"first","15":"onbackorder","16":"sale","17":"shipping-taxable","18":"purchasable","19":"product-type-simple"},"_links":{"self":[{"href":"https:\/\/lucacastelli.com\/fr\/wp-json\/wp\/v2\/product\/832198","targetHints":{"allow":["GET"]}}],"collection":[{"href":"https:\/\/lucacastelli.com\/fr\/wp-json\/wp\/v2\/product"}],"about":[{"href":"https:\/\/lucacastelli.com\/fr\/wp-json\/wp\/v2\/types\/product"}],"wp:featuredmedia":[{"embeddable":true,"href":"https:\/\/lucacastelli.com\/fr\/wp-json\/wp\/v2\/media\/541189"}],"wp:attachment":[{"href":"https:\/\/lucacastelli.com\/fr\/wp-json\/wp\/v2\/media?parent=832198"}],"wp:term":[{"taxonomy":"product_brand","embeddable":true,"href":"https:\/\/lucacastelli.com\/fr\/wp-json\/wp\/v2\/product_brand?post=832198"},{"taxonomy":"product_cat","embeddable":true,"href":"https:\/\/lucacastelli.com\/fr\/wp-json\/wp\/v2\/product_cat?post=832198"},{"taxonomy":"product_tag","embeddable":true,"href":"https:\/\/lucacastelli.com\/fr\/wp-json\/wp\/v2\/product_tag?post=832198"}],"curies":[{"name":"wp","href":"https:\/\/api.w.org\/{rel}","templated":true}]}}