{"id":832195,"date":"2025-08-07T12:32:02","date_gmt":"2025-08-07T10:32:02","guid":{"rendered":"https:\/\/lucacastelli.com\/prodotto\/milwaukee-douille-pour-bougies-3-8-metrique-magn-208-mm\/"},"modified":"2025-08-07T12:32:02","modified_gmt":"2025-08-07T10:32:02","slug":"milwaukee-douille-pour-bougies-3-8-metrique-magn-208-mm","status":"publish","type":"product","link":"https:\/\/lucacastelli.com\/fr\/produit\/milwaukee-douille-pour-bougies-3-8-metrique-magn-208-mm\/","title":{"rendered":"MILWAUKEE DOUILLE POUR BOUGIES 3\/8&#8243; M\u00c9TRIQUE MAGN 20,8 mm"},"content":{"rendered":"<p>DOUILLE POUR BOUGIES 3\/8&#8243; M\u00c9TRIQUE MAGN 20,8 mm<br \/>\nLa douille magn\u00e9tique ou en caoutchouc pr\u00e9vient l\u2019usure et permet une prise s\u00fbre ; Dimensions grav\u00e9es pour une identification facile et rapide ; Zone molet\u00e9e pour une meilleure prise en main ; Le trou permet de fixer la douille<\/p>\n<p>4932480678<br \/>\n4058546409630<\/p>\n","protected":false},"excerpt":{"rendered":"<p>DOUILLE POUR BOUGIES 3\/8&#8243; M\u00c9TRIQUE MAGN 20,8 mm<\/p>\n","protected":false},"featured_media":553443,"template":"","meta":{"_seopress_robots_primary_cat":"","_seopress_titles_title":"","_seopress_titles_desc":"","_seopress_robots_index":""},"product_brand":[3658],"product_cat":[5417,144,1397],"product_tag":[3273],"class_list":{"0":"post-832195","1":"product","2":"type-product","3":"status-publish","4":"has-post-thumbnail","6":"product_brand-milwaukee-fr","7":"product_cat-outils-pour-atelier","8":"product_cat-equipement","9":"product_cat-equipement-de-travail","10":"product_tag-import-milwau-fr","11":"sws-conto-ricavi-merci-rivendita-macchinari-fr","12":"sws-gruppo-iva-iva81-fr","14":"first","15":"onbackorder","16":"sale","17":"shipping-taxable","18":"purchasable","19":"product-type-simple"},"_links":{"self":[{"href":"https:\/\/lucacastelli.com\/fr\/wp-json\/wp\/v2\/product\/832195","targetHints":{"allow":["GET"]}}],"collection":[{"href":"https:\/\/lucacastelli.com\/fr\/wp-json\/wp\/v2\/product"}],"about":[{"href":"https:\/\/lucacastelli.com\/fr\/wp-json\/wp\/v2\/types\/product"}],"wp:featuredmedia":[{"embeddable":true,"href":"https:\/\/lucacastelli.com\/fr\/wp-json\/wp\/v2\/media\/553443"}],"wp:attachment":[{"href":"https:\/\/lucacastelli.com\/fr\/wp-json\/wp\/v2\/media?parent=832195"}],"wp:term":[{"taxonomy":"product_brand","embeddable":true,"href":"https:\/\/lucacastelli.com\/fr\/wp-json\/wp\/v2\/product_brand?post=832195"},{"taxonomy":"product_cat","embeddable":true,"href":"https:\/\/lucacastelli.com\/fr\/wp-json\/wp\/v2\/product_cat?post=832195"},{"taxonomy":"product_tag","embeddable":true,"href":"https:\/\/lucacastelli.com\/fr\/wp-json\/wp\/v2\/product_tag?post=832195"}],"curies":[{"name":"wp","href":"https:\/\/api.w.org\/{rel}","templated":true}]}}