{"id":832194,"date":"2025-08-07T12:32:03","date_gmt":"2025-08-07T10:32:03","guid":{"rendered":"https:\/\/lucacastelli.com\/prodotto\/milwaukee-douille-porte-embouts-1-4%cb%9d-carre\/"},"modified":"2025-08-07T12:32:03","modified_gmt":"2025-08-07T10:32:03","slug":"milwaukee-douille-porte-embouts-1-4%cb%9d-carre","status":"publish","type":"product","link":"https:\/\/lucacastelli.com\/fr\/produit\/milwaukee-douille-porte-embouts-1-4%cb%9d-carre\/","title":{"rendered":"MILWAUKEE Douille porte-embouts 1\/4\u02dd carr\u00e9"},"content":{"rendered":"<p>DOUILLE PORTE-EMBOUTS 1\/4 C &#8211; 1\/4 HEX<br \/>\nCollier \u00e0 ressort pour maintenir fermement l&#8217;embout ; Finition chrom\u00e9e pour une meilleure protection contre la rouille ; R\u00e9ception d&#8217;embouts hexagonaux de 1\/4 pouce pour travailler avec les dimensions d&#8217;embouts les plus courantes<\/p>\n<p>4932493961<br \/>\n4058546511210<\/p>\n","protected":false},"excerpt":{"rendered":"<p>DOUILLE PORTE-EMBOUTS 1\/4 C &#8211; 1\/4 HEX<\/p>\n","protected":false},"featured_media":564721,"template":"","meta":{"_seopress_robots_primary_cat":"","_seopress_titles_title":"","_seopress_titles_desc":"","_seopress_robots_index":""},"product_brand":[3407],"product_cat":[5416,33,537],"product_tag":[3270],"class_list":{"0":"post-832194","1":"product","2":"type-product","3":"status-publish","4":"has-post-thumbnail","6":"product_brand-milwaukee","7":"product_cat-utensili-per-officina","8":"product_cat-attrezzature","9":"product_cat-attrezzatura-da-lavoro","10":"product_tag-import-milwau","11":"sws-conto-ricavi-merci-rivendita-macchinari-fr","12":"sws-gruppo-iva-iva81-fr","14":"first","15":"onbackorder","16":"sale","17":"shipping-taxable","18":"purchasable","19":"product-type-simple"},"_links":{"self":[{"href":"https:\/\/lucacastelli.com\/fr\/wp-json\/wp\/v2\/product\/832194","targetHints":{"allow":["GET"]}}],"collection":[{"href":"https:\/\/lucacastelli.com\/fr\/wp-json\/wp\/v2\/product"}],"about":[{"href":"https:\/\/lucacastelli.com\/fr\/wp-json\/wp\/v2\/types\/product"}],"wp:featuredmedia":[{"embeddable":true,"href":"https:\/\/lucacastelli.com\/fr\/wp-json\/wp\/v2\/media\/564721"}],"wp:attachment":[{"href":"https:\/\/lucacastelli.com\/fr\/wp-json\/wp\/v2\/media?parent=832194"}],"wp:term":[{"taxonomy":"product_brand","embeddable":true,"href":"https:\/\/lucacastelli.com\/fr\/wp-json\/wp\/v2\/product_brand?post=832194"},{"taxonomy":"product_cat","embeddable":true,"href":"https:\/\/lucacastelli.com\/fr\/wp-json\/wp\/v2\/product_cat?post=832194"},{"taxonomy":"product_tag","embeddable":true,"href":"https:\/\/lucacastelli.com\/fr\/wp-json\/wp\/v2\/product_tag?post=832194"}],"curies":[{"name":"wp","href":"https:\/\/api.w.org\/{rel}","templated":true}]}}