{"id":832164,"date":"2025-08-07T15:29:49","date_gmt":"2025-08-07T13:29:49","guid":{"rendered":"https:\/\/lucacastelli.com\/prodotto\/chariot-milwaukee\/"},"modified":"2025-08-07T15:29:49","modified_gmt":"2025-08-07T13:29:49","slug":"chariot-milwaukee","status":"publish","type":"product","link":"https:\/\/lucacastelli.com\/fr\/produit\/chariot-milwaukee\/","title":{"rendered":"Chariot MILWAUKEE"},"content":{"rendered":"<p>CHARIOT \u00c0 TIROIRS PACKOUT<br \/>\nAcc\u00e8s rapide aux outils sans devoir d\u00e9monter la tour PACKOUT\u2122 ; Construit avec un polym\u00e8re qui augmente la r\u00e9sistance aux chocs sur le chantier ; Capacit\u00e9 de charge de 113 kg ; Capacit\u00e9 de charge interne de 68 kg ; Angles renforc\u00e9s en m\u00e9tal ; Roues de 228 mm ; S\u00e9parateurs et compartiments internes pour ranger les objets ; Pr\u00e9disposition au montage d&#8217;accessoires sur les c\u00f4t\u00e9s ; Partie int\u00e9grante du syst\u00e8me PACKOUT\u2122<\/p>\n<p>4932498651<br \/>\n4058546525200<\/p>\n","protected":false},"excerpt":{"rendered":"<p>CHARIOT \u00c0 TIROIRS PACKOUT<\/p>\n","protected":false},"featured_media":589409,"template":"","meta":{"_seopress_robots_primary_cat":"","_seopress_titles_title":"","_seopress_titles_desc":"","_seopress_robots_index":""},"product_brand":[3407],"product_cat":[5416,33],"product_tag":[3270],"class_list":{"0":"post-832164","1":"product","2":"type-product","3":"status-publish","4":"has-post-thumbnail","6":"product_brand-milwaukee","7":"product_cat-utensili-per-officina","8":"product_cat-attrezzature","9":"product_tag-import-milwau","10":"sws-conto-ricavi-merci-rivendita-macchinari-fr","11":"sws-gruppo-iva-iva81-fr","13":"first","14":"onbackorder","15":"sale","16":"shipping-taxable","17":"purchasable","18":"product-type-simple"},"_links":{"self":[{"href":"https:\/\/lucacastelli.com\/fr\/wp-json\/wp\/v2\/product\/832164","targetHints":{"allow":["GET"]}}],"collection":[{"href":"https:\/\/lucacastelli.com\/fr\/wp-json\/wp\/v2\/product"}],"about":[{"href":"https:\/\/lucacastelli.com\/fr\/wp-json\/wp\/v2\/types\/product"}],"wp:featuredmedia":[{"embeddable":true,"href":"https:\/\/lucacastelli.com\/fr\/wp-json\/wp\/v2\/media\/589409"}],"wp:attachment":[{"href":"https:\/\/lucacastelli.com\/fr\/wp-json\/wp\/v2\/media?parent=832164"}],"wp:term":[{"taxonomy":"product_brand","embeddable":true,"href":"https:\/\/lucacastelli.com\/fr\/wp-json\/wp\/v2\/product_brand?post=832164"},{"taxonomy":"product_cat","embeddable":true,"href":"https:\/\/lucacastelli.com\/fr\/wp-json\/wp\/v2\/product_cat?post=832164"},{"taxonomy":"product_tag","embeddable":true,"href":"https:\/\/lucacastelli.com\/fr\/wp-json\/wp\/v2\/product_tag?post=832164"}],"curies":[{"name":"wp","href":"https:\/\/api.w.org\/{rel}","templated":true}]}}